{"id":462,"date":"2015-09-14T10:15:14","date_gmt":"2015-09-14T08:15:14","guid":{"rendered":"http:\/\/stiff2015.stiff.es\/es\/links\/"},"modified":"2017-08-10T09:41:36","modified_gmt":"2017-08-10T07:41:36","slug":"enlaces","status":"publish","type":"page","link":"https:\/\/www.stiff.es\/es\/enlaces\/","title":{"rendered":"Enlaces"},"content":{"rendered":"<div class=\"fusion-fullwidth fullwidth-box fusion-builder-row-1 hundred-percent-fullwidth non-hundred-percent-height-scrolling\" style=\"--awb-border-radius-top-left:0px;--awb-border-radius-top-right:0px;--awb-border-radius-bottom-right:0px;--awb-border-radius-bottom-left:0px;--awb-overflow:visible;--awb-flex-wrap:wrap;\" ><div class=\"fusion-builder-row fusion-row\"><div class=\"fusion-layout-column fusion_builder_column fusion-builder-column-0 fusion_builder_column_1_1 1_1 fusion-one-full fusion-column-first fusion-column-last fusion-column-no-min-height\" style=\"--awb-bg-size:cover;--awb-margin-bottom:0px;\"><div class=\"fusion-column-wrapper fusion-flex-column-wrapper-legacy\"><style type='text\/css'>.reading-box-container-1 .element-bottomshadow:before,.reading-box-container-1 .element-bottomshadow:after{opacity:0.5;}<\/style><div class=\"fusion-reading-box-container reading-box-container-1\" style=\"--awb-title-color:#333333;--awb-margin-top:0px;--awb-margin-bottom:30px;\"><div class=\"reading-box element-bottomshadow\" style=\"background-color:#f6f6f6;border-width:3px;border-color:#f6f6f6;border-top-width:3px;border-top-color:var(--primary_color);border-style:solid;\"><div class=\"reading-box-additional\">\nInmobiliaria en costa suroeste de Mallorca:<br \/>\n<a href=\"http:\/\/www.private-residences.net\" target=\"_blank\">www.private-residences.net <i class=\"fa fa-external-link\"><\/i><\/a><\/div><div class=\"fusion-clearfix\"><\/div><\/div><\/div>\n<div class=\"fusion-clearfix\"><\/div><\/div><\/div><div class=\"fusion-layout-column fusion_builder_column fusion-builder-column-1 fusion_builder_column_1_1 1_1 fusion-one-full fusion-column-first fusion-column-last fusion-column-no-min-height\" style=\"--awb-bg-size:cover;--awb-margin-bottom:0px;\"><div class=\"fusion-column-wrapper fusion-flex-column-wrapper-legacy\"><style type='text\/css'>.reading-box-container-2 .element-bottomshadow:before,.reading-box-container-2 .element-bottomshadow:after{opacity:0.5;}<\/style><div class=\"fusion-reading-box-container reading-box-container-2\" style=\"--awb-title-color:#333333;--awb-margin-top:0px;--awb-margin-bottom:30px;\"><div class=\"reading-box element-bottomshadow\" style=\"background-color:#f6f6f6;border-width:3px;border-color:#f6f6f6;border-top-width:3px;border-top-color:var(--primary_color);border-style:solid;\"><div class=\"reading-box-additional\">\nInmobiliaria en costa sur de Mallorca &#8211; Santa Ponsa y Costa de la Calma:<br \/>\n<a href=\"http:\/\/www.crsbaleares.com\" target=\"_blank\">www.crsbaleares.com <i class=\"fa fa-external-link\"><\/i><\/a><\/div><div class=\"fusion-clearfix\"><\/div><\/div><\/div>\n<div class=\"fusion-clearfix\"><\/div><\/div><\/div><div class=\"fusion-layout-column fusion_builder_column fusion-builder-column-2 fusion_builder_column_1_1 1_1 fusion-one-full fusion-column-first fusion-column-last fusion-column-no-min-height\" style=\"--awb-bg-size:cover;--awb-margin-bottom:0px;\"><div class=\"fusion-column-wrapper fusion-flex-column-wrapper-legacy\"><style type='text\/css'>.reading-box-container-3 .element-bottomshadow:before,.reading-box-container-3 .element-bottomshadow:after{opacity:0.5;}<\/style><div class=\"fusion-reading-box-container reading-box-container-3\" style=\"--awb-title-color:#333333;--awb-margin-top:0px;--awb-margin-bottom:30px;\"><div class=\"reading-box element-bottomshadow\" style=\"background-color:#f6f6f6;border-width:3px;border-color:#f6f6f6;border-top-width:3px;border-top-color:var(--primary_color);border-style:solid;\"><div class=\"reading-box-additional\">\nSi necesita un traductor fiable para sus traducciones de alem\u00e1n y espa\u00f1ol, dir\u00edjase a Ram\u00f3n L\u00f3pez:<br \/>\nwww.ralogo.de und www.ralogo.com<br \/>\n<a href=\"http:\/\/www.ralogo.de\" target=\"_blank\">www.ralogo.de <i class=\"fa fa-external-link\"><\/i><\/a> \/ <a href=\"http:\/\/www.ralogo.com\" target=\"_blank\">www.ralogo.com <i class=\"fa fa-external-link\"><\/i><\/a><\/div><div class=\"fusion-clearfix\"><\/div><\/div><\/div>\n<div class=\"fusion-clearfix\"><\/div><\/div><\/div><div class=\"fusion-layout-column fusion_builder_column fusion-builder-column-3 fusion_builder_column_1_1 1_1 fusion-one-full fusion-column-first fusion-column-last fusion-column-no-min-height\" style=\"--awb-bg-size:cover;--awb-margin-bottom:0px;\"><div class=\"fusion-column-wrapper fusion-flex-column-wrapper-legacy\"><style type='text\/css'>.reading-box-container-4 .element-bottomshadow:before,.reading-box-container-4 .element-bottomshadow:after{opacity:0.5;}<\/style><div class=\"fusion-reading-box-container reading-box-container-4\" style=\"--awb-title-color:#333333;--awb-margin-top:0px;--awb-margin-bottom:30px;\"><div class=\"reading-box element-bottomshadow\" style=\"background-color:#f6f6f6;border-width:3px;border-color:#f6f6f6;border-top-width:3px;border-top-color:var(--primary_color);border-style:solid;\"><div class=\"reading-box-additional\">\nWenn Sie einen guten Makler auf Teneriffa suchen, wenden Sie sich an Michael Schmidtal:<br \/>\n<a href=\"http:\/\/www.stadler-teneriffa.de\" target=\"_blank\">www.stadler-teneriffa.de <i class=\"fa fa-external-link\"><\/i><\/a><\/div><div class=\"fusion-clearfix\"><\/div><\/div><\/div>\n<div class=\"fusion-clearfix\"><\/div><\/div><\/div><div class=\"fusion-layout-column fusion_builder_column fusion-builder-column-4 fusion_builder_column_1_1 1_1 fusion-one-full fusion-column-first fusion-column-last fusion-column-no-min-height\" style=\"--awb-bg-size:cover;--awb-margin-bottom:0px;\"><div class=\"fusion-column-wrapper fusion-flex-column-wrapper-legacy\"><style type='text\/css'>.reading-box-container-5 .element-bottomshadow:before,.reading-box-container-5 .element-bottomshadow:after{opacity:0.5;}<\/style><div class=\"fusion-reading-box-container reading-box-container-5\" style=\"--awb-title-color:#333333;--awb-margin-top:0px;--awb-margin-bottom:30px;\"><div class=\"reading-box element-bottomshadow\" style=\"background-color:#f6f6f6;border-width:3px;border-color:#f6f6f6;border-top-width:3px;border-top-color:var(--primary_color);border-style:solid;\"><div class=\"reading-box-additional\">\nDerecho naval y mar\u00edtimo &#8211; Leon von Ondarza:<br \/>\n<a href=\"http:\/\/www.ondarza-abogados.com\/\" target=\"_blank\">www.ondarza-abogados.com <i class=\"fa fa-external-link\"><\/i><\/a><\/div><div class=\"fusion-clearfix\"><\/div><\/div><\/div><div class=\"fusion-clearfix\"><\/div><\/div><\/div><\/div><\/div>\n","protected":false},"excerpt":{"rendered":"","protected":false},"author":3,"featured_media":0,"parent":0,"menu_order":0,"comment_status":"closed","ping_status":"closed","template":"","meta":{"footnotes":""},"class_list":["post-462","page","type-page","status-publish","hentry"],"yoast_head":"<!-- This site is optimized with the Yoast SEO plugin v24.5 - https:\/\/yoast.com\/wordpress\/plugins\/seo\/ -->\n<title>Enlaces - Dr. Manuel Stiff: Abogado con licencia en Espa\u00f1a y Alemania<\/title>\n<meta name=\"robots\" content=\"index, follow, max-snippet:-1, max-image-preview:large, max-video-preview:-1\" \/>\n<link rel=\"canonical\" href=\"https:\/\/www.stiff.es\/es\/enlaces\/\" \/>\n<meta property=\"og:locale\" content=\"es_ES\" \/>\n<meta property=\"og:type\" content=\"article\" \/>\n<meta property=\"og:title\" content=\"Enlaces - Dr. Manuel Stiff: Abogado con licencia en Espa\u00f1a y Alemania\" \/>\n<meta property=\"og:url\" content=\"https:\/\/www.stiff.es\/es\/enlaces\/\" \/>\n<meta property=\"og:site_name\" content=\"Dr. Manuel Stiff: Abogado con licencia en Espa\u00f1a y Alemania\" \/>\n<meta property=\"article:modified_time\" content=\"2017-08-10T07:41:36+00:00\" \/>\n<meta name=\"twitter:card\" content=\"summary_large_image\" \/>\n<meta name=\"twitter:label1\" content=\"Tiempo de lectura\" \/>\n\t<meta name=\"twitter:data1\" content=\"3 minutos\" \/>\n<script type=\"application\/ld+json\" class=\"yoast-schema-graph\">{\"@context\":\"https:\/\/schema.org\",\"@graph\":[{\"@type\":\"WebPage\",\"@id\":\"https:\/\/www.stiff.es\/es\/enlaces\/\",\"url\":\"https:\/\/www.stiff.es\/es\/enlaces\/\",\"name\":\"Enlaces - Dr. Manuel Stiff: Abogado con licencia en Espa\u00f1a y Alemania\",\"isPartOf\":{\"@id\":\"https:\/\/www.stiff.es\/#website\"},\"datePublished\":\"2015-09-14T08:15:14+00:00\",\"dateModified\":\"2017-08-10T07:41:36+00:00\",\"breadcrumb\":{\"@id\":\"https:\/\/www.stiff.es\/es\/enlaces\/#breadcrumb\"},\"inLanguage\":\"es\",\"potentialAction\":[{\"@type\":\"ReadAction\",\"target\":[\"https:\/\/www.stiff.es\/es\/enlaces\/\"]}]},{\"@type\":\"BreadcrumbList\",\"@id\":\"https:\/\/www.stiff.es\/es\/enlaces\/#breadcrumb\",\"itemListElement\":[{\"@type\":\"ListItem\",\"position\":1,\"name\":\"Home\",\"item\":\"https:\/\/www.stiff.es\/es\/\"},{\"@type\":\"ListItem\",\"position\":2,\"name\":\"Enlaces\"}]},{\"@type\":\"WebSite\",\"@id\":\"https:\/\/www.stiff.es\/#website\",\"url\":\"https:\/\/www.stiff.es\/\",\"name\":\"Dr. Manuel Stiff: Abogado con licencia en Espa\u00f1a y Alemania\",\"description\":\"Eine weitere WordPress-Seite\",\"potentialAction\":[{\"@type\":\"SearchAction\",\"target\":{\"@type\":\"EntryPoint\",\"urlTemplate\":\"https:\/\/www.stiff.es\/?s={search_term_string}\"},\"query-input\":{\"@type\":\"PropertyValueSpecification\",\"valueRequired\":true,\"valueName\":\"search_term_string\"}}],\"inLanguage\":\"es\"}]}<\/script>\n<!-- \/ Yoast SEO plugin. -->","yoast_head_json":{"title":"Enlaces - Dr. Manuel Stiff: Abogado con licencia en Espa\u00f1a y Alemania","robots":{"index":"index","follow":"follow","max-snippet":"max-snippet:-1","max-image-preview":"max-image-preview:large","max-video-preview":"max-video-preview:-1"},"canonical":"https:\/\/www.stiff.es\/es\/enlaces\/","og_locale":"es_ES","og_type":"article","og_title":"Enlaces - Dr. Manuel Stiff: Abogado con licencia en Espa\u00f1a y Alemania","og_url":"https:\/\/www.stiff.es\/es\/enlaces\/","og_site_name":"Dr. Manuel Stiff: Abogado con licencia en Espa\u00f1a y Alemania","article_modified_time":"2017-08-10T07:41:36+00:00","twitter_card":"summary_large_image","twitter_misc":{"Tiempo de lectura":"3 minutos"},"schema":{"@context":"https:\/\/schema.org","@graph":[{"@type":"WebPage","@id":"https:\/\/www.stiff.es\/es\/enlaces\/","url":"https:\/\/www.stiff.es\/es\/enlaces\/","name":"Enlaces - Dr. Manuel Stiff: Abogado con licencia en Espa\u00f1a y Alemania","isPartOf":{"@id":"https:\/\/www.stiff.es\/#website"},"datePublished":"2015-09-14T08:15:14+00:00","dateModified":"2017-08-10T07:41:36+00:00","breadcrumb":{"@id":"https:\/\/www.stiff.es\/es\/enlaces\/#breadcrumb"},"inLanguage":"es","potentialAction":[{"@type":"ReadAction","target":["https:\/\/www.stiff.es\/es\/enlaces\/"]}]},{"@type":"BreadcrumbList","@id":"https:\/\/www.stiff.es\/es\/enlaces\/#breadcrumb","itemListElement":[{"@type":"ListItem","position":1,"name":"Home","item":"https:\/\/www.stiff.es\/es\/"},{"@type":"ListItem","position":2,"name":"Enlaces"}]},{"@type":"WebSite","@id":"https:\/\/www.stiff.es\/#website","url":"https:\/\/www.stiff.es\/","name":"Dr. Manuel Stiff: Abogado con licencia en Espa\u00f1a y Alemania","description":"Eine weitere WordPress-Seite","potentialAction":[{"@type":"SearchAction","target":{"@type":"EntryPoint","urlTemplate":"https:\/\/www.stiff.es\/?s={search_term_string}"},"query-input":{"@type":"PropertyValueSpecification","valueRequired":true,"valueName":"search_term_string"}}],"inLanguage":"es"}]}},"_links":{"self":[{"href":"https:\/\/www.stiff.es\/es\/wp-json\/wp\/v2\/pages\/462","targetHints":{"allow":["GET"]}}],"collection":[{"href":"https:\/\/www.stiff.es\/es\/wp-json\/wp\/v2\/pages"}],"about":[{"href":"https:\/\/www.stiff.es\/es\/wp-json\/wp\/v2\/types\/page"}],"author":[{"embeddable":true,"href":"https:\/\/www.stiff.es\/es\/wp-json\/wp\/v2\/users\/3"}],"replies":[{"embeddable":true,"href":"https:\/\/www.stiff.es\/es\/wp-json\/wp\/v2\/comments?post=462"}],"version-history":[{"count":0,"href":"https:\/\/www.stiff.es\/es\/wp-json\/wp\/v2\/pages\/462\/revisions"}],"wp:attachment":[{"href":"https:\/\/www.stiff.es\/es\/wp-json\/wp\/v2\/media?parent=462"}],"curies":[{"name":"wp","href":"https:\/\/api.w.org\/{rel}","templated":true}]}}