{"id":458,"date":"2015-09-15T16:41:25","date_gmt":"2015-09-15T14:41:25","guid":{"rendered":"http:\/\/stiff2015.stiff.es\/es\/?page_id=458"},"modified":"2017-08-10T09:41:36","modified_gmt":"2017-08-10T07:41:36","slug":"diccionario-juridico-numero-de-identificacion-fiscal-en-espana","status":"publish","type":"page","link":"https:\/\/www.stiff.es\/es\/diccionario-juridico-numero-de-identificacion-fiscal-en-espana\/","title":{"rendered":"Diccionario jur\u00eddico: N\u00famero de identificaci\u00f3n fiscal en Espa\u00f1a"},"content":{"rendered":"<div style=\"text-align: justify;\">\n<div class=\"fusion-fullwidth fullwidth-box fusion-builder-row-1 hundred-percent-fullwidth non-hundred-percent-height-scrolling\" style=\"--awb-border-radius-top-left:0px;--awb-border-radius-top-right:0px;--awb-border-radius-bottom-right:0px;--awb-border-radius-bottom-left:0px;--awb-overflow:visible;--awb-flex-wrap:wrap;\" ><div class=\"fusion-builder-row fusion-row\"><div class=\"fusion-layout-column fusion_builder_column fusion-builder-column-0 fusion_builder_column_1_1 1_1 fusion-one-full fusion-column-first fusion-column-last fusion-column-no-min-height\" style=\"--awb-bg-size:cover;--awb-margin-bottom:0px;\"><div class=\"fusion-column-wrapper fusion-flex-column-wrapper-legacy\"><div class=\"fusion-title title fusion-title-1 fusion-title-text fusion-title-size-three\"><h3 class=\"fusion-title-heading title-heading-left\" style=\"margin:0;\">N.I.F N\u00famero de Identificaci\u00f3n Fiscal<\/h3><span class=\"awb-title-spacer\"><\/span><div class=\"title-sep-container\"><div class=\"title-sep sep-double sep-solid\" style=\"border-color:#e0dede;\"><\/div><\/div><\/div>\nEs el n\u00famero que requiere toda persona que realice movimientos de dinero en Espa\u00f1a que, al menos te\u00f3ricamente, puedan tener efectos fiscales. Por ejemplo, este n\u00famero suele exigirse para abrir una cuenta bancaria. El n\u00famero se obtiene en la polic\u00eda y posteriormente queda registrado en Hacienda. Para los espa\u00f1oles se denomina NIF (N\u00famero de Identificaci\u00f3n Fiscal), y para los extranjeros NIE (N\u00famero de Identificaci\u00f3n de Extranjero).<\/p>\n<div class=\"fusion-clearfix\"><\/div><\/div><\/div><div class=\"fusion-layout-column fusion_builder_column fusion-builder-column-1 fusion_builder_column_1_1 1_1 fusion-one-full fusion-column-first fusion-column-last fusion-column-no-min-height\" style=\"--awb-bg-size:cover;--awb-margin-bottom:0px;\"><div class=\"fusion-column-wrapper fusion-flex-column-wrapper-legacy\"><div class=\"fusion-title title fusion-title-2 fusion-title-text fusion-title-size-three\"><h3 class=\"fusion-title-heading title-heading-left\" style=\"margin:0;\">N.I.E. N\u00famero de Identificaci\u00f3n de Extranjero<\/h3><span class=\"awb-title-spacer\"><\/span><div class=\"title-sep-container\"><div class=\"title-sep sep-double sep-solid\" style=\"border-color:#e0dede;\"><\/div><\/div><\/div>\nSe trata del n\u00famero que reciben los extranjeros que tengan su residencia en Espa\u00f1a. Tanto el NIF como el NIE cumplen una funci\u00f3n similar.<\/p>\n<\/div>\n<div class=\"fusion-clearfix\"><\/div><\/div><\/div><\/div><\/div>\n","protected":false},"excerpt":{"rendered":"","protected":false},"author":3,"featured_media":0,"parent":0,"menu_order":0,"comment_status":"closed","ping_status":"closed","template":"","meta":{"footnotes":""},"class_list":["post-458","page","type-page","status-publish","hentry"],"yoast_head":"<!-- This site is optimized with the Yoast SEO plugin v24.5 - https:\/\/yoast.com\/wordpress\/plugins\/seo\/ -->\n<title>Diccionario jur\u00eddico: N\u00famero de identificaci\u00f3n fiscal en Espa\u00f1a - Dr. Manuel Stiff: Abogado con licencia en Espa\u00f1a y Alemania<\/title>\n<meta name=\"robots\" content=\"index, follow, max-snippet:-1, max-image-preview:large, max-video-preview:-1\" \/>\n<link rel=\"canonical\" href=\"https:\/\/www.stiff.es\/es\/diccionario-juridico-numero-de-identificacion-fiscal-en-espana\/\" \/>\n<meta property=\"og:locale\" content=\"es_ES\" \/>\n<meta property=\"og:type\" content=\"article\" \/>\n<meta property=\"og:title\" content=\"Diccionario jur\u00eddico: N\u00famero de identificaci\u00f3n fiscal en Espa\u00f1a - Dr. Manuel Stiff: Abogado con licencia en Espa\u00f1a y Alemania\" \/>\n<meta property=\"og:url\" content=\"https:\/\/www.stiff.es\/es\/diccionario-juridico-numero-de-identificacion-fiscal-en-espana\/\" \/>\n<meta property=\"og:site_name\" content=\"Dr. Manuel Stiff: Abogado con licencia en Espa\u00f1a y Alemania\" \/>\n<meta property=\"article:modified_time\" content=\"2017-08-10T07:41:36+00:00\" \/>\n<meta name=\"twitter:card\" content=\"summary_large_image\" \/>\n<meta name=\"twitter:label1\" content=\"Tiempo de lectura\" \/>\n\t<meta name=\"twitter:data1\" content=\"1 minuto\" \/>\n<script type=\"application\/ld+json\" class=\"yoast-schema-graph\">{\"@context\":\"https:\/\/schema.org\",\"@graph\":[{\"@type\":\"WebPage\",\"@id\":\"https:\/\/www.stiff.es\/es\/diccionario-juridico-numero-de-identificacion-fiscal-en-espana\/\",\"url\":\"https:\/\/www.stiff.es\/es\/diccionario-juridico-numero-de-identificacion-fiscal-en-espana\/\",\"name\":\"Diccionario jur\u00eddico: N\u00famero de identificaci\u00f3n fiscal en Espa\u00f1a - Dr. Manuel Stiff: Abogado con licencia en Espa\u00f1a y Alemania\",\"isPartOf\":{\"@id\":\"https:\/\/www.stiff.es\/#website\"},\"datePublished\":\"2015-09-15T14:41:25+00:00\",\"dateModified\":\"2017-08-10T07:41:36+00:00\",\"breadcrumb\":{\"@id\":\"https:\/\/www.stiff.es\/es\/diccionario-juridico-numero-de-identificacion-fiscal-en-espana\/#breadcrumb\"},\"inLanguage\":\"es\",\"potentialAction\":[{\"@type\":\"ReadAction\",\"target\":[\"https:\/\/www.stiff.es\/es\/diccionario-juridico-numero-de-identificacion-fiscal-en-espana\/\"]}]},{\"@type\":\"BreadcrumbList\",\"@id\":\"https:\/\/www.stiff.es\/es\/diccionario-juridico-numero-de-identificacion-fiscal-en-espana\/#breadcrumb\",\"itemListElement\":[{\"@type\":\"ListItem\",\"position\":1,\"name\":\"Home\",\"item\":\"https:\/\/www.stiff.es\/es\/\"},{\"@type\":\"ListItem\",\"position\":2,\"name\":\"Diccionario jur\u00eddico: N\u00famero de identificaci\u00f3n fiscal en Espa\u00f1a\"}]},{\"@type\":\"WebSite\",\"@id\":\"https:\/\/www.stiff.es\/#website\",\"url\":\"https:\/\/www.stiff.es\/\",\"name\":\"Dr. Manuel Stiff: Abogado con licencia en Espa\u00f1a y Alemania\",\"description\":\"Eine weitere WordPress-Seite\",\"potentialAction\":[{\"@type\":\"SearchAction\",\"target\":{\"@type\":\"EntryPoint\",\"urlTemplate\":\"https:\/\/www.stiff.es\/?s={search_term_string}\"},\"query-input\":{\"@type\":\"PropertyValueSpecification\",\"valueRequired\":true,\"valueName\":\"search_term_string\"}}],\"inLanguage\":\"es\"}]}<\/script>\n<!-- \/ Yoast SEO plugin. -->","yoast_head_json":{"title":"Diccionario jur\u00eddico: N\u00famero de identificaci\u00f3n fiscal en Espa\u00f1a - Dr. Manuel Stiff: Abogado con licencia en Espa\u00f1a y Alemania","robots":{"index":"index","follow":"follow","max-snippet":"max-snippet:-1","max-image-preview":"max-image-preview:large","max-video-preview":"max-video-preview:-1"},"canonical":"https:\/\/www.stiff.es\/es\/diccionario-juridico-numero-de-identificacion-fiscal-en-espana\/","og_locale":"es_ES","og_type":"article","og_title":"Diccionario jur\u00eddico: N\u00famero de identificaci\u00f3n fiscal en Espa\u00f1a - Dr. Manuel Stiff: Abogado con licencia en Espa\u00f1a y Alemania","og_url":"https:\/\/www.stiff.es\/es\/diccionario-juridico-numero-de-identificacion-fiscal-en-espana\/","og_site_name":"Dr. Manuel Stiff: Abogado con licencia en Espa\u00f1a y Alemania","article_modified_time":"2017-08-10T07:41:36+00:00","twitter_card":"summary_large_image","twitter_misc":{"Tiempo de lectura":"1 minuto"},"schema":{"@context":"https:\/\/schema.org","@graph":[{"@type":"WebPage","@id":"https:\/\/www.stiff.es\/es\/diccionario-juridico-numero-de-identificacion-fiscal-en-espana\/","url":"https:\/\/www.stiff.es\/es\/diccionario-juridico-numero-de-identificacion-fiscal-en-espana\/","name":"Diccionario jur\u00eddico: N\u00famero de identificaci\u00f3n fiscal en Espa\u00f1a - Dr. Manuel Stiff: Abogado con licencia en Espa\u00f1a y Alemania","isPartOf":{"@id":"https:\/\/www.stiff.es\/#website"},"datePublished":"2015-09-15T14:41:25+00:00","dateModified":"2017-08-10T07:41:36+00:00","breadcrumb":{"@id":"https:\/\/www.stiff.es\/es\/diccionario-juridico-numero-de-identificacion-fiscal-en-espana\/#breadcrumb"},"inLanguage":"es","potentialAction":[{"@type":"ReadAction","target":["https:\/\/www.stiff.es\/es\/diccionario-juridico-numero-de-identificacion-fiscal-en-espana\/"]}]},{"@type":"BreadcrumbList","@id":"https:\/\/www.stiff.es\/es\/diccionario-juridico-numero-de-identificacion-fiscal-en-espana\/#breadcrumb","itemListElement":[{"@type":"ListItem","position":1,"name":"Home","item":"https:\/\/www.stiff.es\/es\/"},{"@type":"ListItem","position":2,"name":"Diccionario jur\u00eddico: N\u00famero de identificaci\u00f3n fiscal en Espa\u00f1a"}]},{"@type":"WebSite","@id":"https:\/\/www.stiff.es\/#website","url":"https:\/\/www.stiff.es\/","name":"Dr. Manuel Stiff: Abogado con licencia en Espa\u00f1a y Alemania","description":"Eine weitere WordPress-Seite","potentialAction":[{"@type":"SearchAction","target":{"@type":"EntryPoint","urlTemplate":"https:\/\/www.stiff.es\/?s={search_term_string}"},"query-input":{"@type":"PropertyValueSpecification","valueRequired":true,"valueName":"search_term_string"}}],"inLanguage":"es"}]}},"_links":{"self":[{"href":"https:\/\/www.stiff.es\/es\/wp-json\/wp\/v2\/pages\/458","targetHints":{"allow":["GET"]}}],"collection":[{"href":"https:\/\/www.stiff.es\/es\/wp-json\/wp\/v2\/pages"}],"about":[{"href":"https:\/\/www.stiff.es\/es\/wp-json\/wp\/v2\/types\/page"}],"author":[{"embeddable":true,"href":"https:\/\/www.stiff.es\/es\/wp-json\/wp\/v2\/users\/3"}],"replies":[{"embeddable":true,"href":"https:\/\/www.stiff.es\/es\/wp-json\/wp\/v2\/comments?post=458"}],"version-history":[{"count":0,"href":"https:\/\/www.stiff.es\/es\/wp-json\/wp\/v2\/pages\/458\/revisions"}],"wp:attachment":[{"href":"https:\/\/www.stiff.es\/es\/wp-json\/wp\/v2\/media?parent=458"}],"curies":[{"name":"wp","href":"https:\/\/api.w.org\/{rel}","templated":true}]}}