{"id":439,"date":"2015-09-13T16:38:49","date_gmt":"2015-09-13T14:38:49","guid":{"rendered":"http:\/\/stiff2015.stiff.es\/es\/rechts-lexikon-justiz\/"},"modified":"2017-08-10T09:41:37","modified_gmt":"2017-08-10T07:41:37","slug":"diccionario-juridico-administracion-de-justicia","status":"publish","type":"page","link":"https:\/\/www.stiff.es\/es\/diccionario-juridico-administracion-de-justicia\/","title":{"rendered":"Diccionario jur\u00eddico: Administraci\u00f3n de justicia"},"content":{"rendered":"<div style=\"text-align: justify;\">\n<div class=\"fusion-fullwidth fullwidth-box fusion-builder-row-1 hundred-percent-fullwidth non-hundred-percent-height-scrolling\" style=\"--awb-border-radius-top-left:0px;--awb-border-radius-top-right:0px;--awb-border-radius-bottom-right:0px;--awb-border-radius-bottom-left:0px;--awb-overflow:visible;--awb-flex-wrap:wrap;\" ><div class=\"fusion-builder-row fusion-row\"><div class=\"fusion-layout-column fusion_builder_column fusion-builder-column-0 fusion_builder_column_1_1 1_1 fusion-one-full fusion-column-first fusion-column-last fusion-column-no-min-height\" style=\"--awb-bg-size:cover;--awb-margin-bottom:0px;\"><div class=\"fusion-column-wrapper fusion-flex-column-wrapper-legacy\"><div class=\"fusion-title title fusion-title-1 fusion-title-text fusion-title-size-three\"><h3 class=\"fusion-title-heading title-heading-left\" style=\"margin:0;\">Juzgado<\/h3><span class=\"awb-title-spacer\"><\/span><div class=\"title-sep-container\"><div class=\"title-sep sep-double sep-solid\" style=\"border-color:#e0dede;\"><\/div><\/div><\/div>\nEl t\u00e9rmino Juzgado aparece en algunos contratos, por ejemplo en las cl\u00e1usulas que regulan el fuero judicial aplicable. Los procesos judiciales en la primera instancia no es raro que tarden de uno a tres a\u00f1os, o incluso m\u00e1s, antes de obtener una sentencia. Tras el Juzgado de Primera Instancia, con independencia de la cuant\u00eda del litigio, se puede recurrir al tribunal de segunda instancia, la Audiencia Provincial. Incluyendo el procedimiento de recurso, pueden pasar hasta cinco a\u00f1os antes de conseguir finalmente una resoluci\u00f3n. Por desgracia, en Espa\u00f1a no hay normas obligatorias de imposici\u00f3n de costas, por lo que una victoria parcial puede suponer que uno tenga que afrontar las cantidades correspondientes a las minutas de sus propios abogados y procuradores.<\/p>\n<div class=\"fusion-clearfix\"><\/div><\/div><\/div><div class=\"fusion-layout-column fusion_builder_column fusion-builder-column-1 fusion_builder_column_1_1 1_1 fusion-one-full fusion-column-first fusion-column-last fusion-column-no-min-height\" style=\"--awb-bg-size:cover;--awb-margin-bottom:0px;\"><div class=\"fusion-column-wrapper fusion-flex-column-wrapper-legacy\"><div class=\"fusion-title title fusion-title-2 fusion-title-text fusion-title-size-three\"><h3 class=\"fusion-title-heading title-heading-left\" style=\"margin:0;\">Embargo<\/h3><span class=\"awb-title-spacer\"><\/span><div class=\"title-sep-container\"><div class=\"title-sep sep-double sep-solid\" style=\"border-color:#e0dede;\"><\/div><\/div><\/div>\nSe trata de un instrumento de ejecuci\u00f3n. Se trata, por ejemplo, de una providencia dictada contra una cuenta bancaria concreta o de una especie de hipoteca forzosa que se inscribe en el Registro de la Propiedad como instrumento ejecutivo.<\/p>\n<div class=\"fusion-clearfix\"><\/div><\/div><\/div><div class=\"fusion-layout-column fusion_builder_column fusion-builder-column-2 fusion_builder_column_1_1 1_1 fusion-one-full fusion-column-first fusion-column-last fusion-column-no-min-height\" style=\"--awb-bg-size:cover;--awb-margin-bottom:0px;\"><div class=\"fusion-column-wrapper fusion-flex-column-wrapper-legacy\"><div class=\"fusion-title title fusion-title-3 fusion-title-text fusion-title-size-three\"><h3 class=\"fusion-title-heading title-heading-left\" style=\"margin:0;\">Registro civil<\/h3><span class=\"awb-title-spacer\"><\/span><div class=\"title-sep-container\"><div class=\"title-sep sep-double sep-solid\" style=\"border-color:#e0dede;\"><\/div><\/div><\/div>\nSe trata del registro en el que se inscriben los nacimientos, las defunciones y los matrimonios, y que se lleva en el Juzgado de la localidad, y no en la administraci\u00f3n municipal. Tambi\u00e9n es aqu\u00ed donde se obtienen los documentos de estado civil internacionales conforme al Convenio de Viena de 1976 en las lenguas oficiales europeas; estos documentos no requieren traducci\u00f3n ni apostilla.<\/p>\n<div class=\"fusion-clearfix\"><\/div><\/div><\/div><div class=\"fusion-layout-column fusion_builder_column fusion-builder-column-3 fusion_builder_column_1_1 1_1 fusion-one-full fusion-column-first fusion-column-last fusion-column-no-min-height\" style=\"--awb-bg-size:cover;--awb-margin-bottom:0px;\"><div class=\"fusion-column-wrapper fusion-flex-column-wrapper-legacy\"><div class=\"fusion-title title fusion-title-4 fusion-title-text fusion-title-size-three\"><h3 class=\"fusion-title-heading title-heading-left\" style=\"margin:0;\">Divorcio, separaci\u00f3n<\/h3><span class=\"awb-title-spacer\"><\/span><div class=\"title-sep-container\"><div class=\"title-sep sep-double sep-solid\" style=\"border-color:#e0dede;\"><\/div><\/div><\/div>\nQue c\u00f3nyuges hagan vida separa, lo que antes \u2014a diferencia de Alemania\u2014 requer\u00eda una autorizaci\u00f3n judicial, siempre que se trate de personas que act\u00faen sujetas al Derecho de familia espa\u00f1ol. Hoy en d\u00eda, este requisito del divorcio ha desaparecido en Espa\u00f1a y en el caso de los alemanes tampoco era aplicable antes.<br \/>\nExiste la posibilidad de seguir un procedimiento de divorcio de mutuo acuerdo, al igual que en Alemania, sin complicaciones y r\u00e1pido. Los procedimientos conflictivos son muy estresantes y deben desaconsejarse. En Espa\u00f1a es necesario presentar una propuesta de convenio regulador junto con la solicitud de divorcio, y en dicho convenio puede regularse todo. Por lo tanto, la disputa puede resolverse con el abogado, lo que permite ahorrar tiempo y dinero.<\/p>\n<div class=\"fusion-clearfix\"><\/div><\/div><\/div><div class=\"fusion-layout-column fusion_builder_column fusion-builder-column-4 fusion_builder_column_1_1 1_1 fusion-one-full fusion-column-first fusion-column-last fusion-column-no-min-height\" style=\"--awb-bg-size:cover;--awb-margin-bottom:0px;\"><div class=\"fusion-column-wrapper fusion-flex-column-wrapper-legacy\"><div class=\"fusion-title title fusion-title-5 fusion-title-text fusion-title-size-three\"><h3 class=\"fusion-title-heading title-heading-left\" style=\"margin:0;\">Procurador<\/h3><span class=\"awb-title-spacer\"><\/span><div class=\"title-sep-container\"><div class=\"title-sep sep-double sep-solid\" style=\"border-color:#e0dede;\"><\/div><\/div><\/div>\nSe trata de una figura auxiliar de la justicia, y se sit\u00faa entre el <b>abogado<\/b> y el Juzgado. Es un cuerpo profesional colegiado que tiene poco sentido, se encarga de supervisar los plazos judiciales y, a diferencia de los juzgados, cuesta dinero. Con una cierta iron\u00eda se les podr\u00eda llamar \u00abcarteros universitarios\u00bb, ya que estos profesionales han debido superar la carrera de Derecho. El procurador est\u00e1 presente con su toga incluso en la vista oral, sin decir una palabra, y ello tan s\u00f3lo para que el abogado mantenga su capacidad de postulaci\u00f3n procesal. En la \u00faltima reforma de la legislaci\u00f3n procesal civil se ha intentado suprimir esta absurda figura, pero el grupo de presi\u00f3n de los procuradores ha logrado defenderse con \u00e9xito.<\/p>\n<\/div>\n<div class=\"fusion-clearfix\"><\/div><\/div><\/div><\/div><\/div>\n","protected":false},"excerpt":{"rendered":"","protected":false},"author":3,"featured_media":0,"parent":0,"menu_order":0,"comment_status":"closed","ping_status":"closed","template":"","meta":{"footnotes":""},"class_list":["post-439","page","type-page","status-publish","hentry"],"yoast_head":"<!-- This site is optimized with the Yoast SEO plugin v24.5 - https:\/\/yoast.com\/wordpress\/plugins\/seo\/ -->\n<title>Diccionario jur\u00eddico: Administraci\u00f3n de justicia - Dr. Manuel Stiff: Abogado con licencia en Espa\u00f1a y Alemania<\/title>\n<meta name=\"robots\" content=\"index, follow, max-snippet:-1, max-image-preview:large, max-video-preview:-1\" \/>\n<link rel=\"canonical\" href=\"https:\/\/www.stiff.es\/es\/diccionario-juridico-administracion-de-justicia\/\" \/>\n<meta property=\"og:locale\" content=\"es_ES\" \/>\n<meta property=\"og:type\" content=\"article\" \/>\n<meta property=\"og:title\" content=\"Diccionario jur\u00eddico: Administraci\u00f3n de justicia - Dr. Manuel Stiff: Abogado con licencia en Espa\u00f1a y Alemania\" \/>\n<meta property=\"og:url\" content=\"https:\/\/www.stiff.es\/es\/diccionario-juridico-administracion-de-justicia\/\" \/>\n<meta property=\"og:site_name\" content=\"Dr. Manuel Stiff: Abogado con licencia en Espa\u00f1a y Alemania\" \/>\n<meta property=\"article:modified_time\" content=\"2017-08-10T07:41:37+00:00\" \/>\n<meta name=\"twitter:card\" content=\"summary_large_image\" \/>\n<meta name=\"twitter:label1\" content=\"Tiempo de lectura\" \/>\n\t<meta name=\"twitter:data1\" content=\"4 minutos\" \/>\n<script type=\"application\/ld+json\" class=\"yoast-schema-graph\">{\"@context\":\"https:\/\/schema.org\",\"@graph\":[{\"@type\":\"WebPage\",\"@id\":\"https:\/\/www.stiff.es\/es\/diccionario-juridico-administracion-de-justicia\/\",\"url\":\"https:\/\/www.stiff.es\/es\/diccionario-juridico-administracion-de-justicia\/\",\"name\":\"Diccionario jur\u00eddico: Administraci\u00f3n de justicia - Dr. Manuel Stiff: Abogado con licencia en Espa\u00f1a y Alemania\",\"isPartOf\":{\"@id\":\"https:\/\/www.stiff.es\/#website\"},\"datePublished\":\"2015-09-13T14:38:49+00:00\",\"dateModified\":\"2017-08-10T07:41:37+00:00\",\"breadcrumb\":{\"@id\":\"https:\/\/www.stiff.es\/es\/diccionario-juridico-administracion-de-justicia\/#breadcrumb\"},\"inLanguage\":\"es\",\"potentialAction\":[{\"@type\":\"ReadAction\",\"target\":[\"https:\/\/www.stiff.es\/es\/diccionario-juridico-administracion-de-justicia\/\"]}]},{\"@type\":\"BreadcrumbList\",\"@id\":\"https:\/\/www.stiff.es\/es\/diccionario-juridico-administracion-de-justicia\/#breadcrumb\",\"itemListElement\":[{\"@type\":\"ListItem\",\"position\":1,\"name\":\"Home\",\"item\":\"https:\/\/www.stiff.es\/es\/\"},{\"@type\":\"ListItem\",\"position\":2,\"name\":\"Diccionario jur\u00eddico: Administraci\u00f3n de justicia\"}]},{\"@type\":\"WebSite\",\"@id\":\"https:\/\/www.stiff.es\/#website\",\"url\":\"https:\/\/www.stiff.es\/\",\"name\":\"Dr. Manuel Stiff: Abogado con licencia en Espa\u00f1a y Alemania\",\"description\":\"Eine weitere WordPress-Seite\",\"potentialAction\":[{\"@type\":\"SearchAction\",\"target\":{\"@type\":\"EntryPoint\",\"urlTemplate\":\"https:\/\/www.stiff.es\/?s={search_term_string}\"},\"query-input\":{\"@type\":\"PropertyValueSpecification\",\"valueRequired\":true,\"valueName\":\"search_term_string\"}}],\"inLanguage\":\"es\"}]}<\/script>\n<!-- \/ Yoast SEO plugin. -->","yoast_head_json":{"title":"Diccionario jur\u00eddico: Administraci\u00f3n de justicia - Dr. Manuel Stiff: Abogado con licencia en Espa\u00f1a y Alemania","robots":{"index":"index","follow":"follow","max-snippet":"max-snippet:-1","max-image-preview":"max-image-preview:large","max-video-preview":"max-video-preview:-1"},"canonical":"https:\/\/www.stiff.es\/es\/diccionario-juridico-administracion-de-justicia\/","og_locale":"es_ES","og_type":"article","og_title":"Diccionario jur\u00eddico: Administraci\u00f3n de justicia - Dr. Manuel Stiff: Abogado con licencia en Espa\u00f1a y Alemania","og_url":"https:\/\/www.stiff.es\/es\/diccionario-juridico-administracion-de-justicia\/","og_site_name":"Dr. Manuel Stiff: Abogado con licencia en Espa\u00f1a y Alemania","article_modified_time":"2017-08-10T07:41:37+00:00","twitter_card":"summary_large_image","twitter_misc":{"Tiempo de lectura":"4 minutos"},"schema":{"@context":"https:\/\/schema.org","@graph":[{"@type":"WebPage","@id":"https:\/\/www.stiff.es\/es\/diccionario-juridico-administracion-de-justicia\/","url":"https:\/\/www.stiff.es\/es\/diccionario-juridico-administracion-de-justicia\/","name":"Diccionario jur\u00eddico: Administraci\u00f3n de justicia - Dr. Manuel Stiff: Abogado con licencia en Espa\u00f1a y Alemania","isPartOf":{"@id":"https:\/\/www.stiff.es\/#website"},"datePublished":"2015-09-13T14:38:49+00:00","dateModified":"2017-08-10T07:41:37+00:00","breadcrumb":{"@id":"https:\/\/www.stiff.es\/es\/diccionario-juridico-administracion-de-justicia\/#breadcrumb"},"inLanguage":"es","potentialAction":[{"@type":"ReadAction","target":["https:\/\/www.stiff.es\/es\/diccionario-juridico-administracion-de-justicia\/"]}]},{"@type":"BreadcrumbList","@id":"https:\/\/www.stiff.es\/es\/diccionario-juridico-administracion-de-justicia\/#breadcrumb","itemListElement":[{"@type":"ListItem","position":1,"name":"Home","item":"https:\/\/www.stiff.es\/es\/"},{"@type":"ListItem","position":2,"name":"Diccionario jur\u00eddico: Administraci\u00f3n de justicia"}]},{"@type":"WebSite","@id":"https:\/\/www.stiff.es\/#website","url":"https:\/\/www.stiff.es\/","name":"Dr. Manuel Stiff: Abogado con licencia en Espa\u00f1a y Alemania","description":"Eine weitere WordPress-Seite","potentialAction":[{"@type":"SearchAction","target":{"@type":"EntryPoint","urlTemplate":"https:\/\/www.stiff.es\/?s={search_term_string}"},"query-input":{"@type":"PropertyValueSpecification","valueRequired":true,"valueName":"search_term_string"}}],"inLanguage":"es"}]}},"_links":{"self":[{"href":"https:\/\/www.stiff.es\/es\/wp-json\/wp\/v2\/pages\/439","targetHints":{"allow":["GET"]}}],"collection":[{"href":"https:\/\/www.stiff.es\/es\/wp-json\/wp\/v2\/pages"}],"about":[{"href":"https:\/\/www.stiff.es\/es\/wp-json\/wp\/v2\/types\/page"}],"author":[{"embeddable":true,"href":"https:\/\/www.stiff.es\/es\/wp-json\/wp\/v2\/users\/3"}],"replies":[{"embeddable":true,"href":"https:\/\/www.stiff.es\/es\/wp-json\/wp\/v2\/comments?post=439"}],"version-history":[{"count":0,"href":"https:\/\/www.stiff.es\/es\/wp-json\/wp\/v2\/pages\/439\/revisions"}],"wp:attachment":[{"href":"https:\/\/www.stiff.es\/es\/wp-json\/wp\/v2\/media?parent=439"}],"curies":[{"name":"wp","href":"https:\/\/api.w.org\/{rel}","templated":true}]}}