{"id":435,"date":"2015-09-13T16:32:11","date_gmt":"2015-09-13T14:32:11","guid":{"rendered":"http:\/\/stiff2015.stiff.es\/es\/rechts-lexikon-grundbuchrecht\/"},"modified":"2017-08-10T09:41:37","modified_gmt":"2017-08-10T07:41:37","slug":"diccionario-juridico-derecho-registral","status":"publish","type":"page","link":"https:\/\/www.stiff.es\/es\/diccionario-juridico-derecho-registral\/","title":{"rendered":"Diccionario jur\u00eddico: Derecho registral"},"content":{"rendered":"<div style=\"text-align: justify;\">\n<div class=\"fusion-fullwidth fullwidth-box fusion-builder-row-1 hundred-percent-fullwidth non-hundred-percent-height-scrolling\" style=\"--awb-border-radius-top-left:0px;--awb-border-radius-top-right:0px;--awb-border-radius-bottom-right:0px;--awb-border-radius-bottom-left:0px;--awb-overflow:visible;--awb-flex-wrap:wrap;\" ><div class=\"fusion-builder-row fusion-row\"><div class=\"fusion-layout-column fusion_builder_column fusion-builder-column-0 fusion_builder_column_1_1 1_1 fusion-one-full fusion-column-first fusion-column-last fusion-column-no-min-height\" style=\"--awb-bg-size:cover;--awb-margin-bottom:0px;\"><div class=\"fusion-column-wrapper fusion-flex-column-wrapper-legacy\"><div class=\"fusion-title title fusion-title-1 fusion-title-text fusion-title-size-three\"><h3 class=\"fusion-title-heading title-heading-left\" style=\"margin:0;\">Escritura<\/h3><span class=\"awb-title-spacer\"><\/span><div class=\"title-sep-container\"><div class=\"title-sep sep-double sep-solid\" style=\"border-color:#e0dede;\"><\/div><\/div><\/div>\nEl t\u00e9rmino <b>escritura<\/b> suele aparecer en asuntos inmobiliarios tambi\u00e9n como <b>escritura p\u00fablica<\/b>. Se trata simplemente de un documento p\u00fablico notarial. A menudo hace referencia al <b>contrato notarial de compraventa<\/b> de un bien inmueble. Este contrato notarial de compraventa suele verse en el tr\u00e1fico jur\u00eddico espa\u00f1ol como un documento de propiedad, como la tarjeta de titularidad de un veh\u00edculo. Este parecer no es exacto, pero explica por qu\u00e9 se utiliza as\u00ed y por tanto resulta \u00fatil como esquema mental. La escritura debe distinguirse tajantemente del contrato privado.<\/p>\n<div class=\"fusion-clearfix\"><\/div><\/div><\/div><div class=\"fusion-layout-column fusion_builder_column fusion-builder-column-1 fusion_builder_column_1_1 1_1 fusion-one-full fusion-column-first fusion-column-last fusion-column-no-min-height\" style=\"--awb-bg-size:cover;--awb-margin-bottom:0px;\"><div class=\"fusion-column-wrapper fusion-flex-column-wrapper-legacy\"><div class=\"fusion-title title fusion-title-2 fusion-title-text fusion-title-size-three\"><h3 class=\"fusion-title-heading title-heading-left\" style=\"margin:0;\">Registro de la propiedad<\/h3><span class=\"awb-title-spacer\"><\/span><div class=\"title-sep-container\"><div class=\"title-sep sep-double sep-solid\" style=\"border-color:#e0dede;\"><\/div><\/div><\/div>\nPara tener seguridad sobre la situaci\u00f3n legal de un inmueble hay que examinar el <b>Registro de la Propiedad<\/b> y la obtenci\u00f3n de una <b>nota simple<\/b> que las personas autorizadas para ello pueden recibir sin necesidad de acreditar un inter\u00e9s leg\u00edtimo, generalmente dentro de un plazo de 24 horas. La adquisici\u00f3n de buena fe s\u00f3lo es posible si se hace del proprietario inscrito en el Registro de la Propiedad, en otro caso es conveniente llevar a cabo m\u00e1s comprobaciones. Pero tambi\u00e9n en el caso de un propietario o vendedor bien inscrito cabe pensar en grav\u00e1menes del inmueble que no figuren en el Registro, de manera que es aconsejable que alg\u00fan abogado realice diligencias adicionales para evitar da\u00f1os posteriores en un ordenamiento jur\u00eddico extranjero y generalmente desconocido.<br \/>\nNosotros nos encargamos de solicitar por usted una nota simple:<\/p>\n<ul>\n<li>Actualmente, esto le cuesta 65 \u20ac con gastos de env\u00edo. El requisito es que todos los datos registrales est\u00e9n disponibles.<\/li>\n<li>Si s\u00f3lo se conoce el nombre del propietario y es necesario llevar a cabo una investigaci\u00f3n, los costes actuales se sit\u00faan en 130 \u20ac.<\/li>\n<li>\u00a1Los costes mencionados deben abonarse por adelantado!<\/li>\n<\/ul>\n<div class=\"fusion-clearfix\"><\/div><\/div><\/div><div class=\"fusion-layout-column fusion_builder_column fusion-builder-column-2 fusion_builder_column_1_1 1_1 fusion-one-full fusion-column-first fusion-column-last fusion-column-no-min-height\" style=\"--awb-bg-size:cover;--awb-margin-bottom:0px;\"><div class=\"fusion-column-wrapper fusion-flex-column-wrapper-legacy\"><div class=\"fusion-title title fusion-title-3 fusion-title-text fusion-title-size-three\"><h3 class=\"fusion-title-heading title-heading-left\" style=\"margin:0;\">Traducciones juradas<\/h3><span class=\"awb-title-spacer\"><\/span><div class=\"title-sep-container\"><div class=\"title-sep sep-double sep-solid\" style=\"border-color:#e0dede;\"><\/div><\/div><\/div>\n\u00c9stas suelen ser necesarias en los asuntos inmobiliarios, de herencias, judiciales, y dem\u00e1s tr\u00e1mites legales en el tr\u00e1fico con Espa\u00f1a. Es importante saber que se trata de una traducci\u00f3n oficial realizada por un traductor autorizado por el presidente de un Tribunal Regional Superior o por una instituci\u00f3n judicial equivalente en Alemania, Austria o Suiza. Las traducciones realizadas por una simple agencia de traducciones que no disponga del correspondiente sello oficial carecen de validez judicial. En Espa\u00f1a esta autorizaci\u00f3n la otorga el Ministerio de Justicia, con sede en Madrid. Traducci\u00f3n jurada: Se necesita para aceptar la herencia, porque hay que traducir al espa\u00f1ol la declaraci\u00f3n de herederos expedida en el pa\u00eds de origen. Si no se dispone de un certificado de defunci\u00f3n internacional (pluriling\u00fce), tambi\u00e9n es necesario traducir oficialmente el certificado de defunci\u00f3n nacional. Para m\u00e1s informaci\u00f3n, dir\u00edjase al traductor jurado Ram\u00f3n L\u00f3pez: <a href=\"http:\/\/www.ralogo.com\/\" target=\"_blank\">www.ralogo.com<\/a><\/p>\n<div class=\"fusion-clearfix\"><\/div><\/div><\/div><div class=\"fusion-layout-column fusion_builder_column fusion-builder-column-3 fusion_builder_column_1_1 1_1 fusion-one-full fusion-column-first fusion-column-last fusion-column-no-min-height\" style=\"--awb-bg-size:cover;--awb-margin-bottom:0px;\"><div class=\"fusion-column-wrapper fusion-flex-column-wrapper-legacy\"><div class=\"fusion-title title fusion-title-4 fusion-title-text fusion-title-size-three\"><h3 class=\"fusion-title-heading title-heading-left\" style=\"margin:0;\">Asiento<\/h3><span class=\"awb-title-spacer\"><\/span><div class=\"title-sep-container\"><div class=\"title-sep sep-double sep-solid\" style=\"border-color:#e0dede;\"><\/div><\/div><\/div>\nConsiste en una especie de anotaci\u00f3n preventiva en el Registro cuya validez est\u00e1 limitada temporalmente y que permite asegurar el derecho a la inscripci\u00f3n de la propiedad. Al mismo tiempo, en el <b>diario o protocolo<\/b> del Registro de la Propiedad queda constancia de que se ha inscrito una anotaci\u00f3n preventiva sobre una operaci\u00f3n sujeta a inscripci\u00f3n obligatoria, p. ej. la presentaci\u00f3n de una escritura p\u00fablica que documente una compraventa. Esta operaci\u00f3n, tambi\u00e9n denominada <b>asiento de presentaci\u00f3n<\/b>, activa un plazo de protecci\u00f3n y bloqueo de 60 d\u00edas (que puede prorrogarse hasta 180 d\u00edas) a favor de la persona legitimada en virtid de la escritura presentada. Tambi\u00e9n existe el <b>asiento (de presentaci\u00f3n) por telefax<\/b>. \u00c9ste lo env\u00eda el Notario al Registro de la Propiedad a petici\u00f3n de una parte, y no de forma autom\u00e1tica. Esto tambi\u00e9n produce una especie de anotaci\u00f3n preventiva que protege al comprador frente a otras inscripciones durante un plazo de diez d\u00edas. Dentro de estos diez d\u00edas debe presentarse la escritura original para lograr un asiento normal con un plazo de 60 d\u00edas. Estos instrumentos de protecci\u00f3n son convenientes, pero en el caso de la variante por fax debe solicitarse al Notario y despu\u00e9s debe encargar la tramitaci\u00f3n de la escritura a su abogado o a una gestor\u00eda.<\/p>\n<\/div>\n<div class=\"fusion-clearfix\"><\/div><\/div><\/div><\/div><\/div>\n","protected":false},"excerpt":{"rendered":"","protected":false},"author":3,"featured_media":0,"parent":0,"menu_order":0,"comment_status":"closed","ping_status":"closed","template":"","meta":{"footnotes":""},"class_list":["post-435","page","type-page","status-publish","hentry"],"yoast_head":"<!-- This site is optimized with the Yoast SEO plugin v24.5 - https:\/\/yoast.com\/wordpress\/plugins\/seo\/ -->\n<title>Diccionario jur\u00eddico: Derecho registral - Dr. Manuel Stiff: Abogado con licencia en Espa\u00f1a y Alemania<\/title>\n<meta name=\"robots\" content=\"index, follow, max-snippet:-1, max-image-preview:large, max-video-preview:-1\" \/>\n<link rel=\"canonical\" href=\"https:\/\/www.stiff.es\/es\/diccionario-juridico-derecho-registral\/\" \/>\n<meta property=\"og:locale\" content=\"es_ES\" \/>\n<meta property=\"og:type\" content=\"article\" \/>\n<meta property=\"og:title\" content=\"Diccionario jur\u00eddico: Derecho registral - Dr. Manuel Stiff: Abogado con licencia en Espa\u00f1a y Alemania\" \/>\n<meta property=\"og:url\" content=\"https:\/\/www.stiff.es\/es\/diccionario-juridico-derecho-registral\/\" \/>\n<meta property=\"og:site_name\" content=\"Dr. Manuel Stiff: Abogado con licencia en Espa\u00f1a y Alemania\" \/>\n<meta property=\"article:modified_time\" content=\"2017-08-10T07:41:37+00:00\" \/>\n<meta name=\"twitter:card\" content=\"summary_large_image\" \/>\n<meta name=\"twitter:label1\" content=\"Tiempo de lectura\" \/>\n\t<meta name=\"twitter:data1\" content=\"5 minutos\" \/>\n<script type=\"application\/ld+json\" class=\"yoast-schema-graph\">{\"@context\":\"https:\/\/schema.org\",\"@graph\":[{\"@type\":\"WebPage\",\"@id\":\"https:\/\/www.stiff.es\/es\/diccionario-juridico-derecho-registral\/\",\"url\":\"https:\/\/www.stiff.es\/es\/diccionario-juridico-derecho-registral\/\",\"name\":\"Diccionario jur\u00eddico: Derecho registral - Dr. Manuel Stiff: Abogado con licencia en Espa\u00f1a y Alemania\",\"isPartOf\":{\"@id\":\"https:\/\/www.stiff.es\/#website\"},\"datePublished\":\"2015-09-13T14:32:11+00:00\",\"dateModified\":\"2017-08-10T07:41:37+00:00\",\"breadcrumb\":{\"@id\":\"https:\/\/www.stiff.es\/es\/diccionario-juridico-derecho-registral\/#breadcrumb\"},\"inLanguage\":\"es\",\"potentialAction\":[{\"@type\":\"ReadAction\",\"target\":[\"https:\/\/www.stiff.es\/es\/diccionario-juridico-derecho-registral\/\"]}]},{\"@type\":\"BreadcrumbList\",\"@id\":\"https:\/\/www.stiff.es\/es\/diccionario-juridico-derecho-registral\/#breadcrumb\",\"itemListElement\":[{\"@type\":\"ListItem\",\"position\":1,\"name\":\"Home\",\"item\":\"https:\/\/www.stiff.es\/es\/\"},{\"@type\":\"ListItem\",\"position\":2,\"name\":\"Diccionario jur\u00eddico: Derecho registral\"}]},{\"@type\":\"WebSite\",\"@id\":\"https:\/\/www.stiff.es\/#website\",\"url\":\"https:\/\/www.stiff.es\/\",\"name\":\"Dr. Manuel Stiff: Abogado con licencia en Espa\u00f1a y Alemania\",\"description\":\"Eine weitere WordPress-Seite\",\"potentialAction\":[{\"@type\":\"SearchAction\",\"target\":{\"@type\":\"EntryPoint\",\"urlTemplate\":\"https:\/\/www.stiff.es\/?s={search_term_string}\"},\"query-input\":{\"@type\":\"PropertyValueSpecification\",\"valueRequired\":true,\"valueName\":\"search_term_string\"}}],\"inLanguage\":\"es\"}]}<\/script>\n<!-- \/ Yoast SEO plugin. -->","yoast_head_json":{"title":"Diccionario jur\u00eddico: Derecho registral - Dr. Manuel Stiff: Abogado con licencia en Espa\u00f1a y Alemania","robots":{"index":"index","follow":"follow","max-snippet":"max-snippet:-1","max-image-preview":"max-image-preview:large","max-video-preview":"max-video-preview:-1"},"canonical":"https:\/\/www.stiff.es\/es\/diccionario-juridico-derecho-registral\/","og_locale":"es_ES","og_type":"article","og_title":"Diccionario jur\u00eddico: Derecho registral - Dr. Manuel Stiff: Abogado con licencia en Espa\u00f1a y Alemania","og_url":"https:\/\/www.stiff.es\/es\/diccionario-juridico-derecho-registral\/","og_site_name":"Dr. Manuel Stiff: Abogado con licencia en Espa\u00f1a y Alemania","article_modified_time":"2017-08-10T07:41:37+00:00","twitter_card":"summary_large_image","twitter_misc":{"Tiempo de lectura":"5 minutos"},"schema":{"@context":"https:\/\/schema.org","@graph":[{"@type":"WebPage","@id":"https:\/\/www.stiff.es\/es\/diccionario-juridico-derecho-registral\/","url":"https:\/\/www.stiff.es\/es\/diccionario-juridico-derecho-registral\/","name":"Diccionario jur\u00eddico: Derecho registral - Dr. Manuel Stiff: Abogado con licencia en Espa\u00f1a y Alemania","isPartOf":{"@id":"https:\/\/www.stiff.es\/#website"},"datePublished":"2015-09-13T14:32:11+00:00","dateModified":"2017-08-10T07:41:37+00:00","breadcrumb":{"@id":"https:\/\/www.stiff.es\/es\/diccionario-juridico-derecho-registral\/#breadcrumb"},"inLanguage":"es","potentialAction":[{"@type":"ReadAction","target":["https:\/\/www.stiff.es\/es\/diccionario-juridico-derecho-registral\/"]}]},{"@type":"BreadcrumbList","@id":"https:\/\/www.stiff.es\/es\/diccionario-juridico-derecho-registral\/#breadcrumb","itemListElement":[{"@type":"ListItem","position":1,"name":"Home","item":"https:\/\/www.stiff.es\/es\/"},{"@type":"ListItem","position":2,"name":"Diccionario jur\u00eddico: Derecho registral"}]},{"@type":"WebSite","@id":"https:\/\/www.stiff.es\/#website","url":"https:\/\/www.stiff.es\/","name":"Dr. Manuel Stiff: Abogado con licencia en Espa\u00f1a y Alemania","description":"Eine weitere WordPress-Seite","potentialAction":[{"@type":"SearchAction","target":{"@type":"EntryPoint","urlTemplate":"https:\/\/www.stiff.es\/?s={search_term_string}"},"query-input":{"@type":"PropertyValueSpecification","valueRequired":true,"valueName":"search_term_string"}}],"inLanguage":"es"}]}},"_links":{"self":[{"href":"https:\/\/www.stiff.es\/es\/wp-json\/wp\/v2\/pages\/435","targetHints":{"allow":["GET"]}}],"collection":[{"href":"https:\/\/www.stiff.es\/es\/wp-json\/wp\/v2\/pages"}],"about":[{"href":"https:\/\/www.stiff.es\/es\/wp-json\/wp\/v2\/types\/page"}],"author":[{"embeddable":true,"href":"https:\/\/www.stiff.es\/es\/wp-json\/wp\/v2\/users\/3"}],"replies":[{"embeddable":true,"href":"https:\/\/www.stiff.es\/es\/wp-json\/wp\/v2\/comments?post=435"}],"version-history":[{"count":0,"href":"https:\/\/www.stiff.es\/es\/wp-json\/wp\/v2\/pages\/435\/revisions"}],"wp:attachment":[{"href":"https:\/\/www.stiff.es\/es\/wp-json\/wp\/v2\/media?parent=435"}],"curies":[{"name":"wp","href":"https:\/\/api.w.org\/{rel}","templated":true}]}}