{"id":417,"date":"2015-09-13T11:48:15","date_gmt":"2015-09-13T09:48:15","guid":{"rendered":"http:\/\/stiff2015.stiff.es\/es\/steuernummer-in-spanien\/"},"modified":"2023-03-10T11:48:42","modified_gmt":"2023-03-10T10:48:42","slug":"numero-de-identificacion-fiscal-en-espana","status":"publish","type":"page","link":"https:\/\/www.stiff.es\/es\/numero-de-identificacion-fiscal-en-espana\/","title":{"rendered":"N\u00famero de identificaci\u00f3n fiscal en Espa\u00f1a: solicitud"},"content":{"rendered":"<div style=\"text-align: justify;\">\n<p>Nos encargamos de solicitar por usted el n\u00famero de identificaci\u00f3n fiscal espa\u00f1ol (NIE o NIF). Para ello necesitamos que nos remita por e-mail una copia de su documento nacional de identidad o su pasaporte. El documento debe tener una validez de seis meses m\u00ednimo y lo puede mandar tambi\u00e9n por correo normal.<br \/>\nLa copia del documento de identidad la puede enviar por e-mail o por correo para que llegue a mi despacho de Espa\u00f1a, si se trata de una semana natural par, o a mi despacho de Alemania si se trata de una semana natural impar.<\/p>\n<p><b>Direcciones:<\/b><\/p>\n<p><a href=\"http:\/\/www.stiff.de\/\" target=\"_blank\" rel=\"noopener noreferrer\">Alemania<\/a> &#8211; <a href=\"\/?page_id=377\">Espa\u00f1a<\/a><\/p>\n<p>A partir de la presentaci\u00f3n de la solicitud ante la Administraci\u00f3n espa\u00f1ola, todav\u00eda pueden pasar incluso m\u00e1s de dos meses hasta que se asigne el n\u00famero de identificaci\u00f3n fiscal espa\u00f1ol. Como el n\u00famero de identificaci\u00f3n fiscal es requisito necesario para casi cualquier escritura notarial, le rogamos que prevea el tiempo suficiente. La mejor opci\u00f3n para cubrir el tiempo que se pierde con estos tr\u00e1mites consiste en recurrir al contrato privado.<\/p>\n<p>Con el env\u00edo de la documentaci\u00f3n completa, realice una transferencia a nuestra cuenta por importe de 150,00 euros. Le facilitaremos los datos bancarios correspondientes si nos los solicita por correo electr\u00f3nico. Tan pronto como dispongamos del ingreso y de la documentaci\u00f3n completa, presentaremos la solicitud.<\/p>\n<\/div>\n","protected":false},"excerpt":{"rendered":"<p>Nos encargamos de solicitar por usted el n\u00famero de identificaci\u00f3n fiscal espa\u00f1ol (NIE o NIF). Para ello necesitamos que nos remita por e-mail una copia de su documento nacional de identidad o su pasaporte. El documento debe tener una validez de seis meses m\u00ednimo y lo puede mandar tambi\u00e9n por correo normal. La copia del [&hellip;]<\/p>\n","protected":false},"author":3,"featured_media":0,"parent":0,"menu_order":0,"comment_status":"closed","ping_status":"closed","template":"","meta":{"footnotes":""},"class_list":["post-417","page","type-page","status-publish","hentry"],"yoast_head":"<!-- This site is optimized with the Yoast SEO plugin v24.5 - https:\/\/yoast.com\/wordpress\/plugins\/seo\/ -->\n<title>N\u00famero de identificaci\u00f3n fiscal en Espa\u00f1a: solicitud - Dr. Manuel Stiff: Abogado con licencia en Espa\u00f1a y Alemania<\/title>\n<meta name=\"robots\" content=\"index, follow, max-snippet:-1, max-image-preview:large, max-video-preview:-1\" \/>\n<link rel=\"canonical\" href=\"https:\/\/www.stiff.es\/es\/numero-de-identificacion-fiscal-en-espana\/\" \/>\n<meta property=\"og:locale\" content=\"es_ES\" \/>\n<meta property=\"og:type\" content=\"article\" \/>\n<meta property=\"og:title\" content=\"N\u00famero de identificaci\u00f3n fiscal en Espa\u00f1a: solicitud - Dr. Manuel Stiff: Abogado con licencia en Espa\u00f1a y Alemania\" \/>\n<meta property=\"og:description\" content=\"Nos encargamos de solicitar por usted el n\u00famero de identificaci\u00f3n fiscal espa\u00f1ol (NIE o NIF). Para ello necesitamos que nos remita por e-mail una copia de su documento nacional de identidad o su pasaporte. El documento debe tener una validez de seis meses m\u00ednimo y lo puede mandar tambi\u00e9n por correo normal. La copia del [&hellip;]\" \/>\n<meta property=\"og:url\" content=\"https:\/\/www.stiff.es\/es\/numero-de-identificacion-fiscal-en-espana\/\" \/>\n<meta property=\"og:site_name\" content=\"Dr. Manuel Stiff: Abogado con licencia en Espa\u00f1a y Alemania\" \/>\n<meta property=\"article:modified_time\" content=\"2023-03-10T10:48:42+00:00\" \/>\n<meta name=\"twitter:card\" content=\"summary_large_image\" \/>\n<meta name=\"twitter:label1\" content=\"Tiempo de lectura\" \/>\n\t<meta name=\"twitter:data1\" content=\"2 minutos\" \/>\n<script type=\"application\/ld+json\" class=\"yoast-schema-graph\">{\"@context\":\"https:\/\/schema.org\",\"@graph\":[{\"@type\":\"WebPage\",\"@id\":\"https:\/\/www.stiff.es\/es\/numero-de-identificacion-fiscal-en-espana\/\",\"url\":\"https:\/\/www.stiff.es\/es\/numero-de-identificacion-fiscal-en-espana\/\",\"name\":\"N\u00famero de identificaci\u00f3n fiscal en Espa\u00f1a: solicitud - Dr. Manuel Stiff: Abogado con licencia en Espa\u00f1a y Alemania\",\"isPartOf\":{\"@id\":\"https:\/\/www.stiff.es\/#website\"},\"datePublished\":\"2015-09-13T09:48:15+00:00\",\"dateModified\":\"2023-03-10T10:48:42+00:00\",\"breadcrumb\":{\"@id\":\"https:\/\/www.stiff.es\/es\/numero-de-identificacion-fiscal-en-espana\/#breadcrumb\"},\"inLanguage\":\"es\",\"potentialAction\":[{\"@type\":\"ReadAction\",\"target\":[\"https:\/\/www.stiff.es\/es\/numero-de-identificacion-fiscal-en-espana\/\"]}]},{\"@type\":\"BreadcrumbList\",\"@id\":\"https:\/\/www.stiff.es\/es\/numero-de-identificacion-fiscal-en-espana\/#breadcrumb\",\"itemListElement\":[{\"@type\":\"ListItem\",\"position\":1,\"name\":\"Home\",\"item\":\"https:\/\/www.stiff.es\/es\/\"},{\"@type\":\"ListItem\",\"position\":2,\"name\":\"N\u00famero de identificaci\u00f3n fiscal en Espa\u00f1a: solicitud\"}]},{\"@type\":\"WebSite\",\"@id\":\"https:\/\/www.stiff.es\/#website\",\"url\":\"https:\/\/www.stiff.es\/\",\"name\":\"Dr. Manuel Stiff: Abogado con licencia en Espa\u00f1a y Alemania\",\"description\":\"Eine weitere WordPress-Seite\",\"potentialAction\":[{\"@type\":\"SearchAction\",\"target\":{\"@type\":\"EntryPoint\",\"urlTemplate\":\"https:\/\/www.stiff.es\/?s={search_term_string}\"},\"query-input\":{\"@type\":\"PropertyValueSpecification\",\"valueRequired\":true,\"valueName\":\"search_term_string\"}}],\"inLanguage\":\"es\"}]}<\/script>\n<!-- \/ Yoast SEO plugin. -->","yoast_head_json":{"title":"N\u00famero de identificaci\u00f3n fiscal en Espa\u00f1a: solicitud - Dr. Manuel Stiff: Abogado con licencia en Espa\u00f1a y Alemania","robots":{"index":"index","follow":"follow","max-snippet":"max-snippet:-1","max-image-preview":"max-image-preview:large","max-video-preview":"max-video-preview:-1"},"canonical":"https:\/\/www.stiff.es\/es\/numero-de-identificacion-fiscal-en-espana\/","og_locale":"es_ES","og_type":"article","og_title":"N\u00famero de identificaci\u00f3n fiscal en Espa\u00f1a: solicitud - Dr. Manuel Stiff: Abogado con licencia en Espa\u00f1a y Alemania","og_description":"Nos encargamos de solicitar por usted el n\u00famero de identificaci\u00f3n fiscal espa\u00f1ol (NIE o NIF). Para ello necesitamos que nos remita por e-mail una copia de su documento nacional de identidad o su pasaporte. El documento debe tener una validez de seis meses m\u00ednimo y lo puede mandar tambi\u00e9n por correo normal. La copia del [&hellip;]","og_url":"https:\/\/www.stiff.es\/es\/numero-de-identificacion-fiscal-en-espana\/","og_site_name":"Dr. Manuel Stiff: Abogado con licencia en Espa\u00f1a y Alemania","article_modified_time":"2023-03-10T10:48:42+00:00","twitter_card":"summary_large_image","twitter_misc":{"Tiempo de lectura":"2 minutos"},"schema":{"@context":"https:\/\/schema.org","@graph":[{"@type":"WebPage","@id":"https:\/\/www.stiff.es\/es\/numero-de-identificacion-fiscal-en-espana\/","url":"https:\/\/www.stiff.es\/es\/numero-de-identificacion-fiscal-en-espana\/","name":"N\u00famero de identificaci\u00f3n fiscal en Espa\u00f1a: solicitud - Dr. Manuel Stiff: Abogado con licencia en Espa\u00f1a y Alemania","isPartOf":{"@id":"https:\/\/www.stiff.es\/#website"},"datePublished":"2015-09-13T09:48:15+00:00","dateModified":"2023-03-10T10:48:42+00:00","breadcrumb":{"@id":"https:\/\/www.stiff.es\/es\/numero-de-identificacion-fiscal-en-espana\/#breadcrumb"},"inLanguage":"es","potentialAction":[{"@type":"ReadAction","target":["https:\/\/www.stiff.es\/es\/numero-de-identificacion-fiscal-en-espana\/"]}]},{"@type":"BreadcrumbList","@id":"https:\/\/www.stiff.es\/es\/numero-de-identificacion-fiscal-en-espana\/#breadcrumb","itemListElement":[{"@type":"ListItem","position":1,"name":"Home","item":"https:\/\/www.stiff.es\/es\/"},{"@type":"ListItem","position":2,"name":"N\u00famero de identificaci\u00f3n fiscal en Espa\u00f1a: solicitud"}]},{"@type":"WebSite","@id":"https:\/\/www.stiff.es\/#website","url":"https:\/\/www.stiff.es\/","name":"Dr. Manuel Stiff: Abogado con licencia en Espa\u00f1a y Alemania","description":"Eine weitere WordPress-Seite","potentialAction":[{"@type":"SearchAction","target":{"@type":"EntryPoint","urlTemplate":"https:\/\/www.stiff.es\/?s={search_term_string}"},"query-input":{"@type":"PropertyValueSpecification","valueRequired":true,"valueName":"search_term_string"}}],"inLanguage":"es"}]}},"_links":{"self":[{"href":"https:\/\/www.stiff.es\/es\/wp-json\/wp\/v2\/pages\/417","targetHints":{"allow":["GET"]}}],"collection":[{"href":"https:\/\/www.stiff.es\/es\/wp-json\/wp\/v2\/pages"}],"about":[{"href":"https:\/\/www.stiff.es\/es\/wp-json\/wp\/v2\/types\/page"}],"author":[{"embeddable":true,"href":"https:\/\/www.stiff.es\/es\/wp-json\/wp\/v2\/users\/3"}],"replies":[{"embeddable":true,"href":"https:\/\/www.stiff.es\/es\/wp-json\/wp\/v2\/comments?post=417"}],"version-history":[{"count":0,"href":"https:\/\/www.stiff.es\/es\/wp-json\/wp\/v2\/pages\/417\/revisions"}],"wp:attachment":[{"href":"https:\/\/www.stiff.es\/es\/wp-json\/wp\/v2\/media?parent=417"}],"curies":[{"name":"wp","href":"https:\/\/api.w.org\/{rel}","templated":true}]}}