{"id":370,"date":"2015-09-12T16:32:48","date_gmt":"2015-09-12T14:32:48","guid":{"rendered":"http:\/\/stiff2015.stiff.es\/es\/breites-taetigkeitsspektrum\/"},"modified":"2017-08-10T09:41:38","modified_gmt":"2017-08-10T07:41:38","slug":"amplia-gama-de-servicios","status":"publish","type":"page","link":"https:\/\/www.stiff.es\/es\/amplia-gama-de-servicios\/","title":{"rendered":"Amplia gama de servicios"},"content":{"rendered":"<p style=\"text-align: justify;\">Donde otros van de vacaciones, el Dr. Manuel Stiff y sus colegas espa\u00f1oles se ocupan de llevar los casos jur\u00eddicos hispano-alemanes m\u00e1s diversos, constituyendo as\u00ed un punto de enlace entre ambos pa\u00edses a efectos legales.<br \/>\nAsisten a sus clientes para la realizaci\u00f3n de inversiones en Espa\u00f1a y en otras cuestiones econ\u00f3micas, as\u00ed como en la liquidaci\u00f3n de herencias y la compraventa de inmuebles, y los asesoran en asuntos jur\u00eddicos familiares y del impuesto de sucesiones, por ejemplo en caso de defunci\u00f3n de un alem\u00e1n que tenga como masa hereditaria un inmueble espa\u00f1ol, o en el supuesto de un divorcio de dos alemanes con propiedad inmobiliarias en Espa\u00f1a.<br \/>\nAdem\u00e1s, orientan a entidades de cr\u00e9dito y bancos alemanes que desean financiar proyectos en Espa\u00f1a, as\u00ed como a empresas que operan en el \u00e1mbito internacional y realizan negocios de importaci\u00f3n y exportaci\u00f3n con compa\u00f1\u00edas espa\u00f1olas. El campo de actividades del Bufete tambi\u00e9n incluye el seguimiento jur\u00eddico para la constituci\u00f3n de empresas y sociedades (S.L.) en Espa\u00f1a.<br \/>\nLos abogados tambi\u00e9n se encargan de hacer que se apliquen las sentencias alemanas mediante los procedimientos ejecutivos en el extranjero y de defender en Espa\u00f1a los derechos de los clientes alemanes.<br \/>\nAs\u00ed mismo, representan los intereses legales de clientes espa\u00f1oles en Alemania en la negociaci\u00f3n de contratos, acuerdos extrajudiciales y litigios ante los tribunales alemanes.<\/p>\n","protected":false},"excerpt":{"rendered":"<p>Donde otros van de vacaciones, el Dr. Manuel Stiff y sus colegas espa\u00f1oles se ocupan de llevar los casos jur\u00eddicos hispano-alemanes m\u00e1s diversos, constituyendo as\u00ed un punto de enlace entre ambos pa\u00edses a efectos legales. Asisten a sus clientes para la realizaci\u00f3n de inversiones en Espa\u00f1a y en otras cuestiones econ\u00f3micas, as\u00ed como en la [&hellip;]<\/p>\n","protected":false},"author":3,"featured_media":0,"parent":0,"menu_order":0,"comment_status":"closed","ping_status":"closed","template":"","meta":{"footnotes":""},"class_list":["post-370","page","type-page","status-publish","hentry"],"yoast_head":"<!-- This site is optimized with the Yoast SEO plugin v24.5 - https:\/\/yoast.com\/wordpress\/plugins\/seo\/ -->\n<title>Amplia gama de servicios - Dr. Manuel Stiff: Abogado con licencia en Espa\u00f1a y Alemania<\/title>\n<meta name=\"robots\" content=\"index, follow, max-snippet:-1, max-image-preview:large, max-video-preview:-1\" \/>\n<link rel=\"canonical\" href=\"https:\/\/www.stiff.es\/es\/amplia-gama-de-servicios\/\" \/>\n<meta property=\"og:locale\" content=\"es_ES\" \/>\n<meta property=\"og:type\" content=\"article\" \/>\n<meta property=\"og:title\" content=\"Amplia gama de servicios - Dr. Manuel Stiff: Abogado con licencia en Espa\u00f1a y Alemania\" \/>\n<meta property=\"og:description\" content=\"Donde otros van de vacaciones, el Dr. Manuel Stiff y sus colegas espa\u00f1oles se ocupan de llevar los casos jur\u00eddicos hispano-alemanes m\u00e1s diversos, constituyendo as\u00ed un punto de enlace entre ambos pa\u00edses a efectos legales. Asisten a sus clientes para la realizaci\u00f3n de inversiones en Espa\u00f1a y en otras cuestiones econ\u00f3micas, as\u00ed como en la [&hellip;]\" \/>\n<meta property=\"og:url\" content=\"https:\/\/www.stiff.es\/es\/amplia-gama-de-servicios\/\" \/>\n<meta property=\"og:site_name\" content=\"Dr. Manuel Stiff: Abogado con licencia en Espa\u00f1a y Alemania\" \/>\n<meta property=\"article:modified_time\" content=\"2017-08-10T07:41:38+00:00\" \/>\n<meta name=\"twitter:card\" content=\"summary_large_image\" \/>\n<meta name=\"twitter:label1\" content=\"Tiempo de lectura\" \/>\n\t<meta name=\"twitter:data1\" content=\"1 minuto\" \/>\n<script type=\"application\/ld+json\" class=\"yoast-schema-graph\">{\"@context\":\"https:\/\/schema.org\",\"@graph\":[{\"@type\":\"WebPage\",\"@id\":\"https:\/\/www.stiff.es\/es\/amplia-gama-de-servicios\/\",\"url\":\"https:\/\/www.stiff.es\/es\/amplia-gama-de-servicios\/\",\"name\":\"Amplia gama de servicios - Dr. Manuel Stiff: Abogado con licencia en Espa\u00f1a y Alemania\",\"isPartOf\":{\"@id\":\"https:\/\/www.stiff.es\/#website\"},\"datePublished\":\"2015-09-12T14:32:48+00:00\",\"dateModified\":\"2017-08-10T07:41:38+00:00\",\"breadcrumb\":{\"@id\":\"https:\/\/www.stiff.es\/es\/amplia-gama-de-servicios\/#breadcrumb\"},\"inLanguage\":\"es\",\"potentialAction\":[{\"@type\":\"ReadAction\",\"target\":[\"https:\/\/www.stiff.es\/es\/amplia-gama-de-servicios\/\"]}]},{\"@type\":\"BreadcrumbList\",\"@id\":\"https:\/\/www.stiff.es\/es\/amplia-gama-de-servicios\/#breadcrumb\",\"itemListElement\":[{\"@type\":\"ListItem\",\"position\":1,\"name\":\"Home\",\"item\":\"https:\/\/www.stiff.es\/es\/\"},{\"@type\":\"ListItem\",\"position\":2,\"name\":\"Amplia gama de servicios\"}]},{\"@type\":\"WebSite\",\"@id\":\"https:\/\/www.stiff.es\/#website\",\"url\":\"https:\/\/www.stiff.es\/\",\"name\":\"Dr. Manuel Stiff: Abogado con licencia en Espa\u00f1a y Alemania\",\"description\":\"Eine weitere WordPress-Seite\",\"potentialAction\":[{\"@type\":\"SearchAction\",\"target\":{\"@type\":\"EntryPoint\",\"urlTemplate\":\"https:\/\/www.stiff.es\/?s={search_term_string}\"},\"query-input\":{\"@type\":\"PropertyValueSpecification\",\"valueRequired\":true,\"valueName\":\"search_term_string\"}}],\"inLanguage\":\"es\"}]}<\/script>\n<!-- \/ Yoast SEO plugin. -->","yoast_head_json":{"title":"Amplia gama de servicios - Dr. Manuel Stiff: Abogado con licencia en Espa\u00f1a y Alemania","robots":{"index":"index","follow":"follow","max-snippet":"max-snippet:-1","max-image-preview":"max-image-preview:large","max-video-preview":"max-video-preview:-1"},"canonical":"https:\/\/www.stiff.es\/es\/amplia-gama-de-servicios\/","og_locale":"es_ES","og_type":"article","og_title":"Amplia gama de servicios - Dr. Manuel Stiff: Abogado con licencia en Espa\u00f1a y Alemania","og_description":"Donde otros van de vacaciones, el Dr. Manuel Stiff y sus colegas espa\u00f1oles se ocupan de llevar los casos jur\u00eddicos hispano-alemanes m\u00e1s diversos, constituyendo as\u00ed un punto de enlace entre ambos pa\u00edses a efectos legales. Asisten a sus clientes para la realizaci\u00f3n de inversiones en Espa\u00f1a y en otras cuestiones econ\u00f3micas, as\u00ed como en la [&hellip;]","og_url":"https:\/\/www.stiff.es\/es\/amplia-gama-de-servicios\/","og_site_name":"Dr. Manuel Stiff: Abogado con licencia en Espa\u00f1a y Alemania","article_modified_time":"2017-08-10T07:41:38+00:00","twitter_card":"summary_large_image","twitter_misc":{"Tiempo de lectura":"1 minuto"},"schema":{"@context":"https:\/\/schema.org","@graph":[{"@type":"WebPage","@id":"https:\/\/www.stiff.es\/es\/amplia-gama-de-servicios\/","url":"https:\/\/www.stiff.es\/es\/amplia-gama-de-servicios\/","name":"Amplia gama de servicios - Dr. Manuel Stiff: Abogado con licencia en Espa\u00f1a y Alemania","isPartOf":{"@id":"https:\/\/www.stiff.es\/#website"},"datePublished":"2015-09-12T14:32:48+00:00","dateModified":"2017-08-10T07:41:38+00:00","breadcrumb":{"@id":"https:\/\/www.stiff.es\/es\/amplia-gama-de-servicios\/#breadcrumb"},"inLanguage":"es","potentialAction":[{"@type":"ReadAction","target":["https:\/\/www.stiff.es\/es\/amplia-gama-de-servicios\/"]}]},{"@type":"BreadcrumbList","@id":"https:\/\/www.stiff.es\/es\/amplia-gama-de-servicios\/#breadcrumb","itemListElement":[{"@type":"ListItem","position":1,"name":"Home","item":"https:\/\/www.stiff.es\/es\/"},{"@type":"ListItem","position":2,"name":"Amplia gama de servicios"}]},{"@type":"WebSite","@id":"https:\/\/www.stiff.es\/#website","url":"https:\/\/www.stiff.es\/","name":"Dr. Manuel Stiff: Abogado con licencia en Espa\u00f1a y Alemania","description":"Eine weitere WordPress-Seite","potentialAction":[{"@type":"SearchAction","target":{"@type":"EntryPoint","urlTemplate":"https:\/\/www.stiff.es\/?s={search_term_string}"},"query-input":{"@type":"PropertyValueSpecification","valueRequired":true,"valueName":"search_term_string"}}],"inLanguage":"es"}]}},"_links":{"self":[{"href":"https:\/\/www.stiff.es\/es\/wp-json\/wp\/v2\/pages\/370","targetHints":{"allow":["GET"]}}],"collection":[{"href":"https:\/\/www.stiff.es\/es\/wp-json\/wp\/v2\/pages"}],"about":[{"href":"https:\/\/www.stiff.es\/es\/wp-json\/wp\/v2\/types\/page"}],"author":[{"embeddable":true,"href":"https:\/\/www.stiff.es\/es\/wp-json\/wp\/v2\/users\/3"}],"replies":[{"embeddable":true,"href":"https:\/\/www.stiff.es\/es\/wp-json\/wp\/v2\/comments?post=370"}],"version-history":[{"count":0,"href":"https:\/\/www.stiff.es\/es\/wp-json\/wp\/v2\/pages\/370\/revisions"}],"wp:attachment":[{"href":"https:\/\/www.stiff.es\/es\/wp-json\/wp\/v2\/media?parent=370"}],"curies":[{"name":"wp","href":"https:\/\/api.w.org\/{rel}","templated":true}]}}