{"id":351,"date":"2015-09-12T15:49:39","date_gmt":"2015-09-12T13:49:39","guid":{"rendered":"http:\/\/stiff2015.stiff.es\/es\/kanzlei\/"},"modified":"2017-08-10T09:41:39","modified_gmt":"2017-08-10T07:41:39","slug":"bufete","status":"publish","type":"page","link":"https:\/\/www.stiff.es\/es\/bufete\/","title":{"rendered":"El \u00abBufete Hispano-Alem\u00e1n\u00bb"},"content":{"rendered":"<div class=\"fusion-fullwidth fullwidth-box fusion-builder-row-1 hundred-percent-fullwidth non-hundred-percent-height-scrolling\" style=\"--awb-border-radius-top-left:0px;--awb-border-radius-top-right:0px;--awb-border-radius-bottom-right:0px;--awb-border-radius-bottom-left:0px;--awb-overflow:visible;--awb-flex-wrap:wrap;\" ><div class=\"fusion-builder-row fusion-row\"><div class=\"fusion-layout-column fusion_builder_column fusion-builder-column-0 fusion_builder_column_1_1 1_1 fusion-one-full fusion-column-first fusion-column-last fusion-column-no-min-height\" style=\"--awb-bg-size:cover;--awb-margin-bottom:0px;\"><div class=\"fusion-column-wrapper fusion-flex-column-wrapper-legacy\"><div class=\"fusion-text fusion-text-1\"><h2>Gracias a mi despacho de abogados en Mallorca, estoy disponible para mis clientes en toda Espa\u00f1a.<\/h2>\n<\/div><div class=\"fusion-clearfix\"><\/div><\/div><\/div><div class=\"fusion-layout-column fusion_builder_column fusion-builder-column-1 fusion_builder_column_2_3 2_3 fusion-two-third fusion-column-first\" style=\"--awb-bg-size:cover;width:65.3333%; margin-right: 4%;\"><div class=\"fusion-column-wrapper fusion-flex-column-wrapper-legacy\"><div class=\"fusion-text fusion-text-2\"><p style=\"text-align: justify;\">El Bufete Hispano-Alem\u00e1n se ubica junto al pintoresco casco hist\u00f3rico de la ciudad, en pleno centro econ\u00f3mico de Palma de Mallorca. Desde all\u00ed, el Dr. Manuel Stiff, abogado alem\u00e1n y espa\u00f1ol, se encarga de llevar sus asuntos jur\u00eddicos hispano-alemanes, que constituyen el n\u00facleo de nuestra actividad en las islas Baleares, la Espa\u00f1a peninsular y las islas Canarias.<br \/>\nEn el Bufete Hispano-Alem\u00e1n tiene usted a su disposici\u00f3n un equipo de profesionales expertos: Junto al Dr. Manuel Stiff, el fundador del despacho, se ocupar\u00e1n de sus asuntos los abogados espa\u00f1oles <a href=\"http:\/\/www.ondarza-abogados.com\/\" target=\"_blank\">Le\u00f3n de Ondarza <i class=\"fa fa-external-link\"><\/i><\/a> (Derecho naval y mar\u00edtimo) y Carlos V\u00e1zquez Saraz\u00e1 (Derecho procesal), as\u00ed como la asesora fiscal espa\u00f1ola Ursula M\u00fcller-Breitkreutz. El equipo tambi\u00e9n cuenta con dos auxiliares administrativas cualificadas que se encargan de que la organizaci\u00f3n funcione perfectamente. Est\u00e1n disponibles para atenderle en todo momento en alem\u00e1n, espa\u00f1ol e ingl\u00e9s y siempre tienen un momento para escuchar sus consultas y deseos.<\/p>\n<p><a href=\"http:\/\/www.kanzlei-am-stadtgraben.de\" target=\"_blank\">Mi bufete de Alemania <i class=\"fa fa-external-link\"><\/i><\/a><\/p>\n<\/div><div class=\"fusion-clearfix\"><\/div><\/div><\/div><div class=\"fusion-layout-column fusion_builder_column fusion-builder-column-2 fusion_builder_column_1_3 1_3 fusion-one-third fusion-column-last\" style=\"--awb-bg-size:cover;width:30.6666%;\"><div class=\"fusion-column-wrapper fusion-flex-column-wrapper-legacy\"><div class=\"fusion-image-element fusion-image-align-right in-legacy-container\" style=\"text-align:right;--awb-bottom-shadow-color:rgba(0,0,0,0.4);--awb-caption-title-font-family:var(--h2_typography-font-family);--awb-caption-title-font-weight:var(--h2_typography-font-weight);--awb-caption-title-font-style:var(--h2_typography-font-style);--awb-caption-title-size:var(--h2_typography-font-size);--awb-caption-title-transform:var(--h2_typography-text-transform);--awb-caption-title-line-height:var(--h2_typography-line-height);--awb-caption-title-letter-spacing:var(--h2_typography-letter-spacing);\"><div class=\"awb-image-frame awb-image-frame-1 fusion-image-frame-bottomshadow image-frame-shadow-1\"><span class=\" fusion-imageframe imageframe-bottomshadow imageframe-1 element-bottomshadow hover-type-none\"><img decoding=\"async\" width=\"214\" height=\"285\" title=\"Das \u00abBufete Hispano-Alem\u00e1n\u00bb\" src=\"https:\/\/www.stiff.es\/wp-content\/uploads\/2015\/09\/kanzlei_mallorca2.jpg\" alt class=\"img-responsive wp-image-794\"\/><\/span><\/div><\/div><div class=\"fusion-clearfix\"><\/div><\/div><\/div><div class=\"fusion-layout-column fusion_builder_column fusion-builder-column-3 fusion_builder_column_2_3 2_3 fusion-two-third fusion-column-first\" style=\"--awb-bg-size:cover;width:65.3333%; margin-right: 4%;\"><div class=\"fusion-column-wrapper fusion-flex-column-wrapper-legacy\"><div class=\"fusion-text fusion-text-3\"><div id=\"attachment_70\" style=\"width: 85px\" class=\"wp-caption alignleft\"><a href=\"https:\/\/www.stiff.es\/wp-content\/uploads\/2015\/09\/2007-03-23-eroeffnung.pdf\" target=\"_blank\"><img decoding=\"async\" aria-describedby=\"caption-attachment-70\" class=\"size-thumbnail wp-image-70\" src=\"https:\/\/www.stiff.es\/wp-content\/uploads\/2015\/09\/pdf-icon-150x150.png\" alt=\"Inauguraci\u00f3n del nuevo despacho en marzo 2007\" width=\"75\" height=\"75\" srcset=\"https:\/\/www.stiff.es\/wp-content\/uploads\/2015\/09\/pdf-icon-66x66.png 66w, https:\/\/www.stiff.es\/wp-content\/uploads\/2015\/09\/pdf-icon-150x150.png 150w, https:\/\/www.stiff.es\/wp-content\/uploads\/2015\/09\/pdf-icon.png 256w\" sizes=\"(max-width: 75px) 100vw, 75px\" \/><\/a><p id=\"caption-attachment-70\" class=\"wp-caption-text\">PDF<\/p><\/div>\n<p>Inauguraci\u00f3n del nuevo despacho en marzo 2007<\/p>\n<\/div><div class=\"fusion-clearfix\"><\/div><\/div><\/div><div class=\"fusion-layout-column fusion_builder_column fusion-builder-column-4 fusion_builder_column_1_3 1_3 fusion-one-third fusion-column-last\" style=\"--awb-bg-size:cover;width:30.6666%;\"><div class=\"fusion-column-wrapper fusion-flex-column-wrapper-legacy\"><div class=\"fusion-image-element fusion-image-align-right in-legacy-container\" style=\"text-align:right;--awb-bottom-shadow-color:rgba(0,0,0,0.4);--awb-caption-title-font-family:var(--h2_typography-font-family);--awb-caption-title-font-weight:var(--h2_typography-font-weight);--awb-caption-title-font-style:var(--h2_typography-font-style);--awb-caption-title-size:var(--h2_typography-font-size);--awb-caption-title-transform:var(--h2_typography-text-transform);--awb-caption-title-line-height:var(--h2_typography-line-height);--awb-caption-title-letter-spacing:var(--h2_typography-letter-spacing);\"><div class=\"awb-image-frame awb-image-frame-2 fusion-image-frame-bottomshadow image-frame-shadow-2\"><span class=\" fusion-imageframe imageframe-bottomshadow imageframe-2 element-bottomshadow hover-type-none\"><img decoding=\"async\" width=\"214\" height=\"161\" title=\"Er\u00f6ffnung der neuen B\u00fcror\u00e4ume M\u00e4rz 2007\" src=\"https:\/\/www.stiff.es\/wp-content\/uploads\/2015\/09\/IMG_6524.jpg\" alt class=\"img-responsive wp-image-798\"\/><\/span><\/div><\/div><div class=\"fusion-clearfix\"><\/div><\/div><\/div><\/div><\/div>\n","protected":false},"excerpt":{"rendered":"","protected":false},"author":3,"featured_media":0,"parent":0,"menu_order":0,"comment_status":"closed","ping_status":"closed","template":"","meta":{"footnotes":""},"class_list":["post-351","page","type-page","status-publish","hentry"],"yoast_head":"<!-- This site is optimized with the Yoast SEO plugin v24.5 - https:\/\/yoast.com\/wordpress\/plugins\/seo\/ -->\n<title>El &quot;Bufete Hispano-Alem\u00e1n&quot; - Dr. Manuel Stiff: Abogado con licencia en Espa\u00f1a y Alemania<\/title>\n<meta name=\"robots\" content=\"index, follow, max-snippet:-1, max-image-preview:large, max-video-preview:-1\" \/>\n<link rel=\"canonical\" href=\"https:\/\/www.stiff.es\/es\/bufete\/\" \/>\n<meta property=\"og:locale\" content=\"es_ES\" \/>\n<meta property=\"og:type\" content=\"article\" \/>\n<meta property=\"og:title\" content=\"El &quot;Bufete Hispano-Alem\u00e1n&quot; - Dr. Manuel Stiff: Abogado con licencia en Espa\u00f1a y Alemania\" \/>\n<meta property=\"og:url\" content=\"https:\/\/www.stiff.es\/es\/bufete\/\" \/>\n<meta property=\"og:site_name\" content=\"Dr. Manuel Stiff: Abogado con licencia en Espa\u00f1a y Alemania\" \/>\n<meta property=\"article:modified_time\" content=\"2017-08-10T07:41:39+00:00\" \/>\n<meta property=\"og:image\" content=\"https:\/\/www.stiff.es\/wp-content\/uploads\/2015\/09\/kanzlei_mallorca2.jpg\" \/>\n<meta name=\"twitter:card\" content=\"summary_large_image\" \/>\n<meta name=\"twitter:label1\" content=\"Tiempo de lectura\" \/>\n\t<meta name=\"twitter:data1\" content=\"3 minutos\" \/>\n<script type=\"application\/ld+json\" class=\"yoast-schema-graph\">{\"@context\":\"https:\/\/schema.org\",\"@graph\":[{\"@type\":\"WebPage\",\"@id\":\"https:\/\/www.stiff.es\/es\/bufete\/\",\"url\":\"https:\/\/www.stiff.es\/es\/bufete\/\",\"name\":\"El \\\"Bufete Hispano-Alem\u00e1n\\\" - Dr. Manuel Stiff: Abogado con licencia en Espa\u00f1a y Alemania\",\"isPartOf\":{\"@id\":\"https:\/\/www.stiff.es\/#website\"},\"primaryImageOfPage\":{\"@id\":\"https:\/\/www.stiff.es\/es\/bufete\/#primaryimage\"},\"image\":{\"@id\":\"https:\/\/www.stiff.es\/es\/bufete\/#primaryimage\"},\"thumbnailUrl\":\"https:\/\/www.stiff.es\/wp-content\/uploads\/2015\/09\/kanzlei_mallorca2.jpg\",\"datePublished\":\"2015-09-12T13:49:39+00:00\",\"dateModified\":\"2017-08-10T07:41:39+00:00\",\"breadcrumb\":{\"@id\":\"https:\/\/www.stiff.es\/es\/bufete\/#breadcrumb\"},\"inLanguage\":\"es\",\"potentialAction\":[{\"@type\":\"ReadAction\",\"target\":[\"https:\/\/www.stiff.es\/es\/bufete\/\"]}]},{\"@type\":\"ImageObject\",\"inLanguage\":\"es\",\"@id\":\"https:\/\/www.stiff.es\/es\/bufete\/#primaryimage\",\"url\":\"https:\/\/www.stiff.es\/wp-content\/uploads\/2015\/09\/kanzlei_mallorca2.jpg\",\"contentUrl\":\"https:\/\/www.stiff.es\/wp-content\/uploads\/2015\/09\/kanzlei_mallorca2.jpg\"},{\"@type\":\"BreadcrumbList\",\"@id\":\"https:\/\/www.stiff.es\/es\/bufete\/#breadcrumb\",\"itemListElement\":[{\"@type\":\"ListItem\",\"position\":1,\"name\":\"Home\",\"item\":\"https:\/\/www.stiff.es\/es\/\"},{\"@type\":\"ListItem\",\"position\":2,\"name\":\"El \u00abBufete Hispano-Alem\u00e1n\u00bb\"}]},{\"@type\":\"WebSite\",\"@id\":\"https:\/\/www.stiff.es\/#website\",\"url\":\"https:\/\/www.stiff.es\/\",\"name\":\"Dr. Manuel Stiff: Abogado con licencia en Espa\u00f1a y Alemania\",\"description\":\"Eine weitere WordPress-Seite\",\"potentialAction\":[{\"@type\":\"SearchAction\",\"target\":{\"@type\":\"EntryPoint\",\"urlTemplate\":\"https:\/\/www.stiff.es\/?s={search_term_string}\"},\"query-input\":{\"@type\":\"PropertyValueSpecification\",\"valueRequired\":true,\"valueName\":\"search_term_string\"}}],\"inLanguage\":\"es\"}]}<\/script>\n<!-- \/ Yoast SEO plugin. -->","yoast_head_json":{"title":"El \"Bufete Hispano-Alem\u00e1n\" - Dr. Manuel Stiff: Abogado con licencia en Espa\u00f1a y Alemania","robots":{"index":"index","follow":"follow","max-snippet":"max-snippet:-1","max-image-preview":"max-image-preview:large","max-video-preview":"max-video-preview:-1"},"canonical":"https:\/\/www.stiff.es\/es\/bufete\/","og_locale":"es_ES","og_type":"article","og_title":"El \"Bufete Hispano-Alem\u00e1n\" - Dr. Manuel Stiff: Abogado con licencia en Espa\u00f1a y Alemania","og_url":"https:\/\/www.stiff.es\/es\/bufete\/","og_site_name":"Dr. Manuel Stiff: Abogado con licencia en Espa\u00f1a y Alemania","article_modified_time":"2017-08-10T07:41:39+00:00","og_image":[{"url":"https:\/\/www.stiff.es\/wp-content\/uploads\/2015\/09\/kanzlei_mallorca2.jpg","type":"","width":"","height":""}],"twitter_card":"summary_large_image","twitter_misc":{"Tiempo de lectura":"3 minutos"},"schema":{"@context":"https:\/\/schema.org","@graph":[{"@type":"WebPage","@id":"https:\/\/www.stiff.es\/es\/bufete\/","url":"https:\/\/www.stiff.es\/es\/bufete\/","name":"El \"Bufete Hispano-Alem\u00e1n\" - Dr. Manuel Stiff: Abogado con licencia en Espa\u00f1a y Alemania","isPartOf":{"@id":"https:\/\/www.stiff.es\/#website"},"primaryImageOfPage":{"@id":"https:\/\/www.stiff.es\/es\/bufete\/#primaryimage"},"image":{"@id":"https:\/\/www.stiff.es\/es\/bufete\/#primaryimage"},"thumbnailUrl":"https:\/\/www.stiff.es\/wp-content\/uploads\/2015\/09\/kanzlei_mallorca2.jpg","datePublished":"2015-09-12T13:49:39+00:00","dateModified":"2017-08-10T07:41:39+00:00","breadcrumb":{"@id":"https:\/\/www.stiff.es\/es\/bufete\/#breadcrumb"},"inLanguage":"es","potentialAction":[{"@type":"ReadAction","target":["https:\/\/www.stiff.es\/es\/bufete\/"]}]},{"@type":"ImageObject","inLanguage":"es","@id":"https:\/\/www.stiff.es\/es\/bufete\/#primaryimage","url":"https:\/\/www.stiff.es\/wp-content\/uploads\/2015\/09\/kanzlei_mallorca2.jpg","contentUrl":"https:\/\/www.stiff.es\/wp-content\/uploads\/2015\/09\/kanzlei_mallorca2.jpg"},{"@type":"BreadcrumbList","@id":"https:\/\/www.stiff.es\/es\/bufete\/#breadcrumb","itemListElement":[{"@type":"ListItem","position":1,"name":"Home","item":"https:\/\/www.stiff.es\/es\/"},{"@type":"ListItem","position":2,"name":"El \u00abBufete Hispano-Alem\u00e1n\u00bb"}]},{"@type":"WebSite","@id":"https:\/\/www.stiff.es\/#website","url":"https:\/\/www.stiff.es\/","name":"Dr. Manuel Stiff: Abogado con licencia en Espa\u00f1a y Alemania","description":"Eine weitere WordPress-Seite","potentialAction":[{"@type":"SearchAction","target":{"@type":"EntryPoint","urlTemplate":"https:\/\/www.stiff.es\/?s={search_term_string}"},"query-input":{"@type":"PropertyValueSpecification","valueRequired":true,"valueName":"search_term_string"}}],"inLanguage":"es"}]}},"_links":{"self":[{"href":"https:\/\/www.stiff.es\/es\/wp-json\/wp\/v2\/pages\/351","targetHints":{"allow":["GET"]}}],"collection":[{"href":"https:\/\/www.stiff.es\/es\/wp-json\/wp\/v2\/pages"}],"about":[{"href":"https:\/\/www.stiff.es\/es\/wp-json\/wp\/v2\/types\/page"}],"author":[{"embeddable":true,"href":"https:\/\/www.stiff.es\/es\/wp-json\/wp\/v2\/users\/3"}],"replies":[{"embeddable":true,"href":"https:\/\/www.stiff.es\/es\/wp-json\/wp\/v2\/comments?post=351"}],"version-history":[{"count":0,"href":"https:\/\/www.stiff.es\/es\/wp-json\/wp\/v2\/pages\/351\/revisions"}],"wp:attachment":[{"href":"https:\/\/www.stiff.es\/es\/wp-json\/wp\/v2\/media?parent=351"}],"curies":[{"name":"wp","href":"https:\/\/api.w.org\/{rel}","templated":true}]}}