{"id":325,"date":"2015-09-14T11:10:13","date_gmt":"2015-09-14T09:10:13","guid":{"rendered":"http:\/\/stiff2015.stiff.es\/es\/?page_id=325"},"modified":"2017-08-10T09:41:36","modified_gmt":"2017-08-10T07:41:36","slug":"areas-de-especializacion-detalladas","status":"publish","type":"page","link":"https:\/\/www.stiff.es\/es\/areas-de-especializacion-detalladas\/","title":{"rendered":"\u00c1reas de especializaci\u00f3n detalladas"},"content":{"rendered":"<div style=\"text-align: justify;\">\n<p>Soy uno de los pocos abogados con doble licencia para ejercer en Alemania y en Espa\u00f1a, por lo que me ocupo principalmente de asuntos legales hispano-alemanes. Con el fin de poder atender a mis clientes de ambos pa\u00edses de manera \u00f3ptima y sobre el terreno, en el a\u00f1o 2002 fund\u00e9 el \u00abBufete Hispano-Alem\u00e1n\u00bb en Palma de Mallorca. Desde all\u00ed, y desde mi despacho de M\u00fcnster (Alemania), presto mis servicios, por ejemplo, a particulares alemanes que adquieren, heredan o venden un inmueble o una empresa en Espa\u00f1a, o son titulares de ellos a trav\u00e9s de una sociedad (S.L.) o que desean liquidar una sociedad conyugal por divorcio. Yo les muestro c\u00f3mo pueden aprovechar en su beneficio las diferencias y las intersecciones entre el ordenamiento jur\u00eddico alem\u00e1n y el espa\u00f1ol, con el fin de evitar, por ejemplo, un posible caso de doble imposici\u00f3n de la herencia. Quien necesita una sociedad en reserva para un inmueble en Espa\u00f1a o para cualquier otra finalidad a corto plazo, por lo general puede obtener una en un plazo de dos d\u00edas por un precio actual de 3.100 euros.Adem\u00e1s, represento a empresas y bancos alemanes que realizan negocios de importaci\u00f3n o exportaci\u00f3n con Espa\u00f1a o que los financian, invierten all\u00ed o desean ejercer acciones legales contra sus deudores. Entre mis clientes tambi\u00e9n figuran empresas espa\u00f1olas que suscriben contratos en Alemania o que desean estar representados ante los tribunales alemanes. Tambi\u00e9n asesoro legalmente a espa\u00f1oles residentes en Alemania que desean recibir atenci\u00f3n en su lengua materna, por ejemplo para divorciarse de sus c\u00f3nyuges.<\/p>\n<p>As\u00ed mismo, presto mis servicios a empresas \u2014sobre todo de tama\u00f1o medio\u2014 en asuntos civiles, mercantiles y contractuales, para los que casi siempre encontramos soluciones pr\u00e1cticas y sin complicaciones burocr\u00e1ticas. Como es l\u00f3gico, tambi\u00e9n represento los intereses legales de las empresas en los procesos judiciales.<\/p>\n<\/div>\n<div class=\"fusion-fullwidth fullwidth-box fusion-builder-row-1 hundred-percent-fullwidth non-hundred-percent-height-scrolling\" style=\"--awb-border-radius-top-left:0px;--awb-border-radius-top-right:0px;--awb-border-radius-bottom-right:0px;--awb-border-radius-bottom-left:0px;--awb-overflow:visible;--awb-flex-wrap:wrap;\" ><div class=\"fusion-builder-row fusion-row\"><div class=\"fusion-layout-column fusion_builder_column fusion-builder-column-0 fusion_builder_column_1_1 1_1 fusion-one-full fusion-column-first fusion-column-last fusion-column-no-min-height\" style=\"--awb-bg-size:cover;--awb-margin-bottom:0px;\"><div class=\"fusion-column-wrapper fusion-flex-column-wrapper-legacy\"><div class=\"fusion-title title fusion-title-1 fusion-title-text fusion-title-size-three\"><h3 class=\"fusion-title-heading title-heading-left\" style=\"margin:0;\">Esta es una panor\u00e1mica sobre mis \u00e1reas de especializaci\u00f3n<\/h3><span class=\"awb-title-spacer\"><\/span><div class=\"title-sep-container\"><div class=\"title-sep sep-double sep-solid\" style=\"border-color:#e0dede;\"><\/div><\/div><\/div>\n<ul>\n<li>legislaci\u00f3n hispano-alemana en materia de econom\u00eda e inversiones<\/li>\n<li>compraventa de empresas en Espa\u00f1a con la debida seguridad jur\u00eddica (asesoramiento y representaci\u00f3n sobre el terreno)<\/li>\n<li>asesoramiento y organizaci\u00f3n en materia de herencias para inmuebles sitos en Espa\u00f1a o Alemania<\/li>\n<li>constituci\u00f3n de sociedades (S.L.) y adquisici\u00f3n de sociedades en reserva<br \/>\n(las llamadas \u00absoluciones de primer nivel\u00bb)<\/li>\n<li>\u00absoluciones de segundo nivel\u00bb, p. ej., una S.L. espa\u00f1ola cuyas participaciones sean propiedad de una sociedad con domicilio en pa\u00edses con reg\u00edmenes fiscales especiales (sociedades \u00aboff-shore\u00bb)<\/li>\n<li>asesoramiento en materia del impuesto sobre sucesiones para inmuebles espa\u00f1oles<\/li>\n<li>cobro de cr\u00e9ditos en Espa\u00f1a y Alemania<\/li>\n<li>reclamaci\u00f3n de derechos tras accidentes de circulaci\u00f3n en Espa\u00f1a<\/li>\n<li>derecho contractual civil y mercantil para peque\u00f1as y medianas empresas<\/li>\n<\/ul>\n<div class=\"fusion-clearfix\"><\/div><\/div><\/div><\/div><\/div>\n","protected":false},"excerpt":{"rendered":"<p>Soy uno de los pocos abogados con doble licencia para ejercer en Alemania y en Espa\u00f1a, por lo que me ocupo principalmente de asuntos legales hispano-alemanes. Con el fin de poder atender a mis clientes de ambos pa\u00edses de manera \u00f3ptima y sobre el terreno, en el a\u00f1o 2002 fund\u00e9 el \u00abBufete Hispano-Alem\u00e1n\u00bb en Palma [&hellip;]<\/p>\n","protected":false},"author":3,"featured_media":0,"parent":0,"menu_order":0,"comment_status":"closed","ping_status":"closed","template":"","meta":{"footnotes":""},"class_list":["post-325","page","type-page","status-publish","hentry"],"yoast_head":"<!-- This site is optimized with the Yoast SEO plugin v24.5 - https:\/\/yoast.com\/wordpress\/plugins\/seo\/ -->\n<title>\u00c1reas de especializaci\u00f3n detalladas - Dr. Manuel Stiff: Abogado con licencia en Espa\u00f1a y Alemania<\/title>\n<meta name=\"robots\" content=\"index, follow, max-snippet:-1, max-image-preview:large, max-video-preview:-1\" \/>\n<link rel=\"canonical\" href=\"https:\/\/www.stiff.es\/es\/areas-de-especializacion-detalladas\/\" \/>\n<meta property=\"og:locale\" content=\"es_ES\" \/>\n<meta property=\"og:type\" content=\"article\" \/>\n<meta property=\"og:title\" content=\"\u00c1reas de especializaci\u00f3n detalladas - Dr. Manuel Stiff: Abogado con licencia en Espa\u00f1a y Alemania\" \/>\n<meta property=\"og:description\" content=\"Soy uno de los pocos abogados con doble licencia para ejercer en Alemania y en Espa\u00f1a, por lo que me ocupo principalmente de asuntos legales hispano-alemanes. Con el fin de poder atender a mis clientes de ambos pa\u00edses de manera \u00f3ptima y sobre el terreno, en el a\u00f1o 2002 fund\u00e9 el \u00abBufete Hispano-Alem\u00e1n\u00bb en Palma [&hellip;]\" \/>\n<meta property=\"og:url\" content=\"https:\/\/www.stiff.es\/es\/areas-de-especializacion-detalladas\/\" \/>\n<meta property=\"og:site_name\" content=\"Dr. Manuel Stiff: Abogado con licencia en Espa\u00f1a y Alemania\" \/>\n<meta property=\"article:modified_time\" content=\"2017-08-10T07:41:36+00:00\" \/>\n<meta name=\"twitter:card\" content=\"summary_large_image\" \/>\n<meta name=\"twitter:label1\" content=\"Tiempo de lectura\" \/>\n\t<meta name=\"twitter:data1\" content=\"3 minutos\" \/>\n<script type=\"application\/ld+json\" class=\"yoast-schema-graph\">{\"@context\":\"https:\/\/schema.org\",\"@graph\":[{\"@type\":\"WebPage\",\"@id\":\"https:\/\/www.stiff.es\/es\/areas-de-especializacion-detalladas\/\",\"url\":\"https:\/\/www.stiff.es\/es\/areas-de-especializacion-detalladas\/\",\"name\":\"\u00c1reas de especializaci\u00f3n detalladas - Dr. Manuel Stiff: Abogado con licencia en Espa\u00f1a y Alemania\",\"isPartOf\":{\"@id\":\"https:\/\/www.stiff.es\/#website\"},\"datePublished\":\"2015-09-14T09:10:13+00:00\",\"dateModified\":\"2017-08-10T07:41:36+00:00\",\"breadcrumb\":{\"@id\":\"https:\/\/www.stiff.es\/es\/areas-de-especializacion-detalladas\/#breadcrumb\"},\"inLanguage\":\"es\",\"potentialAction\":[{\"@type\":\"ReadAction\",\"target\":[\"https:\/\/www.stiff.es\/es\/areas-de-especializacion-detalladas\/\"]}]},{\"@type\":\"BreadcrumbList\",\"@id\":\"https:\/\/www.stiff.es\/es\/areas-de-especializacion-detalladas\/#breadcrumb\",\"itemListElement\":[{\"@type\":\"ListItem\",\"position\":1,\"name\":\"Home\",\"item\":\"https:\/\/www.stiff.es\/es\/\"},{\"@type\":\"ListItem\",\"position\":2,\"name\":\"\u00c1reas de especializaci\u00f3n detalladas\"}]},{\"@type\":\"WebSite\",\"@id\":\"https:\/\/www.stiff.es\/#website\",\"url\":\"https:\/\/www.stiff.es\/\",\"name\":\"Dr. Manuel Stiff: Abogado con licencia en Espa\u00f1a y Alemania\",\"description\":\"Eine weitere WordPress-Seite\",\"potentialAction\":[{\"@type\":\"SearchAction\",\"target\":{\"@type\":\"EntryPoint\",\"urlTemplate\":\"https:\/\/www.stiff.es\/?s={search_term_string}\"},\"query-input\":{\"@type\":\"PropertyValueSpecification\",\"valueRequired\":true,\"valueName\":\"search_term_string\"}}],\"inLanguage\":\"es\"}]}<\/script>\n<!-- \/ Yoast SEO plugin. -->","yoast_head_json":{"title":"\u00c1reas de especializaci\u00f3n detalladas - Dr. Manuel Stiff: Abogado con licencia en Espa\u00f1a y Alemania","robots":{"index":"index","follow":"follow","max-snippet":"max-snippet:-1","max-image-preview":"max-image-preview:large","max-video-preview":"max-video-preview:-1"},"canonical":"https:\/\/www.stiff.es\/es\/areas-de-especializacion-detalladas\/","og_locale":"es_ES","og_type":"article","og_title":"\u00c1reas de especializaci\u00f3n detalladas - Dr. Manuel Stiff: Abogado con licencia en Espa\u00f1a y Alemania","og_description":"Soy uno de los pocos abogados con doble licencia para ejercer en Alemania y en Espa\u00f1a, por lo que me ocupo principalmente de asuntos legales hispano-alemanes. Con el fin de poder atender a mis clientes de ambos pa\u00edses de manera \u00f3ptima y sobre el terreno, en el a\u00f1o 2002 fund\u00e9 el \u00abBufete Hispano-Alem\u00e1n\u00bb en Palma [&hellip;]","og_url":"https:\/\/www.stiff.es\/es\/areas-de-especializacion-detalladas\/","og_site_name":"Dr. Manuel Stiff: Abogado con licencia en Espa\u00f1a y Alemania","article_modified_time":"2017-08-10T07:41:36+00:00","twitter_card":"summary_large_image","twitter_misc":{"Tiempo de lectura":"3 minutos"},"schema":{"@context":"https:\/\/schema.org","@graph":[{"@type":"WebPage","@id":"https:\/\/www.stiff.es\/es\/areas-de-especializacion-detalladas\/","url":"https:\/\/www.stiff.es\/es\/areas-de-especializacion-detalladas\/","name":"\u00c1reas de especializaci\u00f3n detalladas - Dr. Manuel Stiff: Abogado con licencia en Espa\u00f1a y Alemania","isPartOf":{"@id":"https:\/\/www.stiff.es\/#website"},"datePublished":"2015-09-14T09:10:13+00:00","dateModified":"2017-08-10T07:41:36+00:00","breadcrumb":{"@id":"https:\/\/www.stiff.es\/es\/areas-de-especializacion-detalladas\/#breadcrumb"},"inLanguage":"es","potentialAction":[{"@type":"ReadAction","target":["https:\/\/www.stiff.es\/es\/areas-de-especializacion-detalladas\/"]}]},{"@type":"BreadcrumbList","@id":"https:\/\/www.stiff.es\/es\/areas-de-especializacion-detalladas\/#breadcrumb","itemListElement":[{"@type":"ListItem","position":1,"name":"Home","item":"https:\/\/www.stiff.es\/es\/"},{"@type":"ListItem","position":2,"name":"\u00c1reas de especializaci\u00f3n detalladas"}]},{"@type":"WebSite","@id":"https:\/\/www.stiff.es\/#website","url":"https:\/\/www.stiff.es\/","name":"Dr. Manuel Stiff: Abogado con licencia en Espa\u00f1a y Alemania","description":"Eine weitere WordPress-Seite","potentialAction":[{"@type":"SearchAction","target":{"@type":"EntryPoint","urlTemplate":"https:\/\/www.stiff.es\/?s={search_term_string}"},"query-input":{"@type":"PropertyValueSpecification","valueRequired":true,"valueName":"search_term_string"}}],"inLanguage":"es"}]}},"_links":{"self":[{"href":"https:\/\/www.stiff.es\/es\/wp-json\/wp\/v2\/pages\/325","targetHints":{"allow":["GET"]}}],"collection":[{"href":"https:\/\/www.stiff.es\/es\/wp-json\/wp\/v2\/pages"}],"about":[{"href":"https:\/\/www.stiff.es\/es\/wp-json\/wp\/v2\/types\/page"}],"author":[{"embeddable":true,"href":"https:\/\/www.stiff.es\/es\/wp-json\/wp\/v2\/users\/3"}],"replies":[{"embeddable":true,"href":"https:\/\/www.stiff.es\/es\/wp-json\/wp\/v2\/comments?post=325"}],"version-history":[{"count":0,"href":"https:\/\/www.stiff.es\/es\/wp-json\/wp\/v2\/pages\/325\/revisions"}],"wp:attachment":[{"href":"https:\/\/www.stiff.es\/es\/wp-json\/wp\/v2\/media?parent=325"}],"curies":[{"name":"wp","href":"https:\/\/api.w.org\/{rel}","templated":true}]}}