{"id":319,"date":"2015-09-10T21:11:43","date_gmt":"2015-09-10T19:11:43","guid":{"rendered":"http:\/\/stiff2015.stiff.es\/es\/startseite\/"},"modified":"2019-12-03T17:18:39","modified_gmt":"2019-12-03T16:18:39","slug":"startseite","status":"publish","type":"page","link":"https:\/\/www.stiff.es\/es\/","title":{"rendered":"Dr. Manuel Stiff: Abogado con licencia en Espa\u00f1a y Alemania"},"content":{"rendered":"<div class=\"fusion-fullwidth fullwidth-box fusion-builder-row-1 hundred-percent-fullwidth non-hundred-percent-height-scrolling\" style=\"--awb-border-radius-top-left:0px;--awb-border-radius-top-right:0px;--awb-border-radius-bottom-right:0px;--awb-border-radius-bottom-left:0px;--awb-overflow:visible;--awb-flex-wrap:wrap;\" ><div class=\"fusion-builder-row fusion-row\"><div class=\"fusion-layout-column fusion_builder_column fusion-builder-column-0 fusion_builder_column_1_1 1_1 fusion-one-full fusion-column-first fusion-column-last fusion-column-no-min-height\" style=\"--awb-bg-size:cover;--awb-margin-bottom:0px;\"><div class=\"fusion-column-wrapper fusion-flex-column-wrapper-legacy\"><div class=\"fusion-image-element fusion-image-align-right in-legacy-container\" style=\"text-align:right;--awb-max-width:150px;--awb-caption-title-font-family:var(--h2_typography-font-family);--awb-caption-title-font-weight:var(--h2_typography-font-weight);--awb-caption-title-font-style:var(--h2_typography-font-style);--awb-caption-title-size:var(--h2_typography-font-size);--awb-caption-title-transform:var(--h2_typography-text-transform);--awb-caption-title-line-height:var(--h2_typography-line-height);--awb-caption-title-letter-spacing:var(--h2_typography-letter-spacing);\"><span class=\" fusion-imageframe imageframe-dropshadow imageframe-1 hover-type-none\" style=\"border:8px solid #ffffff;border-radius:4px;-webkit-box-shadow: 3px 3px 7px rgba(0,0,0,0.3);box-shadow: 3px 3px 7px rgba(0,0,0,0.3);margin-left:25px;float:right;\"><img decoding=\"async\" width=\"200\" height=\"301\" alt=\"Dr. Manuel Stiff\" title=\"Dr. Manuel Stiff\" src=\"https:\/\/www.stiff.es\/wp-content\/uploads\/2019\/12\/stiff_1.v2.jpg\" class=\"img-responsive wp-image-1104\"\/><\/span><\/div><div class=\"fusion-text fusion-text-1\"><p style=\"text-align: justify;\">\u00abNo me veo s\u00f3lo como un punto de enlace entre el Derecho alem\u00e1n y el espa\u00f1ol, sino tambi\u00e9n como un mediador cultural y entre las dos mentalidades. Conozco y vivo las dos muy de cerca, y mis clientes se benefician de ello.\u00bb<br \/>\nDr. Manuel Stiff<\/p>\n<\/div><div class=\"fusion-clearfix\"><\/div><\/div><\/div><div class=\"fusion-layout-column fusion_builder_column fusion-builder-column-1 fusion_builder_column_1_1 1_1 fusion-one-full fusion-column-first fusion-column-last fusion-column-no-min-height\" style=\"--awb-bg-size:cover;--awb-margin-bottom:0px;\"><div class=\"fusion-column-wrapper fusion-flex-column-wrapper-legacy\"><div class=\"fusion-title title fusion-title-1 fusion-title-text fusion-title-size-three\"><h3 class=\"fusion-title-heading title-heading-left\" style=\"margin:0;\">\u00c1reas de especializaci\u00f3n<\/h3><span class=\"awb-title-spacer\"><\/span><div class=\"title-sep-container\"><div class=\"title-sep sep-double sep-solid\" style=\"border-color:#e0dede;\"><\/div><\/div><\/div><div class=\"fusion-text fusion-text-2\"><ul>\n<li>Casos de sucesiones hispano-alemanes<\/li>\n<li>Derecho inmobiliario espa\u00f1ol<\/li>\n<li>Derecho societario espa\u00f1ol<\/li>\n<li>Asuntos jur\u00eddicos hispano-alemanes<\/li>\n<li>Derecho econ\u00f3mico hispano-alem\u00e1n<\/li>\n<li>Inversiones hispano-alemanas<\/li>\n<li>Divorcios hispano-alemanes<\/li>\n<li>Liquidaciones patrimoniales hispano-alemanas<br \/>\nen herencias y divorcios<\/li>\n<\/ul>\n<\/div><div class=\"fusion-clearfix\"><\/div><\/div><\/div><\/div><\/div>\n","protected":false},"excerpt":{"rendered":"","protected":false},"author":3,"featured_media":0,"parent":0,"menu_order":0,"comment_status":"closed","ping_status":"closed","template":"100-width.php","meta":{"footnotes":""},"class_list":["post-319","page","type-page","status-publish","hentry"],"yoast_head":"<!-- This site is optimized with the Yoast SEO plugin v24.5 - https:\/\/yoast.com\/wordpress\/plugins\/seo\/ -->\n<title>Dr. Manuel Stiff: Abogado con licencia en Espa\u00f1a y Alemania - Dr. Manuel Stiff: Abogado con licencia en Espa\u00f1a y Alemania<\/title>\n<meta name=\"robots\" content=\"index, follow, max-snippet:-1, max-image-preview:large, max-video-preview:-1\" \/>\n<link rel=\"canonical\" href=\"https:\/\/www.stiff.es\/es\/\" \/>\n<meta property=\"og:locale\" content=\"es_ES\" \/>\n<meta property=\"og:type\" content=\"article\" \/>\n<meta property=\"og:title\" content=\"Dr. Manuel Stiff: Abogado con licencia en Espa\u00f1a y Alemania - Dr. Manuel Stiff: Abogado con licencia en Espa\u00f1a y Alemania\" \/>\n<meta property=\"og:url\" content=\"https:\/\/www.stiff.es\/es\/\" \/>\n<meta property=\"og:site_name\" content=\"Dr. Manuel Stiff: Abogado con licencia en Espa\u00f1a y Alemania\" \/>\n<meta property=\"article:modified_time\" content=\"2019-12-03T16:18:39+00:00\" \/>\n<meta name=\"twitter:card\" content=\"summary_large_image\" \/>\n<meta name=\"twitter:label1\" content=\"Tiempo de lectura\" \/>\n\t<meta name=\"twitter:data1\" content=\"2 minutos\" \/>\n<script type=\"application\/ld+json\" class=\"yoast-schema-graph\">{\"@context\":\"https:\/\/schema.org\",\"@graph\":[{\"@type\":\"WebPage\",\"@id\":\"https:\/\/www.stiff.es\/es\/\",\"url\":\"https:\/\/www.stiff.es\/es\/\",\"name\":\"Dr. Manuel Stiff: Abogado con licencia en Espa\u00f1a y Alemania - Dr. Manuel Stiff: Abogado con licencia en Espa\u00f1a y Alemania\",\"isPartOf\":{\"@id\":\"https:\/\/www.stiff.es\/#website\"},\"datePublished\":\"2015-09-10T19:11:43+00:00\",\"dateModified\":\"2019-12-03T16:18:39+00:00\",\"breadcrumb\":{\"@id\":\"https:\/\/www.stiff.es\/es\/#breadcrumb\"},\"inLanguage\":\"es\",\"potentialAction\":[{\"@type\":\"ReadAction\",\"target\":[\"https:\/\/www.stiff.es\/es\/\"]}]},{\"@type\":\"BreadcrumbList\",\"@id\":\"https:\/\/www.stiff.es\/es\/#breadcrumb\",\"itemListElement\":[{\"@type\":\"ListItem\",\"position\":1,\"name\":\"Home\",\"item\":\"https:\/\/www.stiff.es\/es\/\"},{\"@type\":\"ListItem\",\"position\":2,\"name\":\"Dr. Manuel Stiff: Abogado con licencia en Espa\u00f1a y Alemania\"}]},{\"@type\":\"WebSite\",\"@id\":\"https:\/\/www.stiff.es\/#website\",\"url\":\"https:\/\/www.stiff.es\/\",\"name\":\"Dr. Manuel Stiff: Abogado con licencia en Espa\u00f1a y Alemania\",\"description\":\"Eine weitere WordPress-Seite\",\"potentialAction\":[{\"@type\":\"SearchAction\",\"target\":{\"@type\":\"EntryPoint\",\"urlTemplate\":\"https:\/\/www.stiff.es\/?s={search_term_string}\"},\"query-input\":{\"@type\":\"PropertyValueSpecification\",\"valueRequired\":true,\"valueName\":\"search_term_string\"}}],\"inLanguage\":\"es\"}]}<\/script>\n<!-- \/ Yoast SEO plugin. -->","yoast_head_json":{"title":"Dr. Manuel Stiff: Abogado con licencia en Espa\u00f1a y Alemania - Dr. Manuel Stiff: Abogado con licencia en Espa\u00f1a y Alemania","robots":{"index":"index","follow":"follow","max-snippet":"max-snippet:-1","max-image-preview":"max-image-preview:large","max-video-preview":"max-video-preview:-1"},"canonical":"https:\/\/www.stiff.es\/es\/","og_locale":"es_ES","og_type":"article","og_title":"Dr. Manuel Stiff: Abogado con licencia en Espa\u00f1a y Alemania - Dr. Manuel Stiff: Abogado con licencia en Espa\u00f1a y Alemania","og_url":"https:\/\/www.stiff.es\/es\/","og_site_name":"Dr. Manuel Stiff: Abogado con licencia en Espa\u00f1a y Alemania","article_modified_time":"2019-12-03T16:18:39+00:00","twitter_card":"summary_large_image","twitter_misc":{"Tiempo de lectura":"2 minutos"},"schema":{"@context":"https:\/\/schema.org","@graph":[{"@type":"WebPage","@id":"https:\/\/www.stiff.es\/es\/","url":"https:\/\/www.stiff.es\/es\/","name":"Dr. Manuel Stiff: Abogado con licencia en Espa\u00f1a y Alemania - Dr. Manuel Stiff: Abogado con licencia en Espa\u00f1a y Alemania","isPartOf":{"@id":"https:\/\/www.stiff.es\/#website"},"datePublished":"2015-09-10T19:11:43+00:00","dateModified":"2019-12-03T16:18:39+00:00","breadcrumb":{"@id":"https:\/\/www.stiff.es\/es\/#breadcrumb"},"inLanguage":"es","potentialAction":[{"@type":"ReadAction","target":["https:\/\/www.stiff.es\/es\/"]}]},{"@type":"BreadcrumbList","@id":"https:\/\/www.stiff.es\/es\/#breadcrumb","itemListElement":[{"@type":"ListItem","position":1,"name":"Home","item":"https:\/\/www.stiff.es\/es\/"},{"@type":"ListItem","position":2,"name":"Dr. Manuel Stiff: Abogado con licencia en Espa\u00f1a y Alemania"}]},{"@type":"WebSite","@id":"https:\/\/www.stiff.es\/#website","url":"https:\/\/www.stiff.es\/","name":"Dr. Manuel Stiff: Abogado con licencia en Espa\u00f1a y Alemania","description":"Eine weitere WordPress-Seite","potentialAction":[{"@type":"SearchAction","target":{"@type":"EntryPoint","urlTemplate":"https:\/\/www.stiff.es\/?s={search_term_string}"},"query-input":{"@type":"PropertyValueSpecification","valueRequired":true,"valueName":"search_term_string"}}],"inLanguage":"es"}]}},"_links":{"self":[{"href":"https:\/\/www.stiff.es\/es\/wp-json\/wp\/v2\/pages\/319","targetHints":{"allow":["GET"]}}],"collection":[{"href":"https:\/\/www.stiff.es\/es\/wp-json\/wp\/v2\/pages"}],"about":[{"href":"https:\/\/www.stiff.es\/es\/wp-json\/wp\/v2\/types\/page"}],"author":[{"embeddable":true,"href":"https:\/\/www.stiff.es\/es\/wp-json\/wp\/v2\/users\/3"}],"replies":[{"embeddable":true,"href":"https:\/\/www.stiff.es\/es\/wp-json\/wp\/v2\/comments?post=319"}],"version-history":[{"count":0,"href":"https:\/\/www.stiff.es\/es\/wp-json\/wp\/v2\/pages\/319\/revisions"}],"wp:attachment":[{"href":"https:\/\/www.stiff.es\/es\/wp-json\/wp\/v2\/media?parent=319"}],"curies":[{"name":"wp","href":"https:\/\/api.w.org\/{rel}","templated":true}]}}