{"id":167,"date":"2015-09-12T19:25:39","date_gmt":"2015-09-12T17:25:39","guid":{"rendered":"http:\/\/stiff2015.stiff.es\/?page_id=167"},"modified":"2025-11-28T14:44:13","modified_gmt":"2025-11-28T13:44:13","slug":"erbschaftssteuer-in-spanien","status":"publish","type":"page","link":"https:\/\/www.stiff.es\/es\/erbschaftssteuer-in-spanien\/","title":{"rendered":"Rechtsanwalt Dr. Stiff: Beratung zur Erbschaftssteuer in Spanien"},"content":{"rendered":"<p><div class=\"fusion-fullwidth fullwidth-box fusion-builder-row-1 hundred-percent-fullwidth non-hundred-percent-height-scrolling\" style=\"--awb-border-radius-top-left:0px;--awb-border-radius-top-right:0px;--awb-border-radius-bottom-right:0px;--awb-border-radius-bottom-left:0px;--awb-overflow:visible;--awb-flex-wrap:wrap;\" ><div class=\"fusion-builder-row fusion-row\"><div class=\"fusion-layout-column fusion_builder_column fusion-builder-column-0 fusion_builder_column_1_1 1_1 fusion-one-full fusion-column-first fusion-column-last fusion-column-no-min-height\" style=\"--awb-bg-size:cover;--awb-margin-bottom:0px;\"><div class=\"fusion-column-wrapper fusion-flex-column-wrapper-legacy\"><div class=\"fusion-text fusion-text-1\"><p style=\"text-align: justify;\">Deutsches und spanisches Erbrecht bergen das Potenzial f\u00fcr wechselseitige T\u00fccken, denn das <a title=\"Steuerberatung Mallorca\" href=\"https:\/\/www.stiff.es\/breites-taetigkeitsspektrum\/\">Doppelbesteuerungsabkommen Deutschland-Spanien<\/a> regelt die Erbschaftssteuern nach wie vor nicht. Dies gilt auch f\u00fcr das im Jahre 2012 in Kraft getretene Doppelbesteuerungsabkommen, das im Wesentlichen \u00c4nderungen bei der Rentenbesteuerung und bei der Firmenbesteuerung gebracht hat. Dies bedeutet, dass die Erhebung einer doppelten Erbschaftssteuer in Spanien und Deutschland grunds\u00e4tzlich m\u00f6glich ist. Es gilt aber die Anrechnungsmethode. Somit kann die geringere steuerliche Belastung in dem Land, in dem die h\u00f6here Steuer erhoben wurde, auf Antrag angerechnet werden. Im Ergebnis kommt es also nicht zu einer doppelten Erbschaftsbesteuerung, sondern lediglich zur Anwendung der h\u00f6heren der beiden Steuern.<\/p>\n<\/div><div class=\"fusion-clearfix\"><\/div><\/div><\/div><div class=\"fusion-layout-column fusion_builder_column fusion-builder-column-1 fusion_builder_column_1_1 1_1 fusion-one-full fusion-column-first fusion-column-last fusion-column-no-min-height\" style=\"--awb-bg-size:cover;--awb-margin-bottom:0px;\"><div class=\"fusion-column-wrapper fusion-flex-column-wrapper-legacy\"><div class=\"fusion-title title fusion-title-1 fusion-title-text fusion-title-size-two\"><h2 class=\"fusion-title-heading title-heading-left\" style=\"margin:0;\">Erbschaftssteuer: Spanien und Deutschland unterscheiden sich gravierend<\/h2><span class=\"awb-title-spacer\"><\/span><div class=\"title-sep-container\"><div class=\"title-sep sep-double sep-solid\" style=\"border-color:#e0dede;\"><\/div><\/div><\/div><div class=\"fusion-text fusion-text-2\"><p style=\"text-align: justify;\">Rechtsanwalt Dr. Stiff lebt und praktiziert in Spanien und hat die Entwicklung der letzten Jahre intensiv verfolgt. Generell ist festzuhalten, dass die Erbschaftssteuer Spaniens deutlich h\u00f6her ausf\u00e4llt als ihr deutsches Pendant. Dies liegt unter anderem daran, dass in den meisten Provinzen Spaniens nach wie vor der Freibetrag pro Erbe ca. 16.000 \u20ac ausmacht, der Freibetrag in Deutschland jedoch bei 400.000 \u20ac liegt und im Rahmen der deutschen Schenkungssteuer sogar alle 10 Jahre neu ausgesch\u00f6pft werden kann. Bei der spanischen Schenkungssteuer existiert hingegen keinerlei Freibetrag und keine 10-Jahre-Aussch\u00f6pfungsregel. Damit gestaltete sich die Belastung nicht nur wegen der Freibetragsregeln, sondern auch aufgrund der h\u00f6heren Prozents\u00e4tze zumindest bei Nichtresidenten und in den meisten Provinzen recht hoch.<\/p>\n<\/div><div class=\"fusion-clearfix\"><\/div><\/div><\/div><div class=\"fusion-layout-column fusion_builder_column fusion-builder-column-2 fusion_builder_column_1_1 1_1 fusion-one-full fusion-column-first fusion-column-last fusion-column-no-min-height\" style=\"--awb-bg-size:cover;--awb-margin-bottom:0px;\"><div class=\"fusion-column-wrapper fusion-flex-column-wrapper-legacy\"><div class=\"fusion-title title fusion-title-2 fusion-title-text fusion-title-size-two\"><h2 class=\"fusion-title-heading title-heading-left\" style=\"margin:0;\">Spanisches Erbrecht: Erbschaftssteuer in Spanien vor und ab Januar 2015<\/h2><span class=\"awb-title-spacer\"><\/span><div class=\"title-sep-container\"><div class=\"title-sep sep-double sep-solid\" style=\"border-color:#e0dede;\"><\/div><\/div><\/div><div class=\"fusion-text fusion-text-3\"><p style=\"text-align: justify;\">Durch das Urteil des europ\u00e4ischen Gerichtshofs vom 3.9.2014 ist aber in denjenigen Provinzen, die eine eigene erbschaftsteuerliche Regel haben, nun vieles anders und z. B. auf den Balearen auch g\u00fcnstiger. Der Hintergrund: Einer Klage der Europ\u00e4ischen Union wegen vermeintlicher Europarechtswidrigkeit bez\u00fcglich der unterschiedlichen Behandlung von Residenten und Nichtresidenten hat der Europ\u00e4ische Gerichtshof am 3. September 2014 stattgegeben, woraufhin Steuerausl\u00e4nder nunmehr Spaniern und Residenten erbschaftssteuerlich gleichgestellt sind. Jedoch gilt dies nur f\u00fcr Erbf\u00e4lle mit Bezug zu Immobilien in den \u201eg\u00fcnstigen\u201c Provinzen; bei s\u00e4mtlichen anderen F\u00e4llen, wird altes spanisches Erbrecht angewendet. Erste Ger\u00fcchte besagen, dass m\u00f6glicherweise schon im Jahr 2016 ein neues Erbschaftssteuerrecht im Zentralparlament m\u00f6glicherweise als Rahmenregelung, die dann den Provinzen Spielr\u00e4ume einr\u00e4umen k\u00f6nnte, erlassen werden soll. Ob und wann das geschehen wird h\u00e4ngt von den politischen Verh\u00e4ltnissen ab, die derzeit unsicher sind.<\/p>\n<\/div><div class=\"fusion-clearfix\"><\/div><\/div><\/div><div class=\"fusion-layout-column fusion_builder_column fusion-builder-column-3 fusion_builder_column_1_1 1_1 fusion-one-full fusion-column-first fusion-column-last fusion-column-no-min-height\" style=\"--awb-bg-size:cover;--awb-margin-bottom:0px;\"><div class=\"fusion-column-wrapper fusion-flex-column-wrapper-legacy\"><div class=\"fusion-title title fusion-title-3 fusion-title-text fusion-title-size-two\"><h2 class=\"fusion-title-heading title-heading-left\" style=\"margin:0;\">Beratung beim Rechtsanwalt: Spanien und sein Recht verstehen und profitieren<\/h2><span class=\"awb-title-spacer\"><\/span><div class=\"title-sep-container\"><div class=\"title-sep sep-double sep-solid\" style=\"border-color:#e0dede;\"><\/div><\/div><\/div><div class=\"fusion-text fusion-text-4\"><p style=\"text-align: justify;\">F\u00fcr eine pr\u00e4ventive erbschaftssteuerliche Beratung (im Idealfall sogar vor dem Immobilienerwerb) kann man eine Erstberatung beim Rechtsanwalt in Spanien oder Deutschland vereinbaren, die \u2013 jedenfalls nach dem deutschen Recht \u2013 nicht teurer als 190,00 \u20ac zuz\u00fcglich Mehrwertsteuer und ggf. Auslagen ist. Dr. Stiff ist Experte f\u00fcr spanisches Erbrecht und steht Ihnen in seiner Kanzlei auf Mallorca oder auch in M\u00fcnster gern zur Verf\u00fcgung. Wegen der nach wie vor erheblichen H\u00f6he der Belastung f\u00fcr Nichtresidenten lohnt sich eine Beratung in jedem Fall!<\/p>\n<p><b>Weitere Informationen zum Thema:<\/b><\/p>\n<ul>\n<li><a href=\"https:\/\/www.stiff.es\/erben-und-vererben-von-spanienimmobilien\/\">Erben und Vererben von spanischen Immobilien<\/a><\/li>\n<li><a href=\"https:\/\/www.stiff.es\/antworten-zu-erbschaft-und-immobilienkauf\/\">Antworten zu Immobilienkauf und Erbschaft in Spanien<\/a>\u00a0<\/li>\n<li><a href=\"https:\/\/www.stiff.es\/immobilienkauf-auf-mallorca-was-ist-zu-beachten\/\">Immobilienkauf auf Mallorca \u2192 FAQs<\/a><\/li>\n<\/ul>\n<\/div><div class=\"fusion-clearfix\"><\/div><\/div><\/div><\/div><\/div><div class=\"fusion-fullwidth fullwidth-box fusion-builder-row-2 fusion-flex-container has-pattern-background has-mask-background nonhundred-percent-fullwidth non-hundred-percent-height-scrolling\" style=\"--awb-border-radius-top-left:0px;--awb-border-radius-top-right:0px;--awb-border-radius-bottom-right:0px;--awb-border-radius-bottom-left:0px;--awb-flex-wrap:wrap;\" ><div class=\"fusion-builder-row fusion-row fusion-flex-align-items-flex-start fusion-flex-content-wrap\" style=\"max-width:1206.4px;margin-left: calc(-4% \/ 2 );margin-right: calc(-4% \/ 2 );\"><div class=\"fusion-layout-column fusion_builder_column fusion-builder-column-4 fusion_builder_column_1_1 1_1 fusion-flex-column\" style=\"--awb-bg-size:cover;--awb-width-large:100%;--awb-margin-top-large:0px;--awb-spacing-right-large:1.92%;--awb-margin-bottom-large:20px;--awb-spacing-left-large:1.92%;--awb-width-medium:100%;--awb-order-medium:0;--awb-spacing-right-medium:1.92%;--awb-spacing-left-medium:1.92%;--awb-width-small:100%;--awb-order-small:0;--awb-spacing-right-small:1.92%;--awb-spacing-left-small:1.92%;\"><div class=\"fusion-column-wrapper fusion-column-has-shadow fusion-flex-justify-content-flex-start fusion-content-layout-column\"><div class=\"fusion-separator fusion-full-width-sep\" style=\"align-self: center;margin-left: auto;margin-right: auto;margin-top:35px;margin-bottom:10px;width:100%;max-width:100%;\"><div class=\"fusion-separator-border sep-single sep-solid\" style=\"--awb-height:20px;--awb-amount:20px;border-color:#e0dede;border-top-width:1px;\"><\/div><\/div><style type='text\/css'>.reading-box-container-1 .element-bottomshadow:before,.reading-box-container-1 .element-bottomshadow:after{opacity:0.70;}<\/style><div class=\"fusion-reading-box-container reading-box-container-1\" style=\"--awb-title-color:#333333;--awb-margin-top:0px;--awb-margin-bottom:84px;\"><div class=\"reading-box reading-box-center\" style=\"background-color:#f6f6f6;border-width:0px;border-color:#ff9800;border-style:solid;\"><h2>Vermeiden Sie fr\u00fchzeit die Gefahr wechselseitiger T\u00fccken in Bezug auf deutsches und spanisches Erbrecht. Lassen Sie sich beraten.<\/h2><div class=\"reading-box-additional fusion-reading-box-additional\">\n<p>Kontakt per E-Mail <a href=\"mailto:stiff@stiff.es\" target=\"_blank\" rel=\"noopener\">stiff@stiff.es<\/a> oder per Telefon <a href=\"tel:+34971228140\" target=\"_blank\" rel=\"noopener\">0034 971 228140<\/a>.<br \/>\nOder ganz bequem jetzt hier via Kontaktformular unserer Homepage.<\/p>\n<\/div><div class=\"fusion-clearfix\"><\/div><a class=\"button fusion-button button-default fusion-button-default-size button-default-size button-flat fusion-mobile-button continue-center\" style=\"-webkit-box-shadow:none;-moz-box-shadow:none;box-shadow:none;border-radius:2px 2px 2px 2px\" href=\"https:\/\/www.stiff.es\/anfrageformular\/\" target=\"_self\"><span>Jetzt Kontakt aufnehmen!<\/span><\/a><\/div><\/div><\/div><\/div><\/div><\/div><\/p>\n","protected":false},"excerpt":{"rendered":"","protected":false},"author":3,"featured_media":0,"parent":0,"menu_order":0,"comment_status":"closed","ping_status":"closed","template":"","meta":{"footnotes":""},"class_list":["post-167","page","type-page","status-publish","hentry"],"yoast_head":"<!-- This site is optimized with the Yoast SEO plugin v24.5 - https:\/\/yoast.com\/wordpress\/plugins\/seo\/ -->\n<title>Erbschaftssteuer in Spanien &amp; spanisches Erbrecht | Dr. Stiff<\/title>\n<meta name=\"description\" content=\"Sie sollen Erbschaftssteuer f\u00fcr Besitzt\u00fcmer in Spanien zahlen? Oder m\u00f6chten spanisches Erbrecht verstehen, um besser vorbereitet zu sein? Rechtsanwalt Dr. Stiff ber\u00e4t und unterst\u00fctzt.\" \/>\n<meta name=\"robots\" content=\"index, follow, max-snippet:-1, max-image-preview:large, max-video-preview:-1\" \/>\n<link rel=\"canonical\" href=\"https:\/\/www.stiff.es\/erbschaftssteuer-in-spanien\/\" \/>\n<meta property=\"og:locale\" content=\"es_ES\" \/>\n<meta property=\"og:type\" content=\"article\" \/>\n<meta property=\"og:title\" content=\"Erbschaftssteuer in Spanien &amp; spanisches Erbrecht | Dr. Stiff\" \/>\n<meta property=\"og:description\" content=\"Sie sollen Erbschaftssteuer f\u00fcr Besitzt\u00fcmer in Spanien zahlen? Oder m\u00f6chten spanisches Erbrecht verstehen, um besser vorbereitet zu sein? Rechtsanwalt Dr. Stiff ber\u00e4t und unterst\u00fctzt.\" \/>\n<meta property=\"og:url\" content=\"https:\/\/www.stiff.es\/erbschaftssteuer-in-spanien\/\" \/>\n<meta property=\"og:site_name\" content=\"Dr. Manuel Stiff: Abogado con licencia en Espa\u00f1a y Alemania\" \/>\n<meta property=\"article:modified_time\" content=\"2025-11-28T13:44:13+00:00\" \/>\n<meta name=\"twitter:card\" content=\"summary_large_image\" \/>\n<meta name=\"twitter:label1\" content=\"Tiempo de lectura\" \/>\n\t<meta name=\"twitter:data1\" content=\"3 minutos\" \/>\n<script type=\"application\/ld+json\" class=\"yoast-schema-graph\">{\"@context\":\"https:\/\/schema.org\",\"@graph\":[{\"@type\":\"WebPage\",\"@id\":\"https:\/\/www.stiff.es\/erbschaftssteuer-in-spanien\/\",\"url\":\"https:\/\/www.stiff.es\/erbschaftssteuer-in-spanien\/\",\"name\":\"Erbschaftssteuer in Spanien & spanisches Erbrecht | Dr. Stiff\",\"isPartOf\":{\"@id\":\"https:\/\/www.stiff.es\/#website\"},\"datePublished\":\"2015-09-12T17:25:39+00:00\",\"dateModified\":\"2025-11-28T13:44:13+00:00\",\"description\":\"Sie sollen Erbschaftssteuer f\u00fcr Besitzt\u00fcmer in Spanien zahlen? Oder m\u00f6chten spanisches Erbrecht verstehen, um besser vorbereitet zu sein? Rechtsanwalt Dr. Stiff ber\u00e4t und unterst\u00fctzt.\",\"breadcrumb\":{\"@id\":\"https:\/\/www.stiff.es\/erbschaftssteuer-in-spanien\/#breadcrumb\"},\"inLanguage\":\"es\",\"potentialAction\":[{\"@type\":\"ReadAction\",\"target\":[\"https:\/\/www.stiff.es\/erbschaftssteuer-in-spanien\/\"]}]},{\"@type\":\"BreadcrumbList\",\"@id\":\"https:\/\/www.stiff.es\/erbschaftssteuer-in-spanien\/#breadcrumb\",\"itemListElement\":[{\"@type\":\"ListItem\",\"position\":1,\"name\":\"Home\",\"item\":\"https:\/\/www.stiff.es\/es\/\"},{\"@type\":\"ListItem\",\"position\":2,\"name\":\"Rechtsanwalt Dr. Stiff: Beratung zur Erbschaftssteuer in Spanien\"}]},{\"@type\":\"WebSite\",\"@id\":\"https:\/\/www.stiff.es\/#website\",\"url\":\"https:\/\/www.stiff.es\/\",\"name\":\"Dr. Manuel Stiff: Abogado con licencia en Espa\u00f1a y Alemania\",\"description\":\"Eine weitere WordPress-Seite\",\"potentialAction\":[{\"@type\":\"SearchAction\",\"target\":{\"@type\":\"EntryPoint\",\"urlTemplate\":\"https:\/\/www.stiff.es\/?s={search_term_string}\"},\"query-input\":{\"@type\":\"PropertyValueSpecification\",\"valueRequired\":true,\"valueName\":\"search_term_string\"}}],\"inLanguage\":\"es\"}]}<\/script>\n<!-- \/ Yoast SEO plugin. -->","yoast_head_json":{"title":"Erbschaftssteuer in Spanien & spanisches Erbrecht | Dr. Stiff","description":"Sie sollen Erbschaftssteuer f\u00fcr Besitzt\u00fcmer in Spanien zahlen? Oder m\u00f6chten spanisches Erbrecht verstehen, um besser vorbereitet zu sein? Rechtsanwalt Dr. Stiff ber\u00e4t und unterst\u00fctzt.","robots":{"index":"index","follow":"follow","max-snippet":"max-snippet:-1","max-image-preview":"max-image-preview:large","max-video-preview":"max-video-preview:-1"},"canonical":"https:\/\/www.stiff.es\/erbschaftssteuer-in-spanien\/","og_locale":"es_ES","og_type":"article","og_title":"Erbschaftssteuer in Spanien & spanisches Erbrecht | Dr. Stiff","og_description":"Sie sollen Erbschaftssteuer f\u00fcr Besitzt\u00fcmer in Spanien zahlen? Oder m\u00f6chten spanisches Erbrecht verstehen, um besser vorbereitet zu sein? Rechtsanwalt Dr. Stiff ber\u00e4t und unterst\u00fctzt.","og_url":"https:\/\/www.stiff.es\/erbschaftssteuer-in-spanien\/","og_site_name":"Dr. Manuel Stiff: Abogado con licencia en Espa\u00f1a y Alemania","article_modified_time":"2025-11-28T13:44:13+00:00","twitter_card":"summary_large_image","twitter_misc":{"Tiempo de lectura":"3 minutos"},"schema":{"@context":"https:\/\/schema.org","@graph":[{"@type":"WebPage","@id":"https:\/\/www.stiff.es\/erbschaftssteuer-in-spanien\/","url":"https:\/\/www.stiff.es\/erbschaftssteuer-in-spanien\/","name":"Erbschaftssteuer in Spanien & spanisches Erbrecht | Dr. Stiff","isPartOf":{"@id":"https:\/\/www.stiff.es\/#website"},"datePublished":"2015-09-12T17:25:39+00:00","dateModified":"2025-11-28T13:44:13+00:00","description":"Sie sollen Erbschaftssteuer f\u00fcr Besitzt\u00fcmer in Spanien zahlen? Oder m\u00f6chten spanisches Erbrecht verstehen, um besser vorbereitet zu sein? Rechtsanwalt Dr. Stiff ber\u00e4t und unterst\u00fctzt.","breadcrumb":{"@id":"https:\/\/www.stiff.es\/erbschaftssteuer-in-spanien\/#breadcrumb"},"inLanguage":"es","potentialAction":[{"@type":"ReadAction","target":["https:\/\/www.stiff.es\/erbschaftssteuer-in-spanien\/"]}]},{"@type":"BreadcrumbList","@id":"https:\/\/www.stiff.es\/erbschaftssteuer-in-spanien\/#breadcrumb","itemListElement":[{"@type":"ListItem","position":1,"name":"Home","item":"https:\/\/www.stiff.es\/es\/"},{"@type":"ListItem","position":2,"name":"Rechtsanwalt Dr. Stiff: Beratung zur Erbschaftssteuer in Spanien"}]},{"@type":"WebSite","@id":"https:\/\/www.stiff.es\/#website","url":"https:\/\/www.stiff.es\/","name":"Dr. Manuel Stiff: Abogado con licencia en Espa\u00f1a y Alemania","description":"Eine weitere WordPress-Seite","potentialAction":[{"@type":"SearchAction","target":{"@type":"EntryPoint","urlTemplate":"https:\/\/www.stiff.es\/?s={search_term_string}"},"query-input":{"@type":"PropertyValueSpecification","valueRequired":true,"valueName":"search_term_string"}}],"inLanguage":"es"}]}},"_links":{"self":[{"href":"https:\/\/www.stiff.es\/es\/wp-json\/wp\/v2\/pages\/167","targetHints":{"allow":["GET"]}}],"collection":[{"href":"https:\/\/www.stiff.es\/es\/wp-json\/wp\/v2\/pages"}],"about":[{"href":"https:\/\/www.stiff.es\/es\/wp-json\/wp\/v2\/types\/page"}],"author":[{"embeddable":true,"href":"https:\/\/www.stiff.es\/es\/wp-json\/wp\/v2\/users\/3"}],"replies":[{"embeddable":true,"href":"https:\/\/www.stiff.es\/es\/wp-json\/wp\/v2\/comments?post=167"}],"version-history":[{"count":5,"href":"https:\/\/www.stiff.es\/es\/wp-json\/wp\/v2\/pages\/167\/revisions"}],"predecessor-version":[{"id":1798,"href":"https:\/\/www.stiff.es\/es\/wp-json\/wp\/v2\/pages\/167\/revisions\/1798"}],"wp:attachment":[{"href":"https:\/\/www.stiff.es\/es\/wp-json\/wp\/v2\/media?parent=167"}],"curies":[{"name":"wp","href":"https:\/\/api.w.org\/{rel}","templated":true}]}}