{"id":1542,"date":"2023-08-22T11:49:05","date_gmt":"2023-08-22T09:49:05","guid":{"rendered":"https:\/\/www.stiff.es\/?page_id=1542"},"modified":"2023-08-22T11:50:46","modified_gmt":"2023-08-22T09:50:46","slug":"faq","status":"publish","type":"page","link":"https:\/\/www.stiff.es\/es\/faq\/","title":{"rendered":"FAQ"},"content":{"rendered":"<p><a href=\"#WannAnwalt\">Wann brauche ich einen Anwalt?<\/a><br \/>\n<a href=\"#AnwaltPflicht\">Ist ein Anwalt Pflicht?<\/a><br \/>\n<a href=\"#keinenAnwalt\">Was passiert, wenn man keinen Anwalt hat?<\/a><br \/>\n<a href=\"#deutscheRechtsanwalt\">Wen vertritt der deutsche Rechtsanwalt auf Mallorca?, Anwalt Mallorca, Rechtsanwalt Spanien<\/a><br \/>\n<a href=\"#StandortAnwalts\">Ist der Standort des Anwalts wichtig?<\/a><br \/>\n<a href=\"#Unterlagen\">Welche Unterlagen ben\u00f6tigt ein Anwalt?<\/a><br \/>\n<a href=\"#WelcheKosten\">Welche Kosten entstehen bei einer anwaltlichen Beratung?<\/a><br \/>\n<a href=\"#Beratungsgeb\u00fchr\">Wie hoch ist die Beratungsgeb\u00fchr?<\/a><br \/>\n<a href=\"#Beratungsstunde\">Wie teuer ist eine Beratungsstunde beim Anwalt?<\/a><br \/>\n<a href=\"#Erstberatung\">Was geh\u00f6rt zu einer Erstberatung beim Anwalt?<\/a><\/p>\n<h2 id=\"WannAnwalt\">Wann brauche ich einen Anwalt?<\/h2>\n<p>Es gibt viele Situationen, in denen es sinnvoll sein kann, einen Anwalt hinzuzuziehen. Um Ihnen einen \u00dcberblick zu verschaffen, nennen wir hier einige Beispiele:<\/p>\n<ul>\n<li><strong>Strafrechtliche Angelegenheiten<\/strong>: Wenn Sie einer Straftat beschuldigt werden oder Opfer einer Straftat geworden sind, kann ein Anwalt Ihnen helfen, Sie zu verteidigen, Ihre Rechte durchzusetzen oder eine Entsch\u00e4digung zu erhalten.<\/li>\n<li><strong>Zivilrechtliche Angelegenheiten<\/strong>: Es gibt zahlreiche Gr\u00fcnde f\u00fcr einen Rechtsstreit mit einer anderen Person oder einem Unternehmen, zum Beispiel Vertragsbruch, Schadensersatzforderungen oder Eigentumsstreitigkeiten. Sind Sie in einen solchen Streit verwickelt, kann ein Anwalt Ihnen helfen, Ihre Interessen zu vertreten und eine faire L\u00f6sung zu finden.<\/li>\n<li><strong>Immobilienrechtliche Angelegenheiten<\/strong>: Beim Kauf oder Verkauf von Immobilien oder bei Fragen zum Mietrecht ist es ratsam, einen Anwalt hinzuzuziehen, um sicherzustellen, dass Ihre Interessen gewahrt und alle rechtlichen Aspekte ordnungsgem\u00e4\u00df abgewickelt werden.<\/li>\n<li><strong>Familienrechtliche Angelegenheiten<\/strong>: Wenn Sie sich scheiden lassen m\u00f6chten, eine Sorgerechtsvereinbarung treffen m\u00fcssen oder andere familienrechtliche Fragen haben, kann ein Anwalt Ihnen helfen, Ihre Rechte zu verstehen, rechtliche Dokumente zu erstellen und Ihre Interessen zu verteidigen. Dies gilt umso mehr bei grenz\u00fcberschreitenden Scheidungen, da in den nordeurop\u00e4ischen L\u00e4ndern ganz andere Regeln herrschen als in Spanien.<\/li>\n<li><strong>Arbeitsrechtliche Angelegenheiten<\/strong>: Bei Problemen am Arbeitsplatz, wie z. B. Diskriminierung, K\u00fcndigung, oder Abfindungsverhandlungen kann ein Anwalt Ihnen helfen, Ihre Rechte zu sch\u00fctzen und eine faire L\u00f6sung aushandeln. Ist dies nicht m\u00f6glich, kann ein Anwalt Klage f\u00fcr Sie einreichen.<\/li>\n<\/ul>\n<p>Unsere Kanzlei auf Mallorca ist auf deutsch-spanische Rechtsangelegenheiten spezialisiert. Ein besonderer Fokus liegt auf dem Immobilen- und Erbrecht, wir sind aber auch im Wirtschaftsrecht, Gesellschaftsrecht und auch beratend im Scheidungsrecht t\u00e4tig. Wenn Sie auf diesen Gebieten ein Anliegen haben, nehmen Sie Kontakt zum deutschen Rechtsanwalt in Spanien auf. Mit uns an Ihrer Seite lassen sich alle juristischen Fragen einfach und kompetent kl\u00e4ren.<\/p>\n<p>Wer sich die Frage stellt \u201eWann brauche ich einen Anwalt?\u201c, meint neben den Situationen, in denen ein Rechtsanwalt hilfreich ist, oft auch den zeitlichen Aspekt. Hier gilt: Je fr\u00fcher Sie sich an einen Anwalt wenden, desto besser kann er den Fall zu Ihren Gunsten beeinflussen. Idealerweise lassen sich dann sogar langwierige Gerichtsprozesse vermeiden. Jetzt Kontakt aufnehmen und einen Beratungstermin vereinbaren!<\/p>\n<h2 id=\"AnwaltPflicht\">Ist ein Anwalt Pflicht?<\/h2>\n<p>Eine generelle Anwaltspflicht gibt es weder in Deutschland noch in Spanien. Dennoch ist es in beiden L\u00e4ndern in bestimmten F\u00e4llen Pflicht, einen Anwalt hinzuzuziehen. Bei einigen zivilrechtlichen Verfahren \u2013 zum Beispiel, wenn es um eine Scheidung geht \u2013 muss man sich von einem Anwalt vertreten lassen. Ebenso besteht bei Zivilsachen vor dem Landgericht, Oberlandesgericht oder dem Bundesgerichtshof ein Anwaltszwang. Auch bei anderen Zivil- und Strafverfahren ist vor h\u00f6heren Gerichten oder in speziellen F\u00e4llen ist die Vertretung durch einen Anwalt Pflicht. In Spanien ist es sogar gesetzlich vorgeschrieben, bei allen Strafverfahren mit einem Anwalt vor Gericht zu erscheinen.<\/p>\n<p>Auch in F\u00e4llen, in denen es nicht zwingend notwendig ist, eine rechtliche Vertretung zu haben, kann es durchaus sinnvoll sein, einen Anwalt zu konsultieren oder zu engagieren. Dieser kann Ihre Rechte und Interessen am besten sch\u00fctzen \u2013 egal ob es um einen Prozess vor Gericht oder eine Vertragsverhandlung geht.<\/p>\n<h2 id=\"keinenAnwalt\">Was passiert, wenn man keinen Anwalt hat?<\/h2>\n<p>Wenn Sie in einer Situation sind, in der rechtliche Fragen oder Streitigkeiten auftreten, ist es meist von Vorteil, einen Anwalt zu haben, um Ihre Interessen zu sch\u00fctzen und Ihre Rechte zu verteidigen. Wer keinen Anwalt hinzuzieht, muss sich selbst verteidigen und kennt wahrscheinlich nicht alle Optionen und Rechte, sodass schlechtere Ergebnisse erzielt werden.<\/p>\n<p>Um solche Situationen im Vorhinein bei au\u00dfergerichtlichen Vertragsverhandlungen zu vermeiden, sollte gerade bei Immobiliengesch\u00e4ften in Spanien unbedingt ein sprachlich versierter und erfahrener Anwalt beim Immobilienerwerb die Vertr\u00e4ge erstellen oder \u00fcberpr\u00fcfen. Auch bei der innerfamili\u00e4ren \u00dcbertragung kann Sie der Anwalt betreuen, beraten, Vertr\u00e4ge entwerfen oder \u00fcberpr\u00fcfen, das Grundbuch, das Kataster und ggf. weitere Legalit\u00e4tsfragen \u00fcberpr\u00fcfen, bevor ein Vertrag unterzeichnet wird und man dann in der Erf\u00fcllungsposition gezwungen ist, dem Vertrag zu entsprechen. Meist kommt man dann ohne Geldverluste nicht aus dem Vertrag heraus, es sei denn es wurden gewissen Erf\u00fcllungsvoraussetzungen durch den Verk\u00e4ufer eingearbeitet, die nun f\u00fcr den K\u00e4ufer ein Ausstiegstor \u00f6ffnen k\u00f6nnen, wenn das die neue Interessenlage des K\u00e4ufers geworden ist.<\/p>\n<p>In den meisten L\u00e4ndern kann man sich am Amtsgericht \u2013 au\u00dfer vor dem Familiengericht \u2013 selbst verteidigen. Jedoch besteht dann die Gefahr, dass man ohne professionelle Unterst\u00fctzung seine Anspr\u00fcche nicht so effektiv umsetzen kann. Vor allem wenn die Gegenpartei einen Anwalt hat, herrscht ein Ungleichgewicht, was schnell zum Nachteil der Partei ohne juristische Vertretung werden kann.<\/p>\n<p>In vielen strafrechtlichen Angelegenheiten ist es \u00fcberhaupt nicht zul\u00e4ssig, ohne Anwalt vor Gericht zu erscheinen. Wer dies dennoch tut, riskiert, dass ein Vers\u00e4umnisurteil gegen ihn erlassen wird.<\/p>\n<p>Fazit: Es ist auf jeden Fall ratsam, einen Anwalt zu konsultieren, wenn Sie einen Vertrag abschlie\u00dfen wollen oder in eine rechtliche Auseinandersetzung verwickelt sind oder Fragen haben, die sich auf das Gesetz beziehen. Profitieren Sie von unserer Expertise und lassen Sie sich professionell beraten. Jetzt anrufen!<\/p>\n<h2 id=\"deutscheRechtsanwalt\">Wen vertritt der deutsche Rechtsanwalt auf Mallorca?<\/h2>\n<p>Dr. Stiff &amp; Partner sind deutsche und spanische Rechtsanw\u00e4lte auf Mallorca teils mit Doppelzulassung in Spanien und Deutschland. Mit seiner Expertise in verschiedenen Rechtsgebieten vertritt er Deutsche, Schweizer, \u00d6sterreicher und andere in diversen juristischen Angelegenheiten. Ein besonderer Fokus von Dr. Stiff und seinen spanischen Kollegen liegt auf dem Immobilienrecht und dem Erbrecht. Als erfahrener Anwalt kennt er sowohl die deutsche als auch die spanische Gesetzeslage und kann bez\u00fcglich Erbschaftssteuer oder besonders vorweggenommenen Erbschaften beraten. Diese Schenkungen oder \u00dcbertragungen von Verm\u00f6genswerten unterliegen in Spanien speziellen rechtlichen Voraussetzungen, die in jeder Provinz unterschiedlich sind. Da die Regelungen zur Besteuerung sehr komplex sind, ist eine fr\u00fchzeitige Konsultation eines Anwalts und\/oder Steuerberaters dringend empfohlen. Auch wenn Sie einen Immobilienkauf in Spanien planen, sollten Sie sich Unterst\u00fctzung bei dem Thema \u201erechtssicherer Immobilienerwerb\u201c mit \u201epr\u00e4ventiv erbrechtlicher Beratung\u201c durch einen versierten Anwalt wie Herrn Dr. Stiff holen.<\/p>\n<p>Unsere Anwaltskanzlei auf Mallorca ber\u00e4t zudem deutsche Unternehmen, Banken und Kreditinstitute, die an Projekten in Spanien beteiligt sind. Ob es um Investitionen geht oder um eine Gesellschaftsgr\u00fcndung \u2013 wir sind kompetente Ansprechpartner f\u00fcr diese Rechtsangelegenheiten. Unser B\u00fcro in Palma de Mallorca ist Anlaufstelle f\u00fcr alle, die einen Rechtsanwalt in Spanien suchen.<\/p>\n<h2 id=\"StandortAnwalts\">Ist der Standort des Anwalts wichtig?<\/h2>\n<p>In vielen F\u00e4llen kann der Standort des Anwalts wichtig sein. So muss er mit den lokalen Gesetzen, Verfahrensweisen und Gerichten vertraut sein, um effektiv in einem bestimmten Gebiet zu praktizieren. Zudem ist es hilfreich, wenn der Anwalt Ortskenntnisse hat, die Landessprache beherrscht und auf kulturelle Gepflogenheiten eingehen kann. Auch die politische Lage sollte bekannt sein, da sich diese auf den Rechtsfall und k\u00fcnftige Gesetzesver\u00e4nderungen auswirken kann.<\/p>\n<p>Wenn Deutschsprachige auf Mallorca einen Anwalt oder Steuerberater brauchen, ist es sinnvoll, wenn dieser die deutsche Sprache beherrscht. Dies erleichtert die Kommunikation, gerade wenn es um komplizierte juristische Sachverhalte, die sich nach spanischem Recht richten, geht. Bei Dr. Stiff k\u00f6nnen Besprechungen auf Mallorca stattfinden aber auch in M\u00fcnster\/Westfalen in Deutschland.<\/p>\n<p>Unsere Kanzlei mit einem Anwalt, der \u00fcber eine Doppelzulassung in Spanien und Deutschland verf\u00fcgt, ist die ideale L\u00f6sung, wenn Sie eine juristische Vertretung auf Mallorca suchen.<\/p>\n<h2 id=\"Unterlagen\">Welche Unterlagen ben\u00f6tigt ein Anwalt?<\/h2>\n<p>Die genauen Unterlagen, die ein Anwalt ben\u00f6tigt, sind von der Art der rechtlichen Angelegenheit abh\u00e4ngig. Dies sind einige Beispiele f\u00fcr Unterlagen, die Sie Ihrem Anwalt zur Verf\u00fcgung stellen m\u00fcssen:<\/p>\n<ul>\n<li>Identifikationsunterlagen: Dazu geh\u00f6ren Kopien von Personalausweis, Reisepass, F\u00fchrerschein oder anderen offiziellen Identifikationsdokumenten.<\/li>\n<li>Vollmachten: Soll der Anwalt im Namen des Mandanten handeln, k\u00f6nnen unter Umst\u00e4nden notarielle Bevollm\u00e4chtigungen erforderlich sein. Diese entwirft der Anwalt Ihres Vertrauens!<\/li>\n<li>Vertr\u00e4ge und Vereinbarungen: Wenn es um Vertragsangelegenheiten geht, ben\u00f6tigt der Anwalt Kopien aller relevanten Vertr\u00e4ge, Vereinbarungen oder Gesch\u00e4ftsunterlagen.<\/li>\n<li>Finanzunterlagen: In finanziellen Angelegenheiten k\u00f6nnten Steuererkl\u00e4rungen, Bankausz\u00fcge, Gehaltsabrechnungen oder Unternehmensbilanzen ben\u00f6tigt werden.<\/li>\n<li>Immobilienunterlagen: Geht es um Immobilien, braucht der Anwalt Einblick in Grundbucheintr\u00e4ge, Mietvertr\u00e4ge oder Eigentumsnachweise. So sind zum Beispiel eine Kopie der Escritura, der damaligen notariellen Erwerbsurkunde, und der IBIB \u2013 der Grundsteuerbescheid \u2013 sehr hilfreich.<\/li>\n<li>Korrespondenz: Jegliche schriftliche Kommunikation, die im Zusammenhang mit dem Sachverhalt steht, wie E-Mails, Briefe oder Notizen, kann f\u00fcr den Anwalt hilfreich sein.<\/li>\n<li>Beweismittel: Alle Beweismittel wie Fotos, Videos, Dokumente oder Aufzeichnungen, die wichtig sein k\u00f6nnen, sollten bereitgestellt werden.<\/li>\n<li>Gerichtsdokumente: Ist der Fall bereits vor Gericht, werden alle relevanten Dokumente, wie Klageschriften, Schrifts\u00e4tze oder Gerichtsbeschl\u00fcsse ben\u00f6tigt.<\/li>\n<li>Zeugenkontakte: Wenn Zeugenaussagen erforderlich sind, sollten Sie Kontakte m\u00f6glicher Zeugen angeben und bereits geleistete Aussagen liefern.<\/li>\n<\/ul>\n<p>Je nach Thema und den \u00f6rtlichen Gesetzen k\u00f6nnen die Anforderungen variieren. Der Anwalt wird klar und fr\u00fchzeitig kommunizieren, welche Unterlagen er ben\u00f6tigt, um den Fall bestm\u00f6glich zu betreuen.<\/p>\n<h2 id=\"WelcheKosten\">Welche Kosten entstehen bei der anwaltlichen Beratung?<\/h2>\n<p>Die Kosten f\u00fcr eine anwaltliche Beratung h\u00e4ngen von verschiedenen Faktoren ab. Sie variieren je nach Art der rechtlichen Dienstleistungen und der Region, in der der Anwalt t\u00e4tig ist. Zudem kommt es auf individuelle Vereinbarungen zwischen Mandanten und Anwalt an. Deutsche Anw\u00e4lte mit Zulassungen in Deutschland und Spanien m\u00fcssen die berufsrechtlichen Regelungen beider L\u00e4nder ber\u00fccksichtigen. In der Praxis erfolgt die Abrechnung h\u00e4ufig nach dem deutschen Rechtsanwaltsverg\u00fctungsgesetz (RVG), da dies \u00fcberschaubarer ist und meist die \u00f6konomisch attraktivere L\u00f6sung f\u00fcr Mandanten darstellt.<\/p>\n<p>Unabh\u00e4ngig des RVG oder der spanischen Orientierungsrichtlinien k\u00f6nnen Anwalt und Mandant andere Verg\u00fctungsmodelle vereinbaren. Dabei hat sich das Pauschalhonorar h\u00e4ufig bew\u00e4hrt da es einen \u00dcberblick von Anfang an gew\u00e4hrt.<\/p>\n<p>Zus\u00e4tzlich zum Honorar f\u00fcr den Anwalt kommen unter Umst\u00e4nden gesetzliche Geb\u00fchren auf die Mandanten zu. In Spanien regelt Artikel 241 Absatz 1 Ziffer 1 der Zivilprozessordnung (Ley de Enjuiciamiento Civil) die Geb\u00fchren von Rechtsanw\u00e4lten f\u00fcr F\u00e4lle, in denen ein rechtlicher Beistand vorgeschrieben ist. Diese orientieren sich am Streitwert. In Strafverfahren richten sich die Geb\u00fchren nach der Strafprozessordnung.<\/p>\n<p>Es ist ratsam, sich vor der Inanspruchnahme von anwaltlichen Dienstleistungen \u00fcber die Geb\u00fchrenstruktur zu informieren und die Kosten im Detail zu besprechen.<\/p>\n<h2 id=\"Beratungsgeb\u00fchr\">Wie hoch ist die Beratungsgeb\u00fchr?<\/h2>\n<p>Die Frage nach den Kosten f\u00fcr eine anwaltliche Beratung l\u00e4sst sich nicht allgemein beantworten. Sie h\u00e4ngen vom Rechtsgebiet, der geografischen Lage sowie der Komplexit\u00e4t des Rechtsproblems ab. Entweder wird eine Pauschalverg\u00fctung vereinbart, oder es erfolgt eine Verg\u00fctung auf Stundenbasis. Folgende Modelle sind dabei g\u00e4ngig:<\/p>\n<ul>\n<li>Abrechnung auf Stundenbasis: Bei diesem Modell erfolgt die Abrechnung unabh\u00e4ngig vom Streitwert.<\/li>\n<li>Pauschalhonorare: Diese Methode bietet sich an, wenn absch\u00e4tzbar ist, wie hoch der Aufwand ist.<\/li>\n<li>Feste Monatspauschale: F\u00fcr Unternehmen ist dies eine attraktive L\u00f6sung, um dauerhaft rechtlichen Beistand bei au\u00dfergerichtlichen Angelegenheiten zu haben.<\/li>\n<li>Ein einmalige Erstberatung kostet in der Regel netto 190 \u20ac, also zzgl. Steuern und ggfl. Auslagen und dauert nach den gesetzgeberischen Vorstellungen nicht unbedingt l\u00e4nger als eine Stunde. Setzt sich diese Beratung fort, muss nach dem Gegenstandwert abgerechnet werden, sollte nichts anderes vereinbart sein.<\/li>\n<\/ul>\n<h2 id=\"Beratungsstunde\">Wie teuer ist eine Beratungsstunde beim Anwalt?<\/h2>\n<p>\u00dcbliche Kosten f\u00fcr eine Beratungsstunde beim Anwalt sind in Spanien 250 bis 350 Euro pro Stunde. Oft wird die Erstberatung f\u00fcr 190 \u20ac netto, also zu einem reduzierten Tarif, angeboten.<\/p>\n<p>Es ist wichtig, dass Anwalt und Mandant im Vorhinein offen \u00fcber die Kosten sowie Geb\u00fchren sprechen und eine klare Vereinbarung treffen. Eine transparente Kommunikation bez\u00fcglich der finanziellen Aspekte hilft, Missverst\u00e4ndnisse und \u00dcberraschungen zu vermeiden<\/p>\n<h2 id=\"Erstberatung\">Was geh\u00f6rt zu einer Erstberatung beim Anwalt?<\/h2>\n<p>Eine Erstberatung beim Anwalt ist notwendig, um das rechtliche Problem zu besprechen, eine grobe Einsch\u00e4tzung der Situation zu erhalten und um sich auch erstmal kennen zu lernen. Die genauen Inhalte einer Erstberatung k\u00f6nnen je nach Fachgebiet und Fall variieren, aber sie k\u00f6nnen folgende Punkte umfassen:<\/p>\n<ol>\n<li>Vorstellung des Problems: Der Mandant erkl\u00e4rt dem Anwalt sein rechtliches Anliegen und die Situation, mit der er konfrontiert ist. Je klarer und detaillierter diese Schilderung erfolgt, desto besser kann der Anwalt die Situation verstehen.<\/li>\n<li>Einsch\u00e4tzung der Rechtslage: Der Anwalt h\u00f6rt sich die Beschreibung an und gibt eine erste Einsch\u00e4tzung der rechtlichen Lage. Er kann erkl\u00e4ren, welche Gesetze und Regulierungen relevant sind und wie diese auf den Fall anwendbar sind.<\/li>\n<li>M\u00f6gliche rechtliche Schritte: Der Anwalt zeigt verschiedene Handlungsoptionen auf, die als n\u00e4chstes ergriffen werden k\u00f6nnen. Er kann die rechtliche Tragweite dieser Schritte erl\u00e4utern und liefert Informationen, wie diese ablaufen.<\/li>\n<li>Chancen und Risiken: Der Anwalt kann sowohl Erfolgsaussichten als auch m\u00f6gliche Risiken der verschiedenen Handlungsoptionen aufzeigen. Er kann Ihnen helfen, die Vor- und Nachteile abzuw\u00e4gen, um eine kluge Entscheidung zu treffen.<\/li>\n<li>Kosten: Es bietet sich an, w\u00e4hrend der Erstberatung auch \u00fcber die anfallenden Kosten zu sprechen. Dies kann die Geb\u00fchrenstruktur oder andere finanzielle Aspekte betreffen.<\/li>\n<li>Weitere Schritte: Basierend auf den Ergebnissen der Erstberatung kann der Anwalt Ihnen empfehlen, weitere rechtliche Schritte einzuleiten, Dokumente einzureichen oder zus\u00e4tzliche Informationen zu sammeln.<\/li>\n<\/ol>\n<p>Gut zu wissen: Nicht nur das Erstgespr\u00e4ch unterliegt der Vertraulichkeit. Der Anwalt ist an die Anwaltspflicht zur Verschwiegenheit gebunden und darf keine vertraulichen Informationen ohne die Zustimmung des Mandanten weitergeben. So k\u00f6nnen Sie Ihr Anliegen vertraulich mit dem Anwalt besprechen.<\/p>\n<p>Es ist wichtig zu beachten, dass die Erstberatung dazu dient, einen ersten Eindruck von der Situation zu bekommen, aber in der Regel keine umfassende Rechtsberatung oder detaillierte Analyse beinhaltet. Wer sich nach der Erstberatung f\u00fcr eine weitere Zusammenarbeit mit dem Anwalt entscheidet, erh\u00e4lt dann auch eine genauere Analyse und Beratung.<\/p>\n","protected":false},"excerpt":{"rendered":"<p>Wann brauche ich einen Anwalt? Ist ein Anwalt Pflicht? Was passiert, wenn man keinen Anwalt hat? Wen vertritt der deutsche Rechtsanwalt auf Mallorca?, Anwalt Mallorca, Rechtsanwalt Spanien Ist der Standort des Anwalts wichtig? Welche Unterlagen ben\u00f6tigt ein Anwalt? Welche Kosten entstehen bei einer anwaltlichen Beratung? Wie hoch ist die Beratungsgeb\u00fchr? Wie teuer ist eine Beratungsstunde [&hellip;]<\/p>\n","protected":false},"author":4,"featured_media":0,"parent":0,"menu_order":0,"comment_status":"closed","ping_status":"closed","template":"","meta":{"footnotes":""},"class_list":["post-1542","page","type-page","status-publish","hentry"],"yoast_head":"<!-- This site is optimized with the Yoast SEO plugin v24.5 - https:\/\/yoast.com\/wordpress\/plugins\/seo\/ -->\n<title>Wann brauche ich einen Anwalt? | Rechtsanwalt Dr. Stiff<\/title>\n<meta name=\"description\" content=\"Lesen Sie in unserem FAQ-Bereich, wann man einen Anwalt braucht, welche Unterlagen dieser ben\u00f6tigt und welche Kosten entstehen. \u25ba Jetzt informieren!\" \/>\n<meta name=\"robots\" content=\"index, follow, max-snippet:-1, max-image-preview:large, max-video-preview:-1\" \/>\n<link rel=\"canonical\" href=\"https:\/\/www.stiff.es\/faq\/\" \/>\n<meta property=\"og:locale\" content=\"es_ES\" \/>\n<meta property=\"og:type\" content=\"article\" \/>\n<meta property=\"og:title\" content=\"Wann brauche ich einen Anwalt? | Rechtsanwalt Dr. Stiff\" \/>\n<meta property=\"og:description\" content=\"Lesen Sie in unserem FAQ-Bereich, wann man einen Anwalt braucht, welche Unterlagen dieser ben\u00f6tigt und welche Kosten entstehen. \u25ba Jetzt informieren!\" \/>\n<meta property=\"og:url\" content=\"https:\/\/www.stiff.es\/faq\/\" \/>\n<meta property=\"og:site_name\" content=\"Dr. Manuel Stiff: Abogado con licencia en Espa\u00f1a y Alemania\" \/>\n<meta property=\"article:modified_time\" content=\"2023-08-22T09:50:46+00:00\" \/>\n<meta name=\"twitter:card\" content=\"summary_large_image\" \/>\n<meta name=\"twitter:label1\" content=\"Tiempo de lectura\" \/>\n\t<meta name=\"twitter:data1\" content=\"13 minutos\" \/>\n<script type=\"application\/ld+json\" class=\"yoast-schema-graph\">{\"@context\":\"https:\/\/schema.org\",\"@graph\":[{\"@type\":\"WebPage\",\"@id\":\"https:\/\/www.stiff.es\/faq\/\",\"url\":\"https:\/\/www.stiff.es\/faq\/\",\"name\":\"Wann brauche ich einen Anwalt? | Rechtsanwalt Dr. Stiff\",\"isPartOf\":{\"@id\":\"https:\/\/www.stiff.es\/#website\"},\"datePublished\":\"2023-08-22T09:49:05+00:00\",\"dateModified\":\"2023-08-22T09:50:46+00:00\",\"description\":\"Lesen Sie in unserem FAQ-Bereich, wann man einen Anwalt braucht, welche Unterlagen dieser ben\u00f6tigt und welche Kosten entstehen. \u25ba Jetzt informieren!\",\"breadcrumb\":{\"@id\":\"https:\/\/www.stiff.es\/faq\/#breadcrumb\"},\"inLanguage\":\"es\",\"potentialAction\":[{\"@type\":\"ReadAction\",\"target\":[\"https:\/\/www.stiff.es\/faq\/\"]}]},{\"@type\":\"BreadcrumbList\",\"@id\":\"https:\/\/www.stiff.es\/faq\/#breadcrumb\",\"itemListElement\":[{\"@type\":\"ListItem\",\"position\":1,\"name\":\"Home\",\"item\":\"https:\/\/www.stiff.es\/es\/\"},{\"@type\":\"ListItem\",\"position\":2,\"name\":\"FAQ\"}]},{\"@type\":\"WebSite\",\"@id\":\"https:\/\/www.stiff.es\/#website\",\"url\":\"https:\/\/www.stiff.es\/\",\"name\":\"Dr. Manuel Stiff: Abogado con licencia en Espa\u00f1a y Alemania\",\"description\":\"Eine weitere WordPress-Seite\",\"potentialAction\":[{\"@type\":\"SearchAction\",\"target\":{\"@type\":\"EntryPoint\",\"urlTemplate\":\"https:\/\/www.stiff.es\/?s={search_term_string}\"},\"query-input\":{\"@type\":\"PropertyValueSpecification\",\"valueRequired\":true,\"valueName\":\"search_term_string\"}}],\"inLanguage\":\"es\"}]}<\/script>\n<!-- \/ Yoast SEO plugin. -->","yoast_head_json":{"title":"Wann brauche ich einen Anwalt? | Rechtsanwalt Dr. Stiff","description":"Lesen Sie in unserem FAQ-Bereich, wann man einen Anwalt braucht, welche Unterlagen dieser ben\u00f6tigt und welche Kosten entstehen. \u25ba Jetzt informieren!","robots":{"index":"index","follow":"follow","max-snippet":"max-snippet:-1","max-image-preview":"max-image-preview:large","max-video-preview":"max-video-preview:-1"},"canonical":"https:\/\/www.stiff.es\/faq\/","og_locale":"es_ES","og_type":"article","og_title":"Wann brauche ich einen Anwalt? | Rechtsanwalt Dr. Stiff","og_description":"Lesen Sie in unserem FAQ-Bereich, wann man einen Anwalt braucht, welche Unterlagen dieser ben\u00f6tigt und welche Kosten entstehen. \u25ba Jetzt informieren!","og_url":"https:\/\/www.stiff.es\/faq\/","og_site_name":"Dr. Manuel Stiff: Abogado con licencia en Espa\u00f1a y Alemania","article_modified_time":"2023-08-22T09:50:46+00:00","twitter_card":"summary_large_image","twitter_misc":{"Tiempo de lectura":"13 minutos"},"schema":{"@context":"https:\/\/schema.org","@graph":[{"@type":"WebPage","@id":"https:\/\/www.stiff.es\/faq\/","url":"https:\/\/www.stiff.es\/faq\/","name":"Wann brauche ich einen Anwalt? | Rechtsanwalt Dr. Stiff","isPartOf":{"@id":"https:\/\/www.stiff.es\/#website"},"datePublished":"2023-08-22T09:49:05+00:00","dateModified":"2023-08-22T09:50:46+00:00","description":"Lesen Sie in unserem FAQ-Bereich, wann man einen Anwalt braucht, welche Unterlagen dieser ben\u00f6tigt und welche Kosten entstehen. \u25ba Jetzt informieren!","breadcrumb":{"@id":"https:\/\/www.stiff.es\/faq\/#breadcrumb"},"inLanguage":"es","potentialAction":[{"@type":"ReadAction","target":["https:\/\/www.stiff.es\/faq\/"]}]},{"@type":"BreadcrumbList","@id":"https:\/\/www.stiff.es\/faq\/#breadcrumb","itemListElement":[{"@type":"ListItem","position":1,"name":"Home","item":"https:\/\/www.stiff.es\/es\/"},{"@type":"ListItem","position":2,"name":"FAQ"}]},{"@type":"WebSite","@id":"https:\/\/www.stiff.es\/#website","url":"https:\/\/www.stiff.es\/","name":"Dr. Manuel Stiff: Abogado con licencia en Espa\u00f1a y Alemania","description":"Eine weitere WordPress-Seite","potentialAction":[{"@type":"SearchAction","target":{"@type":"EntryPoint","urlTemplate":"https:\/\/www.stiff.es\/?s={search_term_string}"},"query-input":{"@type":"PropertyValueSpecification","valueRequired":true,"valueName":"search_term_string"}}],"inLanguage":"es"}]}},"_links":{"self":[{"href":"https:\/\/www.stiff.es\/es\/wp-json\/wp\/v2\/pages\/1542","targetHints":{"allow":["GET"]}}],"collection":[{"href":"https:\/\/www.stiff.es\/es\/wp-json\/wp\/v2\/pages"}],"about":[{"href":"https:\/\/www.stiff.es\/es\/wp-json\/wp\/v2\/types\/page"}],"author":[{"embeddable":true,"href":"https:\/\/www.stiff.es\/es\/wp-json\/wp\/v2\/users\/4"}],"replies":[{"embeddable":true,"href":"https:\/\/www.stiff.es\/es\/wp-json\/wp\/v2\/comments?post=1542"}],"version-history":[{"count":0,"href":"https:\/\/www.stiff.es\/es\/wp-json\/wp\/v2\/pages\/1542\/revisions"}],"wp:attachment":[{"href":"https:\/\/www.stiff.es\/es\/wp-json\/wp\/v2\/media?parent=1542"}],"curies":[{"name":"wp","href":"https:\/\/api.w.org\/{rel}","templated":true}]}}