{"id":1247,"date":"2020-10-17T17:49:58","date_gmt":"2020-10-17T15:49:58","guid":{"rendered":"https:\/\/www.stiff.es\/?page_id=1247"},"modified":"2020-10-17T17:49:59","modified_gmt":"2020-10-17T15:49:59","slug":"alonso-montis-forteza","status":"publish","type":"page","link":"https:\/\/www.stiff.es\/es\/alonso-montis-forteza\/","title":{"rendered":"Alonso Montis Forteza"},"content":{"rendered":"<div class=\"fusion-fullwidth fullwidth-box fusion-builder-row-1 fusion-flex-container nonhundred-percent-fullwidth non-hundred-percent-height-scrolling\" style=\"--awb-border-radius-top-left:0px;--awb-border-radius-top-right:0px;--awb-border-radius-bottom-right:0px;--awb-border-radius-bottom-left:0px;--awb-flex-wrap:wrap;\" ><div class=\"fusion-builder-row fusion-row fusion-flex-align-items-flex-start fusion-flex-content-wrap\" style=\"max-width:1206.4px;margin-left: calc(-4% \/ 2 );margin-right: calc(-4% \/ 2 );\"><div class=\"fusion-layout-column fusion_builder_column fusion-builder-column-0 fusion_builder_column_2_3 2_3 fusion-flex-column\" style=\"--awb-bg-size:cover;--awb-width-large:66.666666666667%;--awb-margin-top-large:0px;--awb-spacing-right-large:2.88%;--awb-margin-bottom-large:20px;--awb-spacing-left-large:2.88%;--awb-width-medium:100%;--awb-order-medium:0;--awb-spacing-right-medium:1.92%;--awb-spacing-left-medium:1.92%;--awb-width-small:100%;--awb-order-small:0;--awb-spacing-right-small:1.92%;--awb-spacing-left-small:1.92%;\"><div class=\"fusion-column-wrapper fusion-column-has-shadow fusion-flex-justify-content-flex-start fusion-content-layout-column\"><div class=\"fusion-title title fusion-title-1 fusion-title-text fusion-title-size-two\" style=\"--awb-margin-bottom:0px;\"><div class=\"title-sep-container title-sep-container-left fusion-no-large-visibility fusion-no-medium-visibility fusion-no-small-visibility\"><div class=\"title-sep sep-double sep-solid\" style=\"border-color:#e0dede;\"><\/div><\/div><span class=\"awb-title-spacer fusion-no-large-visibility fusion-no-medium-visibility fusion-no-small-visibility\"><\/span><h2 class=\"fusion-title-heading title-heading-left\" style=\"margin:0;\">ABOGADO<\/h2><span class=\"awb-title-spacer\"><\/span><div class=\"title-sep-container title-sep-container-right\"><div class=\"title-sep sep-double sep-solid\" style=\"border-color:#e0dede;\"><\/div><\/div><\/div><div class=\"fusion-text fusion-text-1\"><ul>\n<li>Licenciado en Derecho por la Universidad de les Illes Balears en el a\u00f1o 2011.<\/li>\n<li>Miembro del Ilustre Colegio de Abogados de les Illes Balears desde el a\u00f1o 2011.<\/li>\n<li>Erasmus en Westf\u00e4lischen Wilhelms-Universit\u00e4t M\u00fcnster, Alemania, entre 2008-2009.<\/li>\n<li>Centro internacional de educaci\u00f3n en la Universidad estatal de Mosc\u00fa en el 2012. (\u0426\u041c\u041e Lomonosov)<\/li>\n<\/ul>\n<\/div><div class=\"fusion-title title fusion-title-2 fusion-title-text fusion-title-size-two\" style=\"--awb-margin-bottom:0px;\"><div class=\"title-sep-container title-sep-container-left fusion-no-large-visibility fusion-no-medium-visibility fusion-no-small-visibility\"><div class=\"title-sep sep-double sep-solid\" style=\"border-color:#e0dede;\"><\/div><\/div><span class=\"awb-title-spacer fusion-no-large-visibility fusion-no-medium-visibility fusion-no-small-visibility\"><\/span><h2 class=\"fusion-title-heading title-heading-left\" style=\"margin:0;\">\u00c1reas de Pr\u00e1ctica<\/h2><span class=\"awb-title-spacer\"><\/span><div class=\"title-sep-container title-sep-container-right\"><div class=\"title-sep sep-double sep-solid\" style=\"border-color:#e0dede;\"><\/div><\/div><\/div><div class=\"fusion-text fusion-text-2\"><ul>\n<li>Derecho Inmobiliario +<\/li>\n<li>Derecho Civil +<\/li>\n<li>Derecho de Familia +<\/li>\n<li>Derecho Procesal, Arbitraje y Mediaci\u00f3n +<\/li>\n<li>Derecho Administrativo y Urbanismo +<\/li>\n<\/ul>\n<\/div><div class=\"fusion-title title fusion-title-3 fusion-title-text fusion-title-size-two\" style=\"--awb-margin-bottom:20px;\"><div class=\"title-sep-container title-sep-container-left fusion-no-large-visibility fusion-no-medium-visibility fusion-no-small-visibility\"><div class=\"title-sep sep-double sep-solid\" style=\"border-color:#e0dede;\"><\/div><\/div><span class=\"awb-title-spacer fusion-no-large-visibility fusion-no-medium-visibility fusion-no-small-visibility\"><\/span><h2 class=\"fusion-title-heading title-heading-left\" style=\"margin:0;\">Idiomas<\/h2><span class=\"awb-title-spacer\"><\/span><div class=\"title-sep-container title-sep-container-right\"><div class=\"title-sep sep-double sep-solid\" style=\"border-color:#e0dede;\"><\/div><\/div><\/div><div class=\"fusion-text fusion-text-3\"><p>Espa\u00f1ol, catal\u00e1n, ingl\u00e9s, alem\u00e1n y ruso.<\/p>\n<\/div><div class=\"fusion-title title fusion-title-4 fusion-title-text fusion-title-size-two\" style=\"--awb-margin-bottom:20px;\"><div class=\"title-sep-container title-sep-container-left fusion-no-large-visibility fusion-no-medium-visibility fusion-no-small-visibility\"><div class=\"title-sep sep-double sep-solid\" style=\"border-color:#e0dede;\"><\/div><\/div><span class=\"awb-title-spacer fusion-no-large-visibility fusion-no-medium-visibility fusion-no-small-visibility\"><\/span><h2 class=\"fusion-title-heading title-heading-left\" style=\"margin:0;\">Contacto<\/h2><span class=\"awb-title-spacer\"><\/span><div class=\"title-sep-container title-sep-container-right\"><div class=\"title-sep sep-double sep-solid\" style=\"border-color:#e0dede;\"><\/div><\/div><\/div><div class=\"fusion-text fusion-text-4\"><p><a href=\"mailto:alonso@cornerabogados.com\">alonso@cornerabogados.com<\/a><br \/>\nTel: (+34) 971 228 140<br \/>\nMov: (+34) 697 770 477<\/p>\n<\/div><\/div><\/div><div class=\"fusion-layout-column fusion_builder_column fusion-builder-column-1 fusion_builder_column_1_3 1_3 fusion-flex-column\" style=\"--awb-bg-size:cover;--awb-width-large:33.333333333333%;--awb-margin-top-large:0px;--awb-spacing-right-large:5.76%;--awb-margin-bottom-large:20px;--awb-spacing-left-large:5.76%;--awb-width-medium:100%;--awb-order-medium:0;--awb-spacing-right-medium:1.92%;--awb-spacing-left-medium:1.92%;--awb-width-small:100%;--awb-order-small:0;--awb-spacing-right-small:1.92%;--awb-spacing-left-small:1.92%;\"><div class=\"fusion-column-wrapper fusion-column-has-shadow fusion-flex-justify-content-flex-start fusion-content-layout-column\"><div class=\"fusion-image-element \" style=\"text-align:right;--awb-max-width:300px;--awb-caption-title-font-family:var(--h2_typography-font-family);--awb-caption-title-font-weight:var(--h2_typography-font-weight);--awb-caption-title-font-style:var(--h2_typography-font-style);--awb-caption-title-size:var(--h2_typography-font-size);--awb-caption-title-transform:var(--h2_typography-text-transform);--awb-caption-title-line-height:var(--h2_typography-line-height);--awb-caption-title-letter-spacing:var(--h2_typography-letter-spacing);\"><span class=\" fusion-imageframe imageframe-dropshadow imageframe-1 hover-type-zoomin\" style=\"border:8px solid #f6f6f6;-webkit-box-shadow: 4px 4px 8px rgba(0,0,0,0.3);box-shadow: 4px 4px 8px rgba(0,0,0,0.3);\"><a href=\"https:\/\/www.stiff.es\/wp-content\/uploads\/2020\/10\/Alfonso-Montis-Forteza-2048-1024x731.jpg\" class=\"fusion-lightbox\" data-rel=\"iLightbox[5e01a08ed7c486e4a98]\" data-caption=\"Alonso Montis Forteza\" data-title=\"Alonso Montis Forteza\" title=\"Alonso Montis Forteza\"><img decoding=\"async\" width=\"1024\" height=\"731\" alt=\"Alonso Montis Forteza\" src=\"https:\/\/www.stiff.es\/wp-content\/uploads\/2020\/10\/Alfonso-Montis-Forteza-2048-1024x731.jpg\" class=\"img-responsive wp-image-1237\" srcset=\"https:\/\/www.stiff.es\/wp-content\/uploads\/2020\/10\/Alfonso-Montis-Forteza-2048-200x143.jpg 200w, https:\/\/www.stiff.es\/wp-content\/uploads\/2020\/10\/Alfonso-Montis-Forteza-2048-400x286.jpg 400w, https:\/\/www.stiff.es\/wp-content\/uploads\/2020\/10\/Alfonso-Montis-Forteza-2048-600x428.jpg 600w, https:\/\/www.stiff.es\/wp-content\/uploads\/2020\/10\/Alfonso-Montis-Forteza-2048-800x571.jpg 800w, https:\/\/www.stiff.es\/wp-content\/uploads\/2020\/10\/Alfonso-Montis-Forteza-2048-1200x857.jpg 1200w\" sizes=\"(max-width: 1024px) 100vw, (max-width: 640px) 100vw, 400px\" \/><\/a><\/span><\/div><\/div><\/div><\/div><\/div>\n","protected":false},"excerpt":{"rendered":"","protected":false},"author":3,"featured_media":0,"parent":0,"menu_order":0,"comment_status":"closed","ping_status":"closed","template":"","meta":{"footnotes":""},"class_list":["post-1247","page","type-page","status-publish","hentry"],"yoast_head":"<!-- This site is optimized with the Yoast SEO plugin v24.5 - https:\/\/yoast.com\/wordpress\/plugins\/seo\/ -->\n<title>Alonso Montis Forteza - Dr. Manuel Stiff: Abogado con licencia en Espa\u00f1a y Alemania<\/title>\n<meta name=\"robots\" content=\"index, follow, max-snippet:-1, max-image-preview:large, max-video-preview:-1\" \/>\n<link rel=\"canonical\" href=\"https:\/\/www.stiff.es\/es\/alonso-montis-forteza\/\" \/>\n<meta property=\"og:locale\" content=\"es_ES\" \/>\n<meta property=\"og:type\" content=\"article\" \/>\n<meta property=\"og:title\" content=\"Alonso Montis Forteza - Dr. Manuel Stiff: Abogado con licencia en Espa\u00f1a y Alemania\" \/>\n<meta property=\"og:url\" content=\"https:\/\/www.stiff.es\/es\/alonso-montis-forteza\/\" \/>\n<meta property=\"og:site_name\" content=\"Dr. Manuel Stiff: Abogado con licencia en Espa\u00f1a y Alemania\" \/>\n<meta property=\"article:modified_time\" content=\"2020-10-17T15:49:59+00:00\" \/>\n<meta name=\"twitter:card\" content=\"summary_large_image\" \/>\n<meta name=\"twitter:label1\" content=\"Tiempo de lectura\" \/>\n\t<meta name=\"twitter:data1\" content=\"8 minutos\" \/>\n<script type=\"application\/ld+json\" class=\"yoast-schema-graph\">{\"@context\":\"https:\/\/schema.org\",\"@graph\":[{\"@type\":\"WebPage\",\"@id\":\"https:\/\/www.stiff.es\/es\/alonso-montis-forteza\/\",\"url\":\"https:\/\/www.stiff.es\/es\/alonso-montis-forteza\/\",\"name\":\"Alonso Montis Forteza - Dr. Manuel Stiff: Abogado con licencia en Espa\u00f1a y Alemania\",\"isPartOf\":{\"@id\":\"https:\/\/www.stiff.es\/#website\"},\"datePublished\":\"2020-10-17T15:49:58+00:00\",\"dateModified\":\"2020-10-17T15:49:59+00:00\",\"breadcrumb\":{\"@id\":\"https:\/\/www.stiff.es\/es\/alonso-montis-forteza\/#breadcrumb\"},\"inLanguage\":\"es\",\"potentialAction\":[{\"@type\":\"ReadAction\",\"target\":[\"https:\/\/www.stiff.es\/es\/alonso-montis-forteza\/\"]}]},{\"@type\":\"BreadcrumbList\",\"@id\":\"https:\/\/www.stiff.es\/es\/alonso-montis-forteza\/#breadcrumb\",\"itemListElement\":[{\"@type\":\"ListItem\",\"position\":1,\"name\":\"Home\",\"item\":\"https:\/\/www.stiff.es\/es\/\"},{\"@type\":\"ListItem\",\"position\":2,\"name\":\"Alonso Montis Forteza\"}]},{\"@type\":\"WebSite\",\"@id\":\"https:\/\/www.stiff.es\/#website\",\"url\":\"https:\/\/www.stiff.es\/\",\"name\":\"Dr. Manuel Stiff: Abogado con licencia en Espa\u00f1a y Alemania\",\"description\":\"Eine weitere WordPress-Seite\",\"potentialAction\":[{\"@type\":\"SearchAction\",\"target\":{\"@type\":\"EntryPoint\",\"urlTemplate\":\"https:\/\/www.stiff.es\/?s={search_term_string}\"},\"query-input\":{\"@type\":\"PropertyValueSpecification\",\"valueRequired\":true,\"valueName\":\"search_term_string\"}}],\"inLanguage\":\"es\"}]}<\/script>\n<!-- \/ Yoast SEO plugin. -->","yoast_head_json":{"title":"Alonso Montis Forteza - Dr. Manuel Stiff: Abogado con licencia en Espa\u00f1a y Alemania","robots":{"index":"index","follow":"follow","max-snippet":"max-snippet:-1","max-image-preview":"max-image-preview:large","max-video-preview":"max-video-preview:-1"},"canonical":"https:\/\/www.stiff.es\/es\/alonso-montis-forteza\/","og_locale":"es_ES","og_type":"article","og_title":"Alonso Montis Forteza - Dr. Manuel Stiff: Abogado con licencia en Espa\u00f1a y Alemania","og_url":"https:\/\/www.stiff.es\/es\/alonso-montis-forteza\/","og_site_name":"Dr. Manuel Stiff: Abogado con licencia en Espa\u00f1a y Alemania","article_modified_time":"2020-10-17T15:49:59+00:00","twitter_card":"summary_large_image","twitter_misc":{"Tiempo de lectura":"8 minutos"},"schema":{"@context":"https:\/\/schema.org","@graph":[{"@type":"WebPage","@id":"https:\/\/www.stiff.es\/es\/alonso-montis-forteza\/","url":"https:\/\/www.stiff.es\/es\/alonso-montis-forteza\/","name":"Alonso Montis Forteza - Dr. Manuel Stiff: Abogado con licencia en Espa\u00f1a y Alemania","isPartOf":{"@id":"https:\/\/www.stiff.es\/#website"},"datePublished":"2020-10-17T15:49:58+00:00","dateModified":"2020-10-17T15:49:59+00:00","breadcrumb":{"@id":"https:\/\/www.stiff.es\/es\/alonso-montis-forteza\/#breadcrumb"},"inLanguage":"es","potentialAction":[{"@type":"ReadAction","target":["https:\/\/www.stiff.es\/es\/alonso-montis-forteza\/"]}]},{"@type":"BreadcrumbList","@id":"https:\/\/www.stiff.es\/es\/alonso-montis-forteza\/#breadcrumb","itemListElement":[{"@type":"ListItem","position":1,"name":"Home","item":"https:\/\/www.stiff.es\/es\/"},{"@type":"ListItem","position":2,"name":"Alonso Montis Forteza"}]},{"@type":"WebSite","@id":"https:\/\/www.stiff.es\/#website","url":"https:\/\/www.stiff.es\/","name":"Dr. Manuel Stiff: Abogado con licencia en Espa\u00f1a y Alemania","description":"Eine weitere WordPress-Seite","potentialAction":[{"@type":"SearchAction","target":{"@type":"EntryPoint","urlTemplate":"https:\/\/www.stiff.es\/?s={search_term_string}"},"query-input":{"@type":"PropertyValueSpecification","valueRequired":true,"valueName":"search_term_string"}}],"inLanguage":"es"}]}},"_links":{"self":[{"href":"https:\/\/www.stiff.es\/es\/wp-json\/wp\/v2\/pages\/1247","targetHints":{"allow":["GET"]}}],"collection":[{"href":"https:\/\/www.stiff.es\/es\/wp-json\/wp\/v2\/pages"}],"about":[{"href":"https:\/\/www.stiff.es\/es\/wp-json\/wp\/v2\/types\/page"}],"author":[{"embeddable":true,"href":"https:\/\/www.stiff.es\/es\/wp-json\/wp\/v2\/users\/3"}],"replies":[{"embeddable":true,"href":"https:\/\/www.stiff.es\/es\/wp-json\/wp\/v2\/comments?post=1247"}],"version-history":[{"count":0,"href":"https:\/\/www.stiff.es\/es\/wp-json\/wp\/v2\/pages\/1247\/revisions"}],"wp:attachment":[{"href":"https:\/\/www.stiff.es\/es\/wp-json\/wp\/v2\/media?parent=1247"}],"curies":[{"name":"wp","href":"https:\/\/api.w.org\/{rel}","templated":true}]}}