{"id":1074,"date":"2019-12-03T13:57:26","date_gmt":"2019-12-03T12:57:26","guid":{"rendered":"https:\/\/www.stiff.es\/miguel-garcia\/"},"modified":"2019-12-03T14:12:48","modified_gmt":"2019-12-03T13:12:48","slug":"miguel-garcia","status":"publish","type":"page","link":"https:\/\/www.stiff.es\/es\/miguel-garcia\/","title":{"rendered":"Miguel Garc\u00eda"},"content":{"rendered":"<div class=\"fusion-fullwidth fullwidth-box fusion-builder-row-1 nonhundred-percent-fullwidth non-hundred-percent-height-scrolling\" style=\"--awb-border-radius-top-left:0px;--awb-border-radius-top-right:0px;--awb-border-radius-bottom-right:0px;--awb-border-radius-bottom-left:0px;--awb-flex-wrap:wrap;\" ><div class=\"fusion-builder-row fusion-row\"><div class=\"fusion-layout-column fusion_builder_column fusion-builder-column-0 fusion_builder_column_1_1 1_1 fusion-one-full fusion-column-first fusion-column-last\" style=\"--awb-bg-size:cover;\"><div class=\"fusion-column-wrapper fusion-column-has-shadow fusion-flex-column-wrapper-legacy\"><div class=\"fusion-image-element fusion-image-align-right in-legacy-container\" style=\"text-align:right;--awb-max-width:200px;--awb-caption-title-font-family:var(--h2_typography-font-family);--awb-caption-title-font-weight:var(--h2_typography-font-weight);--awb-caption-title-font-style:var(--h2_typography-font-style);--awb-caption-title-size:var(--h2_typography-font-size);--awb-caption-title-transform:var(--h2_typography-text-transform);--awb-caption-title-line-height:var(--h2_typography-line-height);--awb-caption-title-letter-spacing:var(--h2_typography-letter-spacing);\"><span class=\" fusion-imageframe imageframe-dropshadow imageframe-1 hover-type-zoomin\" style=\"border:8px solid #ffffff;border-radius:4px;-webkit-box-shadow: 4px 4px 8px rgba(0,0,0,0.3);box-shadow: 4px 4px 8px rgba(0,0,0,0.3);margin-left:25px;float:right;\"><a href=\"https:\/\/www.stiff.es\/wp-content\/uploads\/2019\/12\/2019-12-02-Foto-Miguel-Garcia.jpg\" class=\"fusion-lightbox\" data-rel=\"iLightbox[5a4aa934c0711a0772a]\" data-caption=\"Miguel Garcia\" data-title=\"Miguel-Garcia\" title=\"Miguel-Garcia\"><img decoding=\"async\" width=\"1490\" height=\"1980\" alt=\"Miguel Garc\u00eda\" src=\"https:\/\/www.stiff.es\/wp-content\/uploads\/2019\/12\/2019-12-02-Foto-Miguel-Garcia.jpg\" class=\"img-responsive wp-image-1026\" srcset=\"https:\/\/www.stiff.es\/wp-content\/uploads\/2019\/12\/2019-12-02-Foto-Miguel-Garcia-200x266.jpg 200w, https:\/\/www.stiff.es\/wp-content\/uploads\/2019\/12\/2019-12-02-Foto-Miguel-Garcia-400x532.jpg 400w, https:\/\/www.stiff.es\/wp-content\/uploads\/2019\/12\/2019-12-02-Foto-Miguel-Garcia-600x797.jpg 600w, https:\/\/www.stiff.es\/wp-content\/uploads\/2019\/12\/2019-12-02-Foto-Miguel-Garcia-800x1063.jpg 800w, https:\/\/www.stiff.es\/wp-content\/uploads\/2019\/12\/2019-12-02-Foto-Miguel-Garcia-1200x1595.jpg 1200w, https:\/\/www.stiff.es\/wp-content\/uploads\/2019\/12\/2019-12-02-Foto-Miguel-Garcia.jpg 1490w\" sizes=\"(max-width: 800px) 100vw, 1490px\" \/><\/a><\/span><\/div><div class=\"fusion-text fusion-text-1\"><p style=\"text-align: justify;\"><strong>Miguel Garc\u00eda<\/strong> naci\u00f3 en el a\u00f1o 1970 en C\u00e1ceres, pero creci\u00f3 en Hamburgo donde tambi\u00e9n fue al colegio. Estudio Derecho en Espa\u00f1a.<\/p>\n<p style=\"text-align: justify;\">Se colegi\u00f3 como miembro del Colegio de Abogado de las Illes Baleares en el a\u00f1o 2007. Tambi\u00e9n ha sido docente en la UNED en el centro de Palma de Mallorca. Asimismo, ha sido ponente en varios cursos en la Escuela Judicial para nuevos jueces en Barcelona.<\/p>\n<p style=\"text-align: justify;\">Tiene un postgrado de An\u00e1lisis Contable y una diplomatura en T\u00e9cnicas Tributarias y Asesor\u00eda Fiscal. Ha sido formador y coordinador de Programas de Oratoria y Negociaci\u00f3n.<\/p>\n<p style=\"text-align: justify;\"><strong>\u00c1reas de pr\u00e1ctica<\/strong><\/p>\n<ul style=\"text-align: justify;\">\n<li>Derecho Inmobiliario y Propiedad Horizontal<\/li>\n<li>Derecho Arrendamientos y Contratos<\/li>\n<li>Derecho de Trabajo y Sociedades<\/li>\n<\/ul>\n<p style=\"text-align: justify;\">Idiomas de correspondencia: Espa\u00f1ol, Alem\u00e1n e Ingl\u00e9s.<\/p>\n<\/div><div class=\"fusion-clearfix\"><\/div><\/div><\/div><\/div><\/div>\n","protected":false},"excerpt":{"rendered":"","protected":false},"author":3,"featured_media":0,"parent":0,"menu_order":0,"comment_status":"closed","ping_status":"closed","template":"","meta":{"footnotes":""},"class_list":["post-1074","page","type-page","status-publish","hentry"],"yoast_head":"<!-- This site is optimized with the Yoast SEO plugin v24.5 - https:\/\/yoast.com\/wordpress\/plugins\/seo\/ -->\n<title>Miguel Garc\u00eda - Dr. Manuel Stiff: Abogado con licencia en Espa\u00f1a y Alemania<\/title>\n<meta name=\"robots\" content=\"index, follow, max-snippet:-1, max-image-preview:large, max-video-preview:-1\" \/>\n<link rel=\"canonical\" href=\"https:\/\/www.stiff.es\/es\/miguel-garcia\/\" \/>\n<meta property=\"og:locale\" content=\"es_ES\" \/>\n<meta property=\"og:type\" content=\"article\" \/>\n<meta property=\"og:title\" content=\"Miguel Garc\u00eda - Dr. Manuel Stiff: Abogado con licencia en Espa\u00f1a y Alemania\" \/>\n<meta property=\"og:url\" content=\"https:\/\/www.stiff.es\/es\/miguel-garcia\/\" \/>\n<meta property=\"og:site_name\" content=\"Dr. Manuel Stiff: Abogado con licencia en Espa\u00f1a y Alemania\" \/>\n<meta property=\"article:modified_time\" content=\"2019-12-03T13:12:48+00:00\" \/>\n<meta name=\"twitter:card\" content=\"summary_large_image\" \/>\n<meta name=\"twitter:label1\" content=\"Tiempo de lectura\" \/>\n\t<meta name=\"twitter:data1\" content=\"3 minutos\" \/>\n<script type=\"application\/ld+json\" class=\"yoast-schema-graph\">{\"@context\":\"https:\/\/schema.org\",\"@graph\":[{\"@type\":\"WebPage\",\"@id\":\"https:\/\/www.stiff.es\/es\/miguel-garcia\/\",\"url\":\"https:\/\/www.stiff.es\/es\/miguel-garcia\/\",\"name\":\"Miguel Garc\u00eda - Dr. Manuel Stiff: Abogado con licencia en Espa\u00f1a y Alemania\",\"isPartOf\":{\"@id\":\"https:\/\/www.stiff.es\/#website\"},\"datePublished\":\"2019-12-03T12:57:26+00:00\",\"dateModified\":\"2019-12-03T13:12:48+00:00\",\"breadcrumb\":{\"@id\":\"https:\/\/www.stiff.es\/es\/miguel-garcia\/#breadcrumb\"},\"inLanguage\":\"es\",\"potentialAction\":[{\"@type\":\"ReadAction\",\"target\":[\"https:\/\/www.stiff.es\/es\/miguel-garcia\/\"]}]},{\"@type\":\"BreadcrumbList\",\"@id\":\"https:\/\/www.stiff.es\/es\/miguel-garcia\/#breadcrumb\",\"itemListElement\":[{\"@type\":\"ListItem\",\"position\":1,\"name\":\"Home\",\"item\":\"https:\/\/www.stiff.es\/es\/\"},{\"@type\":\"ListItem\",\"position\":2,\"name\":\"Miguel Garc\u00eda\"}]},{\"@type\":\"WebSite\",\"@id\":\"https:\/\/www.stiff.es\/#website\",\"url\":\"https:\/\/www.stiff.es\/\",\"name\":\"Dr. Manuel Stiff: Abogado con licencia en Espa\u00f1a y Alemania\",\"description\":\"Eine weitere WordPress-Seite\",\"potentialAction\":[{\"@type\":\"SearchAction\",\"target\":{\"@type\":\"EntryPoint\",\"urlTemplate\":\"https:\/\/www.stiff.es\/?s={search_term_string}\"},\"query-input\":{\"@type\":\"PropertyValueSpecification\",\"valueRequired\":true,\"valueName\":\"search_term_string\"}}],\"inLanguage\":\"es\"}]}<\/script>\n<!-- \/ Yoast SEO plugin. -->","yoast_head_json":{"title":"Miguel Garc\u00eda - Dr. Manuel Stiff: Abogado con licencia en Espa\u00f1a y Alemania","robots":{"index":"index","follow":"follow","max-snippet":"max-snippet:-1","max-image-preview":"max-image-preview:large","max-video-preview":"max-video-preview:-1"},"canonical":"https:\/\/www.stiff.es\/es\/miguel-garcia\/","og_locale":"es_ES","og_type":"article","og_title":"Miguel Garc\u00eda - Dr. Manuel Stiff: Abogado con licencia en Espa\u00f1a y Alemania","og_url":"https:\/\/www.stiff.es\/es\/miguel-garcia\/","og_site_name":"Dr. Manuel Stiff: Abogado con licencia en Espa\u00f1a y Alemania","article_modified_time":"2019-12-03T13:12:48+00:00","twitter_card":"summary_large_image","twitter_misc":{"Tiempo de lectura":"3 minutos"},"schema":{"@context":"https:\/\/schema.org","@graph":[{"@type":"WebPage","@id":"https:\/\/www.stiff.es\/es\/miguel-garcia\/","url":"https:\/\/www.stiff.es\/es\/miguel-garcia\/","name":"Miguel Garc\u00eda - Dr. Manuel Stiff: Abogado con licencia en Espa\u00f1a y Alemania","isPartOf":{"@id":"https:\/\/www.stiff.es\/#website"},"datePublished":"2019-12-03T12:57:26+00:00","dateModified":"2019-12-03T13:12:48+00:00","breadcrumb":{"@id":"https:\/\/www.stiff.es\/es\/miguel-garcia\/#breadcrumb"},"inLanguage":"es","potentialAction":[{"@type":"ReadAction","target":["https:\/\/www.stiff.es\/es\/miguel-garcia\/"]}]},{"@type":"BreadcrumbList","@id":"https:\/\/www.stiff.es\/es\/miguel-garcia\/#breadcrumb","itemListElement":[{"@type":"ListItem","position":1,"name":"Home","item":"https:\/\/www.stiff.es\/es\/"},{"@type":"ListItem","position":2,"name":"Miguel Garc\u00eda"}]},{"@type":"WebSite","@id":"https:\/\/www.stiff.es\/#website","url":"https:\/\/www.stiff.es\/","name":"Dr. Manuel Stiff: Abogado con licencia en Espa\u00f1a y Alemania","description":"Eine weitere WordPress-Seite","potentialAction":[{"@type":"SearchAction","target":{"@type":"EntryPoint","urlTemplate":"https:\/\/www.stiff.es\/?s={search_term_string}"},"query-input":{"@type":"PropertyValueSpecification","valueRequired":true,"valueName":"search_term_string"}}],"inLanguage":"es"}]}},"_links":{"self":[{"href":"https:\/\/www.stiff.es\/es\/wp-json\/wp\/v2\/pages\/1074","targetHints":{"allow":["GET"]}}],"collection":[{"href":"https:\/\/www.stiff.es\/es\/wp-json\/wp\/v2\/pages"}],"about":[{"href":"https:\/\/www.stiff.es\/es\/wp-json\/wp\/v2\/types\/page"}],"author":[{"embeddable":true,"href":"https:\/\/www.stiff.es\/es\/wp-json\/wp\/v2\/users\/3"}],"replies":[{"embeddable":true,"href":"https:\/\/www.stiff.es\/es\/wp-json\/wp\/v2\/comments?post=1074"}],"version-history":[{"count":0,"href":"https:\/\/www.stiff.es\/es\/wp-json\/wp\/v2\/pages\/1074\/revisions"}],"wp:attachment":[{"href":"https:\/\/www.stiff.es\/es\/wp-json\/wp\/v2\/media?parent=1074"}],"curies":[{"name":"wp","href":"https:\/\/api.w.org\/{rel}","templated":true}]}}