{"id":709,"date":"2017-08-28T12:17:03","date_gmt":"2017-08-28T10:17:03","guid":{"rendered":"https:\/\/www.stiff.es\/?page_id=709\/"},"modified":"2025-02-17T14:39:59","modified_gmt":"2025-02-17T13:39:59","slug":"spanisches-gesellschaftsrecht","status":"publish","type":"page","link":"https:\/\/www.stiff.es\/en\/spanisches-gesellschaftsrecht\/","title":{"rendered":"Spanisches Gesellschaftsrecht: Beratung bei der Wahl der Rechtsform"},"content":{"rendered":"<div class=\"fusion-fullwidth fullwidth-box fusion-builder-row-1 nonhundred-percent-fullwidth non-hundred-percent-height-scrolling\" style=\"--awb-border-radius-top-left:0px;--awb-border-radius-top-right:0px;--awb-border-radius-bottom-right:0px;--awb-border-radius-bottom-left:0px;--awb-flex-wrap:wrap;\" ><div class=\"fusion-builder-row fusion-row\"><div class=\"fusion-layout-column fusion_builder_column fusion-builder-column-0 fusion_builder_column_1_1 1_1 fusion-one-full fusion-column-first fusion-column-last\" style=\"--awb-bg-size:cover;\"><div class=\"fusion-column-wrapper fusion-flex-column-wrapper-legacy\"><div class=\"fusion-text fusion-text-1\"><p>Der deutsche Rechtsanwalt Dr. Manuel Stiff und seine spanischen Kollegen k\u00fcmmern sich mit einer eigenen <a title=\"Anwalt Mallorca\" href=\"https:\/\/www.stiff.es\/\">Kanzlei auf Mallorca<\/a> um deutsche und spanische Mandanten. Die Kanzlei verf\u00fcgt \u00fcber langj\u00e4hrige Erfahrung in diversen Rechtsgebieten und ist mit dem spanischen Erbrecht, Steuer- und Wirtschaftsrecht sowie Immobilienrecht vertraut. Im Rahmen der Beratung zum spanischen Gesellschaftsrecht spielt insbesondere die Unterst\u00fctzung bei der Gr\u00fcndung einer \u201espanischen GmbH\u201c \u2013 der Sociedad de responsabilidad limitada (S.L.) \u2013 eine zentrale Rolle.<\/p>\n<\/div><div class=\"fusion-title title fusion-title-1 fusion-title-text fusion-title-size-two\"><h2 class=\"fusion-title-heading title-heading-left\" style=\"margin:0;\">Spanisches Gesellschaftsrecht \u2013 die Sociedad de responsabilidad limitada (S.L.)<\/h2><span class=\"awb-title-spacer\"><\/span><div class=\"title-sep-container\"><div class=\"title-sep sep-double sep-solid\" style=\"border-color:#e0dede;\"><\/div><\/div><\/div><div class=\"fusion-text fusion-text-2\"><p>Die Sociedad de responsabilidad limitada (S.L.) ist das spanische Gegenst\u00fcck zur deutschen GmbH und eine der beliebtesten Rechtsformen in Spanien. Insbesondere ausl\u00e4ndische Investoren k\u00f6nnen bei der Realisierung von Gesch\u00e4ftsprojekten mit der S.L. profitieren, da diese Gesellschaftsform die bekannten Vorteile der GmbH \u2013 interne Flexibilit\u00e4t und Haftungsbeschr\u00e4nkung der Gesellschafter f\u00fcr Gesellschaftsschulden \u2013 vereint. Unter bestimmten Bedingungen ist auch die Gr\u00fcndung einer Einmanngesellschaft m\u00f6glich. Anders als in Deutschland, wo das Mindestkapital 25.000 Euro betr\u00e4gt (12.500 Euro Mindesteinzahlung), liegt die H\u00f6he f\u00fcr das Mindeststammkapital bei der Gr\u00fcndung einer spanischen S.L. lediglich bei 3.006 Euro. Das Gesellschaftskapital muss bei der Gr\u00fcndung eingezahlt und nachgewiesen werden.<\/p>\n<\/div><div class=\"fusion-title title fusion-title-2 fusion-title-text fusion-title-size-two\"><h2 class=\"fusion-title-heading title-heading-left\" style=\"margin:0;\">Deutscher Rechtsanwalt ber\u00e4t auf Mallorca<\/h2><span class=\"awb-title-spacer\"><\/span><div class=\"title-sep-container\"><div class=\"title-sep sep-double sep-solid\" style=\"border-color:#e0dede;\"><\/div><\/div><\/div><div class=\"fusion-text fusion-text-3\"><p><a name=\"_GoBack\"><\/a>Dr. Manuel Stiff und seine versierten Kollegen begleiten ihre Mandanten sowohl in Deutschland als auch in Spanien bei allen Schritten im Gr\u00fcndungsprozess einer Gesellschaft. Dazu z\u00e4hlen unter anderem die Wahl der Rechtsform, die Vertragsgestaltung sowie die Einhaltung aller notwendigen Formalit\u00e4ten und die Umschreibung ins spanische Handelsregister. Sie suchen einen deutschen Rechtsanwalt auf Mallorca oder in Spanien, der sich auf spanisches Gesellschaftsrecht spezialisiert hat? Lassen Sie sich von Dr. Stiff und seinem erfahrenen Team umfassend beraten. Die Erfahrung zeigt: Eine fachspezifische Unterst\u00fctzung kann gegen\u00fcber den Beh\u00f6rden von entscheidender Bedeutung sein. Vereinbaren Sie einen Termin und profitieren Sie von der Expertise!<\/p>\n<\/div><div class=\"fusion-clearfix\"><\/div><\/div><\/div><\/div><\/div>\n","protected":false},"excerpt":{"rendered":"","protected":false},"author":3,"featured_media":0,"parent":0,"menu_order":0,"comment_status":"closed","ping_status":"closed","template":"","meta":{"footnotes":""},"class_list":["post-709","page","type-page","status-publish","hentry"],"yoast_head":"<!-- This site is optimized with the Yoast SEO plugin v24.5 - https:\/\/yoast.com\/wordpress\/plugins\/seo\/ -->\n<title>Spanisches Gesellschaftsrecht: RA Dr. Manuel Stiff ber\u00e4t<\/title>\n<meta name=\"description\" content=\"Dr. Stiff ber\u00e4t als deutscher RA auf Mallorca zum Themengebiet spanisches Gesellschaftsrecht, z. B. bei der Gr\u00fcndung einer S.L. \u27a8 Jetzt beraten lassen!\" \/>\n<meta name=\"robots\" content=\"index, follow, max-snippet:-1, max-image-preview:large, max-video-preview:-1\" \/>\n<link rel=\"canonical\" href=\"https:\/\/www.stiff.es\/spanisches-gesellschaftsrecht\/\" \/>\n<meta property=\"og:locale\" content=\"en_US\" \/>\n<meta property=\"og:type\" content=\"article\" \/>\n<meta property=\"og:title\" content=\"Spanisches Gesellschaftsrecht: RA Dr. Manuel Stiff ber\u00e4t\" \/>\n<meta property=\"og:description\" content=\"Dr. Stiff ber\u00e4t als deutscher RA auf Mallorca zum Themengebiet spanisches Gesellschaftsrecht, z. B. bei der Gr\u00fcndung einer S.L. \u27a8 Jetzt beraten lassen!\" \/>\n<meta property=\"og:url\" content=\"https:\/\/www.stiff.es\/spanisches-gesellschaftsrecht\/\" \/>\n<meta property=\"og:site_name\" content=\"Dr. Manuel Stiff - Attorney licensed in both Spain and Germany.\" \/>\n<meta property=\"article:modified_time\" content=\"2025-02-17T13:39:59+00:00\" \/>\n<meta name=\"twitter:card\" content=\"summary_large_image\" \/>\n<meta name=\"twitter:label1\" content=\"Est. reading time\" \/>\n\t<meta name=\"twitter:data1\" content=\"2 minutes\" \/>\n<script type=\"application\/ld+json\" class=\"yoast-schema-graph\">{\"@context\":\"https:\/\/schema.org\",\"@graph\":[{\"@type\":\"WebPage\",\"@id\":\"https:\/\/www.stiff.es\/spanisches-gesellschaftsrecht\/\",\"url\":\"https:\/\/www.stiff.es\/spanisches-gesellschaftsrecht\/\",\"name\":\"Spanisches Gesellschaftsrecht: RA Dr. Manuel Stiff ber\u00e4t\",\"isPartOf\":{\"@id\":\"https:\/\/www.stiff.es\/#website\"},\"datePublished\":\"2017-08-28T10:17:03+00:00\",\"dateModified\":\"2025-02-17T13:39:59+00:00\",\"description\":\"Dr. Stiff ber\u00e4t als deutscher RA auf Mallorca zum Themengebiet spanisches Gesellschaftsrecht, z. B. bei der Gr\u00fcndung einer S.L. \u27a8 Jetzt beraten lassen!\",\"breadcrumb\":{\"@id\":\"https:\/\/www.stiff.es\/spanisches-gesellschaftsrecht\/#breadcrumb\"},\"inLanguage\":\"en-US\",\"potentialAction\":[{\"@type\":\"ReadAction\",\"target\":[\"https:\/\/www.stiff.es\/spanisches-gesellschaftsrecht\/\"]}]},{\"@type\":\"BreadcrumbList\",\"@id\":\"https:\/\/www.stiff.es\/spanisches-gesellschaftsrecht\/#breadcrumb\",\"itemListElement\":[{\"@type\":\"ListItem\",\"position\":1,\"name\":\"Home\",\"item\":\"https:\/\/www.stiff.es\/en\/\"},{\"@type\":\"ListItem\",\"position\":2,\"name\":\"Spanisches Gesellschaftsrecht: Beratung bei der Wahl der Rechtsform\"}]},{\"@type\":\"WebSite\",\"@id\":\"https:\/\/www.stiff.es\/#website\",\"url\":\"https:\/\/www.stiff.es\/\",\"name\":\"Dr. Manuel Stiff - Attorney licensed in both Spain and Germany.\",\"description\":\"Eine weitere WordPress-Seite\",\"potentialAction\":[{\"@type\":\"SearchAction\",\"target\":{\"@type\":\"EntryPoint\",\"urlTemplate\":\"https:\/\/www.stiff.es\/?s={search_term_string}\"},\"query-input\":{\"@type\":\"PropertyValueSpecification\",\"valueRequired\":true,\"valueName\":\"search_term_string\"}}],\"inLanguage\":\"en-US\"}]}<\/script>\n<!-- \/ Yoast SEO plugin. -->","yoast_head_json":{"title":"Spanisches Gesellschaftsrecht: RA Dr. Manuel Stiff ber\u00e4t","description":"Dr. Stiff ber\u00e4t als deutscher RA auf Mallorca zum Themengebiet spanisches Gesellschaftsrecht, z. B. bei der Gr\u00fcndung einer S.L. \u27a8 Jetzt beraten lassen!","robots":{"index":"index","follow":"follow","max-snippet":"max-snippet:-1","max-image-preview":"max-image-preview:large","max-video-preview":"max-video-preview:-1"},"canonical":"https:\/\/www.stiff.es\/spanisches-gesellschaftsrecht\/","og_locale":"en_US","og_type":"article","og_title":"Spanisches Gesellschaftsrecht: RA Dr. Manuel Stiff ber\u00e4t","og_description":"Dr. Stiff ber\u00e4t als deutscher RA auf Mallorca zum Themengebiet spanisches Gesellschaftsrecht, z. B. bei der Gr\u00fcndung einer S.L. \u27a8 Jetzt beraten lassen!","og_url":"https:\/\/www.stiff.es\/spanisches-gesellschaftsrecht\/","og_site_name":"Dr. Manuel Stiff - Attorney licensed in both Spain and Germany.","article_modified_time":"2025-02-17T13:39:59+00:00","twitter_card":"summary_large_image","twitter_misc":{"Est. reading time":"2 minutes"},"schema":{"@context":"https:\/\/schema.org","@graph":[{"@type":"WebPage","@id":"https:\/\/www.stiff.es\/spanisches-gesellschaftsrecht\/","url":"https:\/\/www.stiff.es\/spanisches-gesellschaftsrecht\/","name":"Spanisches Gesellschaftsrecht: RA Dr. Manuel Stiff ber\u00e4t","isPartOf":{"@id":"https:\/\/www.stiff.es\/#website"},"datePublished":"2017-08-28T10:17:03+00:00","dateModified":"2025-02-17T13:39:59+00:00","description":"Dr. Stiff ber\u00e4t als deutscher RA auf Mallorca zum Themengebiet spanisches Gesellschaftsrecht, z. B. bei der Gr\u00fcndung einer S.L. \u27a8 Jetzt beraten lassen!","breadcrumb":{"@id":"https:\/\/www.stiff.es\/spanisches-gesellschaftsrecht\/#breadcrumb"},"inLanguage":"en-US","potentialAction":[{"@type":"ReadAction","target":["https:\/\/www.stiff.es\/spanisches-gesellschaftsrecht\/"]}]},{"@type":"BreadcrumbList","@id":"https:\/\/www.stiff.es\/spanisches-gesellschaftsrecht\/#breadcrumb","itemListElement":[{"@type":"ListItem","position":1,"name":"Home","item":"https:\/\/www.stiff.es\/en\/"},{"@type":"ListItem","position":2,"name":"Spanisches Gesellschaftsrecht: Beratung bei der Wahl der Rechtsform"}]},{"@type":"WebSite","@id":"https:\/\/www.stiff.es\/#website","url":"https:\/\/www.stiff.es\/","name":"Dr. Manuel Stiff - Attorney licensed in both Spain and Germany.","description":"Eine weitere WordPress-Seite","potentialAction":[{"@type":"SearchAction","target":{"@type":"EntryPoint","urlTemplate":"https:\/\/www.stiff.es\/?s={search_term_string}"},"query-input":{"@type":"PropertyValueSpecification","valueRequired":true,"valueName":"search_term_string"}}],"inLanguage":"en-US"}]}},"_links":{"self":[{"href":"https:\/\/www.stiff.es\/en\/wp-json\/wp\/v2\/pages\/709","targetHints":{"allow":["GET"]}}],"collection":[{"href":"https:\/\/www.stiff.es\/en\/wp-json\/wp\/v2\/pages"}],"about":[{"href":"https:\/\/www.stiff.es\/en\/wp-json\/wp\/v2\/types\/page"}],"author":[{"embeddable":true,"href":"https:\/\/www.stiff.es\/en\/wp-json\/wp\/v2\/users\/3"}],"replies":[{"embeddable":true,"href":"https:\/\/www.stiff.es\/en\/wp-json\/wp\/v2\/comments?post=709"}],"version-history":[{"count":2,"href":"https:\/\/www.stiff.es\/en\/wp-json\/wp\/v2\/pages\/709\/revisions"}],"predecessor-version":[{"id":1752,"href":"https:\/\/www.stiff.es\/en\/wp-json\/wp\/v2\/pages\/709\/revisions\/1752"}],"wp:attachment":[{"href":"https:\/\/www.stiff.es\/en\/wp-json\/wp\/v2\/media?parent=709"}],"curies":[{"name":"wp","href":"https:\/\/api.w.org\/{rel}","templated":true}]}}