{"id":704,"date":"2017-08-28T12:09:37","date_gmt":"2017-08-28T10:09:37","guid":{"rendered":"https:\/\/www.stiff.es\/?page_id=704\/"},"modified":"2026-02-21T16:13:40","modified_gmt":"2026-02-21T15:13:40","slug":"spanisches-scheidungsrecht","status":"publish","type":"page","link":"https:\/\/www.stiff.es\/en\/spanisches-scheidungsrecht\/","title":{"rendered":"Scheidungsrecht in Spanien \u2013 grunds\u00e4tzliche Informationen zu Anwendung"},"content":{"rendered":"<div class=\"fusion-fullwidth fullwidth-box fusion-builder-row-1 nonhundred-percent-fullwidth non-hundred-percent-height-scrolling\" style=\"--awb-border-radius-top-left:0px;--awb-border-radius-top-right:0px;--awb-border-radius-bottom-right:0px;--awb-border-radius-bottom-left:0px;--awb-flex-wrap:wrap;\" ><div class=\"fusion-builder-row fusion-row\"><div class=\"fusion-layout-column fusion_builder_column fusion-builder-column-0 fusion_builder_column_1_1 1_1 fusion-one-full fusion-column-first fusion-column-last\" style=\"--awb-bg-size:cover;\"><div class=\"fusion-column-wrapper fusion-flex-column-wrapper-legacy\"><div class=\"fusion-text fusion-text-1\"><p>Die europ\u00e4ische Rom-III-Verordnung legt seit dem 21.06.2012 fest, welches Recht im Falle einer Scheidung mit Auslandsbezug anzuwenden ist, und dient vor Gericht als Entscheidungsgrundlage. Die Rechtswahl h\u00e4ngt dabei nicht mehr von der Staatsangeh\u00f6rigkeit der Eheleute ab, sondern vielmehr von ihrem gew\u00f6hnlichen Aufenthaltsort. Ob die Scheidung in Spanien oder Deutschland stattfindet, kann in finanzieller Hinsicht erhebliche Konsequenzen haben, da die Scheidung Grundvoraussetzung f\u00fcr nachfolgende Verfahren wie Kindesunterhalt oder Versorgungsausgleich ist. Sie wollen wissen, welches Recht bei deutsch-spanischen Scheidungssachen gilt, oder haben Fragen zum Scheidungsrecht in Spanien? Dann ist der deutsche Rechtsanwalt und spanische Abogado Dr. Manuel Stiff der richtige Ansprechpartner. Dank Doppelzulassung k\u00fcmmert er sich als Rechtsberater sowohl um Mandanten in Deutschland als auch in Spanien.<\/p>\n<\/div><div class=\"fusion-title title fusion-title-1 fusion-title-text fusion-title-size-two\"><h2 class=\"fusion-title-heading title-heading-left\" style=\"margin:0;\">Scheidungsrecht Spanien: Welches Recht ist anzuwenden?<\/h2><span class=\"awb-title-spacer\"><\/span><div class=\"title-sep-container\"><div class=\"title-sep sep-double sep-solid\" style=\"border-color:#e0dede;\"><\/div><\/div><\/div><div class=\"fusion-text fusion-text-2\"><p>Anders als im deutschen Recht muss die Rechtswahl in Spanien sp\u00e4testens vor der Einleitung des Scheidungs- oder Trennungsverfahrens festgelegt werden. Nach Artikel 8 der Rom-III-Verordnung ist \u00fcblicherweise \u2013 wenn die Ehegatten keine Regelung getroffen haben \u2013 zun\u00e4chst das Recht des Staates anzuwenden, in dem die Ehegatten ihren gew\u00f6hnlichen Aufenthalt haben. Gem\u00e4\u00df der europ\u00e4ischen Verordnung k\u00f6nnen sich deutsche Ehegatten, die dauerhaft in Spanien leben, nach spanischem Recht scheiden lassen. Der gr\u00f6\u00dfte Vorteil dabei: Das im deutschen Scheidungsrecht notwendige Trennungsjahr muss nicht mehr eingehalten werden und die Ehe kann ohne Begr\u00fcndung sofort geschieden werden. Voraussetzung hierf\u00fcr ist, dass sie mindestens drei Monate bestanden hat. Dar\u00fcber hinaus gibt es in Spanien kaum nachehelichen Unterhalt. Es besteht lediglich ein Anspruch auf den Ausgleich von durch die Scheidung oder Trennung verursachten Verm\u00f6gensunterschieden (pension compensatoria). Erst ab Einreichung einer Unterhaltsklage wird Unterhalt geschuldet. Der Unterhaltsanspruch setzt wiederum die Bed\u00fcrftigkeit des Gl\u00e4ubigers sowie die Leistungsf\u00e4higkeit des Schuldners voraus.<\/p>\n<\/div><div class=\"fusion-title title fusion-title-2 fusion-title-text fusion-title-size-two\"><h2 class=\"fusion-title-heading title-heading-left\" style=\"margin:0;\">Reform des Familienrechts in Spanien wirkt sich auf Scheidung aus<\/h2><span class=\"awb-title-spacer\"><\/span><div class=\"title-sep-container\"><div class=\"title-sep sep-double sep-solid\" style=\"border-color:#e0dede;\"><\/div><\/div><\/div><div class=\"fusion-text fusion-text-3\"><p>Seit der grundlegen Reformierung des spanischen Familienrechts im Jahr 2005 gilt die 3-Monats-Frist f\u00fcr Trennungen oder Scheidungen. Neben der Scheidung kennt das spanische Recht ebenso das vorangegangene Trennungsverfahren. Demnach k\u00f6nnen die Eheleute entscheiden, ob sie nur ein Trennungsurteil oder ein Scheidungsurteil wollen. Der einzige Unterschied liegt darin, dass die Ehe bei einem Trennungsurteil nicht endg\u00fcltig aufgel\u00f6st ist. Das bedeutet, die Eheleute k\u00f6nnen jederzeit wieder in einer Ehe zusammenleben, ohne erneut heiraten zu m\u00fcssen. Meist sind das hier die vorl\u00e4ufigen Regelungen bis zu einer Scheidung, was besonders in streitigen F\u00e4llen erforderlich sein wird.<br \/>\nDar\u00fcber hinaus m\u00fcssen die Eheleute bei einer einvernehmlichen Trennung oder Scheidung dem Antrag entsprechende Folgevereinbarungen beilegen (Convenio regulador). Darin m\u00fcssen alle Folgesachen, beispielsweise die elterliche Sorge und der Umgang mit Kindern sowie Regelungen der Ehewohnung zum Hausrat oder zum Verm\u00f6gen, vorgelegt werden. Wenn keine solche Vereinbarung vorgelegt wird, legt das Gericht selbst\u00e4ndig die Ma\u00dfnahmen fest, die es f\u00fcr angemessen h\u00e4lt. F\u00fcr den Fall, dass kein Ehevertrag vorhanden ist, gilt im Hinblick auf die Regelung der Eigentumsverh\u00e4ltnisse und bei Anwendung des gemeinspanischen Rechts die Errungenschaftsgemeinschaft. Allerdings gilt in manchen Provinzen ein spezielles Recht, zum Beispiel die G\u00fctertrennung auf den Balearen und in Katalonien. Im gemeinspanischen Recht wird zun\u00e4chst angenommen, dass die Verm\u00f6genswerte beiden Eheleuten zu gleichen Teilen geh\u00f6ren, wenn diese innerhalb der Ehe angeschafft wurden.<\/p>\n<\/div><div class=\"fusion-title title fusion-title-3 fusion-title-text fusion-title-size-two\"><h2 class=\"fusion-title-heading title-heading-left\" style=\"margin:0;\">Spanisches Scheidungsrecht \u2013 deutsche Rechtsanw\u00e4lte beraten auf Mallorca<\/h2><span class=\"awb-title-spacer\"><\/span><div class=\"title-sep-container\"><div class=\"title-sep sep-double sep-solid\" style=\"border-color:#e0dede;\"><\/div><\/div><\/div><div class=\"fusion-text fusion-text-4\"><p>Im Hinblick auf die Einzelheiten des Scheidungsrechts in Spanien sollten Sie auf jeden Fall anwaltlichen Rat in Anspruch nehmen. Dr. Manuel Stiff und seine kompetenten Kollegen stehen Ihnen als deutsche Rechtsanw\u00e4lte auf Mallorca und in Spanien f\u00fcr eine professionelle Rechtsberatung zur Verf\u00fcgung. Neben dem spanischen Scheidungsrecht k\u00fcmmern sie sich um diverse weitere Rechtsgebiete, etwa spanisches Wirtschafts- oder Immobilienrecht, und bilden so eine juristische Schnittstelle zwischen Spanien und Deutschland. Mit seinem Anwaltsb\u00fcro am Rande der Altstadt von Palma de Mallorca ist Dr. Manuell Stiff f\u00fcr seine Mandanten unmittelbar vor Ort. Profitieren Sie von der Expertise und vereinbaren Sie einen Beratungstermin!<\/p>\n<\/div><div class=\"fusion-clearfix\"><\/div><\/div><\/div><\/div><\/div>\n<div class=\"fusion-fullwidth fullwidth-box fusion-builder-row-2 fusion-flex-container has-pattern-background has-mask-background nonhundred-percent-fullwidth non-hundred-percent-height-scrolling\" style=\"--awb-border-radius-top-left:0px;--awb-border-radius-top-right:0px;--awb-border-radius-bottom-right:0px;--awb-border-radius-bottom-left:0px;--awb-flex-wrap:wrap;\" ><div class=\"fusion-builder-row fusion-row fusion-flex-align-items-flex-start fusion-flex-content-wrap\" style=\"max-width:1206.4px;margin-left: calc(-4% \/ 2 );margin-right: calc(-4% \/ 2 );\"><div class=\"fusion-layout-column fusion_builder_column fusion-builder-column-1 fusion_builder_column_1_1 1_1 fusion-flex-column\" style=\"--awb-bg-size:cover;--awb-width-large:100%;--awb-margin-top-large:0px;--awb-spacing-right-large:1.92%;--awb-margin-bottom-large:20px;--awb-spacing-left-large:1.92%;--awb-width-medium:100%;--awb-order-medium:0;--awb-spacing-right-medium:1.92%;--awb-spacing-left-medium:1.92%;--awb-width-small:100%;--awb-order-small:0;--awb-spacing-right-small:1.92%;--awb-spacing-left-small:1.92%;\"><div class=\"fusion-column-wrapper fusion-column-has-shadow fusion-flex-justify-content-flex-start fusion-content-layout-column\"><div class=\"fusion-separator fusion-full-width-sep\" style=\"align-self: center;margin-left: auto;margin-right: auto;margin-top:35px;margin-bottom:10px;width:100%;max-width:100%;\"><div class=\"fusion-separator-border sep-single sep-solid\" style=\"--awb-height:20px;--awb-amount:20px;border-color:#e0dede;border-top-width:1px;\"><\/div><\/div><style type='text\/css'>.reading-box-container-1 .element-bottomshadow:before,.reading-box-container-1 .element-bottomshadow:after{opacity:0.70;}<\/style><div class=\"fusion-reading-box-container reading-box-container-1\" style=\"--awb-title-color:#333333;--awb-margin-top:0px;--awb-margin-bottom:84px;\"><div class=\"reading-box reading-box-center\" style=\"background-color:#f6f6f6;border-width:0px;border-color:#ff9800;border-style:solid;\"><h2>Wenn Sie Fragen zu Familienrecht und besonders Scheidungsrecht in Spanien haben, dann nehmen bitte Kontakt mit Dr. Stiff auf.<\/h2><div class=\"reading-box-additional fusion-reading-box-additional\">\n<p>Per E-Mail <a href=\"mailto:stiff@stiff.es\" target=\"_blank\" rel=\"noopener\">stiff@stiff.es<\/a> oder per Telefon <a href=\"tel:+34971228140\" target=\"_blank\" rel=\"noopener\">0034 971 228140<\/a>.<br \/>\nOder ganz bequem jetzt hier via Kontaktformular unserer Homepage.<\/p>\n<\/div><div class=\"fusion-clearfix\"><\/div><a class=\"button fusion-button button-default fusion-button-default-size button-default-size button-flat fusion-mobile-button continue-center\" style=\"-webkit-box-shadow:none;-moz-box-shadow:none;box-shadow:none;border-radius:2px 2px 2px 2px\" href=\"https:\/\/www.stiff.es\/anfrageformular\/\" target=\"_self\"><span>Jetzt Kontakt aufnehmen!<\/span><\/a><\/div><\/div><\/div><\/div><\/div><\/div>\n","protected":false},"excerpt":{"rendered":"","protected":false},"author":3,"featured_media":133,"parent":0,"menu_order":0,"comment_status":"closed","ping_status":"closed","template":"","meta":{"footnotes":""},"class_list":["post-704","page","type-page","status-publish","has-post-thumbnail","hentry"],"yoast_head":"<!-- This site is optimized with the Yoast SEO plugin v24.5 - https:\/\/yoast.com\/wordpress\/plugins\/seo\/ -->\n<title>Scheidungsrecht Spanien | Rechtsanwalt Dr. Manuel Stiff<\/title>\n<meta name=\"description\" content=\"Erfahren Sie mehr \u00fcber Scheidungsrecht in Spanien \u25ba Kompetente Beratung von Dr. Manuel Stiff und Kollegen auf Mallorca. | Mehr erfahren!\" \/>\n<meta name=\"robots\" content=\"index, follow, max-snippet:-1, max-image-preview:large, max-video-preview:-1\" \/>\n<link rel=\"canonical\" href=\"https:\/\/www.stiff.es\/spanisches-scheidungsrecht\/\" \/>\n<meta property=\"og:locale\" content=\"en_US\" \/>\n<meta property=\"og:type\" content=\"article\" \/>\n<meta property=\"og:title\" content=\"Scheidungsrecht Spanien | Rechtsanwalt Dr. Manuel Stiff\" \/>\n<meta property=\"og:description\" content=\"Erfahren Sie mehr \u00fcber Scheidungsrecht in Spanien \u25ba Kompetente Beratung von Dr. Manuel Stiff und Kollegen auf Mallorca. | Mehr erfahren!\" \/>\n<meta property=\"og:url\" content=\"https:\/\/www.stiff.es\/spanisches-scheidungsrecht\/\" \/>\n<meta property=\"og:site_name\" content=\"Dr. Manuel Stiff - Attorney licensed in both Spain and Germany.\" \/>\n<meta property=\"article:modified_time\" content=\"2026-02-21T15:13:40+00:00\" \/>\n<meta property=\"og:image\" content=\"https:\/\/www.stiff.es\/wp-content\/uploads\/2015\/09\/CIMG5124.jpg\" \/>\n\t<meta property=\"og:image:width\" content=\"250\" \/>\n\t<meta property=\"og:image:height\" content=\"188\" \/>\n\t<meta property=\"og:image:type\" content=\"image\/jpeg\" \/>\n<meta name=\"twitter:card\" content=\"summary_large_image\" \/>\n<meta name=\"twitter:label1\" content=\"Est. reading time\" \/>\n\t<meta name=\"twitter:data1\" content=\"4 minutes\" \/>\n<script type=\"application\/ld+json\" class=\"yoast-schema-graph\">{\"@context\":\"https:\/\/schema.org\",\"@graph\":[{\"@type\":\"WebPage\",\"@id\":\"https:\/\/www.stiff.es\/spanisches-scheidungsrecht\/\",\"url\":\"https:\/\/www.stiff.es\/spanisches-scheidungsrecht\/\",\"name\":\"Scheidungsrecht Spanien | Rechtsanwalt Dr. Manuel Stiff\",\"isPartOf\":{\"@id\":\"https:\/\/www.stiff.es\/#website\"},\"primaryImageOfPage\":{\"@id\":\"https:\/\/www.stiff.es\/spanisches-scheidungsrecht\/#primaryimage\"},\"image\":{\"@id\":\"https:\/\/www.stiff.es\/spanisches-scheidungsrecht\/#primaryimage\"},\"thumbnailUrl\":\"https:\/\/www.stiff.es\/wp-content\/uploads\/2015\/09\/CIMG5124.jpg\",\"datePublished\":\"2017-08-28T10:09:37+00:00\",\"dateModified\":\"2026-02-21T15:13:40+00:00\",\"description\":\"Erfahren Sie mehr \u00fcber Scheidungsrecht in Spanien \u25ba Kompetente Beratung von Dr. Manuel Stiff und Kollegen auf Mallorca. | Mehr erfahren!\",\"breadcrumb\":{\"@id\":\"https:\/\/www.stiff.es\/spanisches-scheidungsrecht\/#breadcrumb\"},\"inLanguage\":\"en-US\",\"potentialAction\":[{\"@type\":\"ReadAction\",\"target\":[\"https:\/\/www.stiff.es\/spanisches-scheidungsrecht\/\"]}]},{\"@type\":\"ImageObject\",\"inLanguage\":\"en-US\",\"@id\":\"https:\/\/www.stiff.es\/spanisches-scheidungsrecht\/#primaryimage\",\"url\":\"https:\/\/www.stiff.es\/wp-content\/uploads\/2015\/09\/CIMG5124.jpg\",\"contentUrl\":\"https:\/\/www.stiff.es\/wp-content\/uploads\/2015\/09\/CIMG5124.jpg\",\"width\":250,\"height\":188,\"caption\":\"xxx\"},{\"@type\":\"BreadcrumbList\",\"@id\":\"https:\/\/www.stiff.es\/spanisches-scheidungsrecht\/#breadcrumb\",\"itemListElement\":[{\"@type\":\"ListItem\",\"position\":1,\"name\":\"Home\",\"item\":\"https:\/\/www.stiff.es\/en\/\"},{\"@type\":\"ListItem\",\"position\":2,\"name\":\"Scheidungsrecht in Spanien \u2013 grunds\u00e4tzliche Informationen zu Anwendung\"}]},{\"@type\":\"WebSite\",\"@id\":\"https:\/\/www.stiff.es\/#website\",\"url\":\"https:\/\/www.stiff.es\/\",\"name\":\"Dr. Manuel Stiff - Attorney licensed in both Spain and Germany.\",\"description\":\"Eine weitere WordPress-Seite\",\"potentialAction\":[{\"@type\":\"SearchAction\",\"target\":{\"@type\":\"EntryPoint\",\"urlTemplate\":\"https:\/\/www.stiff.es\/?s={search_term_string}\"},\"query-input\":{\"@type\":\"PropertyValueSpecification\",\"valueRequired\":true,\"valueName\":\"search_term_string\"}}],\"inLanguage\":\"en-US\"}]}<\/script>\n<!-- \/ Yoast SEO plugin. -->","yoast_head_json":{"title":"Scheidungsrecht Spanien | Rechtsanwalt Dr. Manuel Stiff","description":"Erfahren Sie mehr \u00fcber Scheidungsrecht in Spanien \u25ba Kompetente Beratung von Dr. Manuel Stiff und Kollegen auf Mallorca. | Mehr erfahren!","robots":{"index":"index","follow":"follow","max-snippet":"max-snippet:-1","max-image-preview":"max-image-preview:large","max-video-preview":"max-video-preview:-1"},"canonical":"https:\/\/www.stiff.es\/spanisches-scheidungsrecht\/","og_locale":"en_US","og_type":"article","og_title":"Scheidungsrecht Spanien | Rechtsanwalt Dr. Manuel Stiff","og_description":"Erfahren Sie mehr \u00fcber Scheidungsrecht in Spanien \u25ba Kompetente Beratung von Dr. Manuel Stiff und Kollegen auf Mallorca. | Mehr erfahren!","og_url":"https:\/\/www.stiff.es\/spanisches-scheidungsrecht\/","og_site_name":"Dr. Manuel Stiff - Attorney licensed in both Spain and Germany.","article_modified_time":"2026-02-21T15:13:40+00:00","og_image":[{"width":250,"height":188,"url":"https:\/\/www.stiff.es\/wp-content\/uploads\/2015\/09\/CIMG5124.jpg","type":"image\/jpeg"}],"twitter_card":"summary_large_image","twitter_misc":{"Est. reading time":"4 minutes"},"schema":{"@context":"https:\/\/schema.org","@graph":[{"@type":"WebPage","@id":"https:\/\/www.stiff.es\/spanisches-scheidungsrecht\/","url":"https:\/\/www.stiff.es\/spanisches-scheidungsrecht\/","name":"Scheidungsrecht Spanien | Rechtsanwalt Dr. Manuel Stiff","isPartOf":{"@id":"https:\/\/www.stiff.es\/#website"},"primaryImageOfPage":{"@id":"https:\/\/www.stiff.es\/spanisches-scheidungsrecht\/#primaryimage"},"image":{"@id":"https:\/\/www.stiff.es\/spanisches-scheidungsrecht\/#primaryimage"},"thumbnailUrl":"https:\/\/www.stiff.es\/wp-content\/uploads\/2015\/09\/CIMG5124.jpg","datePublished":"2017-08-28T10:09:37+00:00","dateModified":"2026-02-21T15:13:40+00:00","description":"Erfahren Sie mehr \u00fcber Scheidungsrecht in Spanien \u25ba Kompetente Beratung von Dr. Manuel Stiff und Kollegen auf Mallorca. | Mehr erfahren!","breadcrumb":{"@id":"https:\/\/www.stiff.es\/spanisches-scheidungsrecht\/#breadcrumb"},"inLanguage":"en-US","potentialAction":[{"@type":"ReadAction","target":["https:\/\/www.stiff.es\/spanisches-scheidungsrecht\/"]}]},{"@type":"ImageObject","inLanguage":"en-US","@id":"https:\/\/www.stiff.es\/spanisches-scheidungsrecht\/#primaryimage","url":"https:\/\/www.stiff.es\/wp-content\/uploads\/2015\/09\/CIMG5124.jpg","contentUrl":"https:\/\/www.stiff.es\/wp-content\/uploads\/2015\/09\/CIMG5124.jpg","width":250,"height":188,"caption":"xxx"},{"@type":"BreadcrumbList","@id":"https:\/\/www.stiff.es\/spanisches-scheidungsrecht\/#breadcrumb","itemListElement":[{"@type":"ListItem","position":1,"name":"Home","item":"https:\/\/www.stiff.es\/en\/"},{"@type":"ListItem","position":2,"name":"Scheidungsrecht in Spanien \u2013 grunds\u00e4tzliche Informationen zu Anwendung"}]},{"@type":"WebSite","@id":"https:\/\/www.stiff.es\/#website","url":"https:\/\/www.stiff.es\/","name":"Dr. Manuel Stiff - Attorney licensed in both Spain and Germany.","description":"Eine weitere WordPress-Seite","potentialAction":[{"@type":"SearchAction","target":{"@type":"EntryPoint","urlTemplate":"https:\/\/www.stiff.es\/?s={search_term_string}"},"query-input":{"@type":"PropertyValueSpecification","valueRequired":true,"valueName":"search_term_string"}}],"inLanguage":"en-US"}]}},"_links":{"self":[{"href":"https:\/\/www.stiff.es\/en\/wp-json\/wp\/v2\/pages\/704","targetHints":{"allow":["GET"]}}],"collection":[{"href":"https:\/\/www.stiff.es\/en\/wp-json\/wp\/v2\/pages"}],"about":[{"href":"https:\/\/www.stiff.es\/en\/wp-json\/wp\/v2\/types\/page"}],"author":[{"embeddable":true,"href":"https:\/\/www.stiff.es\/en\/wp-json\/wp\/v2\/users\/3"}],"replies":[{"embeddable":true,"href":"https:\/\/www.stiff.es\/en\/wp-json\/wp\/v2\/comments?post=704"}],"version-history":[{"count":2,"href":"https:\/\/www.stiff.es\/en\/wp-json\/wp\/v2\/pages\/704\/revisions"}],"predecessor-version":[{"id":1628,"href":"https:\/\/www.stiff.es\/en\/wp-json\/wp\/v2\/pages\/704\/revisions\/1628"}],"wp:featuredmedia":[{"embeddable":true,"href":"https:\/\/www.stiff.es\/en\/wp-json\/wp\/v2\/media\/133"}],"wp:attachment":[{"href":"https:\/\/www.stiff.es\/en\/wp-json\/wp\/v2\/media?parent=704"}],"curies":[{"name":"wp","href":"https:\/\/api.w.org\/{rel}","templated":true}]}}