{"id":569,"date":"2015-09-17T10:01:37","date_gmt":"2015-09-17T08:01:37","guid":{"rendered":"http:\/\/stiff2015.stiff.es\/en\/?page_id=569"},"modified":"2017-08-10T09:41:35","modified_gmt":"2017-08-10T07:41:35","slug":"legal-definitions-tax-number-in-spain","status":"publish","type":"page","link":"https:\/\/www.stiff.es\/en\/legal-definitions-tax-number-in-spain\/","title":{"rendered":"Legal definitions: Tax number in Spain"},"content":{"rendered":"<div style=\"text-align: justify;\">\n<div class=\"fusion-fullwidth fullwidth-box fusion-builder-row-1 hundred-percent-fullwidth non-hundred-percent-height-scrolling\" style=\"--awb-border-radius-top-left:0px;--awb-border-radius-top-right:0px;--awb-border-radius-bottom-right:0px;--awb-border-radius-bottom-left:0px;--awb-overflow:visible;--awb-flex-wrap:wrap;\" ><div class=\"fusion-builder-row fusion-row\"><div class=\"fusion-layout-column fusion_builder_column fusion-builder-column-0 fusion_builder_column_1_1 1_1 fusion-one-full fusion-column-first fusion-column-last fusion-column-no-min-height\" style=\"--awb-bg-size:cover;--awb-margin-bottom:0px;\"><div class=\"fusion-column-wrapper fusion-flex-column-wrapper-legacy\"><div class=\"fusion-title title fusion-title-1 fusion-title-text fusion-title-size-three\"><h3 class=\"fusion-title-heading title-heading-left\" style=\"margin:0;\">N.I.F n\u00famero de identificaci\u00f3n fiscal<\/h3><span class=\"awb-title-spacer\"><\/span><div class=\"title-sep-container\"><div class=\"title-sep sep-double sep-solid\" style=\"border-color:#e0dede;\"><\/div><\/div><\/div>\nThis is the tax identification number, required for anyone who makes cash transactions in Spain, that could have fiscal consequences , even theoretically. For example, this number is usually required to open a bank account. This number is provided by the Spanish police and thereafter registered automatically with the Spanish tax office (= hacienda). For Spaniards this number (n\u00famero de identificaci\u00f3n fiscal) is called N.I.F. and for foreigners N.I.E.(n\u00famero de identificaci\u00f3n extranjero).<\/p>\n<div class=\"fusion-clearfix\"><\/div><\/div><\/div><div class=\"fusion-layout-column fusion_builder_column fusion-builder-column-1 fusion_builder_column_1_1 1_1 fusion-one-full fusion-column-first fusion-column-last fusion-column-no-min-height\" style=\"--awb-bg-size:cover;--awb-margin-bottom:0px;\"><div class=\"fusion-column-wrapper fusion-flex-column-wrapper-legacy\"><div class=\"fusion-title title fusion-title-2 fusion-title-text fusion-title-size-three\"><h3 class=\"fusion-title-heading title-heading-left\" style=\"margin:0;\">N.I.E n\u00famero de identificaci\u00f3n de extranjeros<\/h3><span class=\"awb-title-spacer\"><\/span><div class=\"title-sep-container\"><div class=\"title-sep sep-double sep-solid\" style=\"border-color:#e0dede;\"><\/div><\/div><\/div>\nThis is the identification number which foreigners who are resident, receive in Spain. Both N.I.F and N.I.E numbers actually have a similar function. (<strong>Residencia = residence permit<\/strong>).<\/p>\n<\/div>\n<div class=\"fusion-clearfix\"><\/div><\/div><\/div><\/div><\/div>\n","protected":false},"excerpt":{"rendered":"","protected":false},"author":3,"featured_media":0,"parent":0,"menu_order":0,"comment_status":"closed","ping_status":"closed","template":"","meta":{"footnotes":""},"class_list":["post-569","page","type-page","status-publish","hentry"],"yoast_head":"<!-- This site is optimized with the Yoast SEO plugin v24.5 - https:\/\/yoast.com\/wordpress\/plugins\/seo\/ -->\n<title>Legal definitions: Tax number in Spain - Dr. Manuel Stiff - Attorney licensed in both Spain and Germany.<\/title>\n<meta name=\"robots\" content=\"index, follow, max-snippet:-1, max-image-preview:large, max-video-preview:-1\" \/>\n<link rel=\"canonical\" href=\"https:\/\/www.stiff.es\/en\/legal-definitions-tax-number-in-spain\/\" \/>\n<meta property=\"og:locale\" content=\"en_US\" \/>\n<meta property=\"og:type\" content=\"article\" \/>\n<meta property=\"og:title\" content=\"Legal definitions: Tax number in Spain - Dr. Manuel Stiff - Attorney licensed in both Spain and Germany.\" \/>\n<meta property=\"og:url\" content=\"https:\/\/www.stiff.es\/en\/legal-definitions-tax-number-in-spain\/\" \/>\n<meta property=\"og:site_name\" content=\"Dr. Manuel Stiff - Attorney licensed in both Spain and Germany.\" \/>\n<meta property=\"article:modified_time\" content=\"2017-08-10T07:41:35+00:00\" \/>\n<meta name=\"twitter:card\" content=\"summary_large_image\" \/>\n<meta name=\"twitter:label1\" content=\"Est. reading time\" \/>\n\t<meta name=\"twitter:data1\" content=\"1 minute\" \/>\n<script type=\"application\/ld+json\" class=\"yoast-schema-graph\">{\"@context\":\"https:\/\/schema.org\",\"@graph\":[{\"@type\":\"WebPage\",\"@id\":\"https:\/\/www.stiff.es\/en\/legal-definitions-tax-number-in-spain\/\",\"url\":\"https:\/\/www.stiff.es\/en\/legal-definitions-tax-number-in-spain\/\",\"name\":\"Legal definitions: Tax number in Spain - Dr. Manuel Stiff - Attorney licensed in both Spain and Germany.\",\"isPartOf\":{\"@id\":\"https:\/\/www.stiff.es\/#website\"},\"datePublished\":\"2015-09-17T08:01:37+00:00\",\"dateModified\":\"2017-08-10T07:41:35+00:00\",\"breadcrumb\":{\"@id\":\"https:\/\/www.stiff.es\/en\/legal-definitions-tax-number-in-spain\/#breadcrumb\"},\"inLanguage\":\"en-US\",\"potentialAction\":[{\"@type\":\"ReadAction\",\"target\":[\"https:\/\/www.stiff.es\/en\/legal-definitions-tax-number-in-spain\/\"]}]},{\"@type\":\"BreadcrumbList\",\"@id\":\"https:\/\/www.stiff.es\/en\/legal-definitions-tax-number-in-spain\/#breadcrumb\",\"itemListElement\":[{\"@type\":\"ListItem\",\"position\":1,\"name\":\"Home\",\"item\":\"https:\/\/www.stiff.es\/en\/\"},{\"@type\":\"ListItem\",\"position\":2,\"name\":\"Legal definitions: Tax number in Spain\"}]},{\"@type\":\"WebSite\",\"@id\":\"https:\/\/www.stiff.es\/#website\",\"url\":\"https:\/\/www.stiff.es\/\",\"name\":\"Dr. Manuel Stiff - Attorney licensed in both Spain and Germany.\",\"description\":\"Eine weitere WordPress-Seite\",\"potentialAction\":[{\"@type\":\"SearchAction\",\"target\":{\"@type\":\"EntryPoint\",\"urlTemplate\":\"https:\/\/www.stiff.es\/?s={search_term_string}\"},\"query-input\":{\"@type\":\"PropertyValueSpecification\",\"valueRequired\":true,\"valueName\":\"search_term_string\"}}],\"inLanguage\":\"en-US\"}]}<\/script>\n<!-- \/ Yoast SEO plugin. -->","yoast_head_json":{"title":"Legal definitions: Tax number in Spain - Dr. Manuel Stiff - Attorney licensed in both Spain and Germany.","robots":{"index":"index","follow":"follow","max-snippet":"max-snippet:-1","max-image-preview":"max-image-preview:large","max-video-preview":"max-video-preview:-1"},"canonical":"https:\/\/www.stiff.es\/en\/legal-definitions-tax-number-in-spain\/","og_locale":"en_US","og_type":"article","og_title":"Legal definitions: Tax number in Spain - Dr. Manuel Stiff - Attorney licensed in both Spain and Germany.","og_url":"https:\/\/www.stiff.es\/en\/legal-definitions-tax-number-in-spain\/","og_site_name":"Dr. Manuel Stiff - Attorney licensed in both Spain and Germany.","article_modified_time":"2017-08-10T07:41:35+00:00","twitter_card":"summary_large_image","twitter_misc":{"Est. reading time":"1 minute"},"schema":{"@context":"https:\/\/schema.org","@graph":[{"@type":"WebPage","@id":"https:\/\/www.stiff.es\/en\/legal-definitions-tax-number-in-spain\/","url":"https:\/\/www.stiff.es\/en\/legal-definitions-tax-number-in-spain\/","name":"Legal definitions: Tax number in Spain - Dr. Manuel Stiff - Attorney licensed in both Spain and Germany.","isPartOf":{"@id":"https:\/\/www.stiff.es\/#website"},"datePublished":"2015-09-17T08:01:37+00:00","dateModified":"2017-08-10T07:41:35+00:00","breadcrumb":{"@id":"https:\/\/www.stiff.es\/en\/legal-definitions-tax-number-in-spain\/#breadcrumb"},"inLanguage":"en-US","potentialAction":[{"@type":"ReadAction","target":["https:\/\/www.stiff.es\/en\/legal-definitions-tax-number-in-spain\/"]}]},{"@type":"BreadcrumbList","@id":"https:\/\/www.stiff.es\/en\/legal-definitions-tax-number-in-spain\/#breadcrumb","itemListElement":[{"@type":"ListItem","position":1,"name":"Home","item":"https:\/\/www.stiff.es\/en\/"},{"@type":"ListItem","position":2,"name":"Legal definitions: Tax number in Spain"}]},{"@type":"WebSite","@id":"https:\/\/www.stiff.es\/#website","url":"https:\/\/www.stiff.es\/","name":"Dr. Manuel Stiff - Attorney licensed in both Spain and Germany.","description":"Eine weitere WordPress-Seite","potentialAction":[{"@type":"SearchAction","target":{"@type":"EntryPoint","urlTemplate":"https:\/\/www.stiff.es\/?s={search_term_string}"},"query-input":{"@type":"PropertyValueSpecification","valueRequired":true,"valueName":"search_term_string"}}],"inLanguage":"en-US"}]}},"_links":{"self":[{"href":"https:\/\/www.stiff.es\/en\/wp-json\/wp\/v2\/pages\/569","targetHints":{"allow":["GET"]}}],"collection":[{"href":"https:\/\/www.stiff.es\/en\/wp-json\/wp\/v2\/pages"}],"about":[{"href":"https:\/\/www.stiff.es\/en\/wp-json\/wp\/v2\/types\/page"}],"author":[{"embeddable":true,"href":"https:\/\/www.stiff.es\/en\/wp-json\/wp\/v2\/users\/3"}],"replies":[{"embeddable":true,"href":"https:\/\/www.stiff.es\/en\/wp-json\/wp\/v2\/comments?post=569"}],"version-history":[{"count":0,"href":"https:\/\/www.stiff.es\/en\/wp-json\/wp\/v2\/pages\/569\/revisions"}],"wp:attachment":[{"href":"https:\/\/www.stiff.es\/en\/wp-json\/wp\/v2\/media?parent=569"}],"curies":[{"name":"wp","href":"https:\/\/api.w.org\/{rel}","templated":true}]}}