{"id":510,"date":"2015-09-12T17:53:19","date_gmt":"2015-09-12T15:53:19","guid":{"rendered":"http:\/\/stiff2015.stiff.es\/en\/so-finden-sie-uns\/"},"modified":"2023-11-20T12:55:24","modified_gmt":"2023-11-20T11:55:24","slug":"so-finden-sie-uns","status":"publish","type":"page","link":"https:\/\/www.stiff.es\/en\/so-finden-sie-uns\/","title":{"rendered":"So finden Sie uns"},"content":{"rendered":"<div class=\"fusion-fullwidth fullwidth-box fusion-builder-row-1 hundred-percent-fullwidth non-hundred-percent-height-scrolling\" style=\"--awb-border-radius-top-left:0px;--awb-border-radius-top-right:0px;--awb-border-radius-bottom-right:0px;--awb-border-radius-bottom-left:0px;--awb-overflow:visible;--awb-flex-wrap:wrap;\" ><div class=\"fusion-builder-row fusion-row\"><div class=\"fusion-layout-column fusion_builder_column fusion-builder-column-0 fusion_builder_column_1_1 1_1 fusion-one-full fusion-column-first fusion-column-last fusion-column-no-min-height\" style=\"--awb-bg-size:cover;--awb-margin-bottom:0px;\"><div class=\"fusion-column-wrapper fusion-flex-column-wrapper-legacy\"><div class=\"fusion-image-element fusion-image-align-right in-legacy-container\" style=\"text-align:right;--awb-caption-title-font-family:var(--h2_typography-font-family);--awb-caption-title-font-weight:var(--h2_typography-font-weight);--awb-caption-title-font-style:var(--h2_typography-font-style);--awb-caption-title-size:var(--h2_typography-font-size);--awb-caption-title-transform:var(--h2_typography-text-transform);--awb-caption-title-line-height:var(--h2_typography-line-height);--awb-caption-title-letter-spacing:var(--h2_typography-letter-spacing);\"><span class=\" fusion-imageframe imageframe-glow imageframe-1 hover-type-none\" style=\"-webkit-box-shadow: 0 0 3px rgba(0,0,0,0.3);box-shadow: 0 0 3px rgba(0,0,0,0.3);margin-left:25px;float:right;\"><img decoding=\"async\" width=\"200\" height=\"267\" title=\"Kanzlei\" src=\"https:\/\/www.stiff.es\/wp-content\/uploads\/2015\/09\/CIMG5132.jpg\" alt class=\"img-responsive wp-image-801\"\/><\/span><\/div>\n<p style=\"text-align: justify;\">Von der Altstadt, z.B. von der Kathedrale aus und der Strasse Borne (z.b. Bar Bosch) folgen Sie dem zentralen Prachtboulevard &#8220;Jaime III&#8221; stadtausw\u00e4rts. Sie fahren geradeaus \u00fcber die Br\u00fccke und unmittelbar nach \u00fcberqueren der Br\u00fccke rechts in die Tiefgarage. W\u00fcrden Sie die Fahrt geradeaus nach der Br\u00fccke fortsetzen so heisst nun die Strasse Calle Catalu\u00f1a und nach ca. 50 Metern ist unser B\u00fcro auf der linken Seite Hauseingang 5-A.<\/p>\n<p>Anfahrtsskizze mit <a href=\"https:\/\/www.google.de\/maps\/place\/Carrer+Catalunya,+5,+07011+Palma,+Illes+Balears,+Spanien\/@39.5728283,2.6409832,17z\/data=!3m1!4b1!4m2!3m1!1s0x1297925d0751d837:0x6e8fa6d7a1d606e3\" target=\"_blank\" rel=\"noopener\">google-maps <i class=\"fa fa-external-link\"><\/i><\/a>.<\/p>\n<div class=\"fusion-clearfix\"><\/div><\/div><\/div><div class=\"fusion-layout-column fusion_builder_column fusion-builder-column-1 fusion_builder_column_1_1 1_1 fusion-one-full fusion-column-first fusion-column-last fusion-column-no-min-height\" style=\"--awb-bg-size:cover;--awb-margin-bottom:0px;\"><div class=\"fusion-column-wrapper fusion-flex-column-wrapper-legacy\"><div class=\"fusion-clearfix\"><\/div><\/div><\/div><\/div><\/div>\n","protected":false},"excerpt":{"rendered":"","protected":false},"author":3,"featured_media":0,"parent":0,"menu_order":0,"comment_status":"closed","ping_status":"closed","template":"","meta":{"footnotes":""},"class_list":["post-510","page","type-page","status-publish","hentry"],"yoast_head":"<!-- This site is optimized with the Yoast SEO plugin v24.5 - https:\/\/yoast.com\/wordpress\/plugins\/seo\/ -->\n<title>Stiff: Standort und Anfahrtsbeschreibung<\/title>\n<meta name=\"description\" content=\"Entdecken Sie den idealen Weg zu Stiff! Finden Sie detaillierte Anfahrtsinformationen auf unserer Website. \u25b6 Standort, Karte, und Tipps f\u00fcr eine reibungslose Anreise. \u2713 Jetzt weiterlesen!\" \/>\n<meta name=\"robots\" content=\"index, follow, max-snippet:-1, max-image-preview:large, max-video-preview:-1\" \/>\n<link rel=\"canonical\" href=\"https:\/\/www.stiff.es\/en\/so-finden-sie-uns\/\" \/>\n<meta property=\"og:locale\" content=\"en_US\" \/>\n<meta property=\"og:type\" content=\"article\" \/>\n<meta property=\"og:title\" content=\"Stiff: Standort und Anfahrtsbeschreibung\" \/>\n<meta property=\"og:description\" content=\"Entdecken Sie den idealen Weg zu Stiff! Finden Sie detaillierte Anfahrtsinformationen auf unserer Website. \u25b6 Standort, Karte, und Tipps f\u00fcr eine reibungslose Anreise. \u2713 Jetzt weiterlesen!\" \/>\n<meta property=\"og:url\" content=\"https:\/\/www.stiff.es\/en\/so-finden-sie-uns\/\" \/>\n<meta property=\"og:site_name\" content=\"Dr. Manuel Stiff - Attorney licensed in both Spain and Germany.\" \/>\n<meta property=\"article:modified_time\" content=\"2023-11-20T11:55:24+00:00\" \/>\n<meta property=\"og:image\" content=\"https:\/\/www.stiff.es\/wp-content\/uploads\/2015\/09\/CIMG5132.jpg\" \/>\n<meta name=\"twitter:card\" content=\"summary_large_image\" \/>\n<meta name=\"twitter:label1\" content=\"Est. reading time\" \/>\n\t<meta name=\"twitter:data1\" content=\"1 minute\" \/>\n<script type=\"application\/ld+json\" class=\"yoast-schema-graph\">{\"@context\":\"https:\/\/schema.org\",\"@graph\":[{\"@type\":\"WebPage\",\"@id\":\"https:\/\/www.stiff.es\/en\/so-finden-sie-uns\/\",\"url\":\"https:\/\/www.stiff.es\/en\/so-finden-sie-uns\/\",\"name\":\"Stiff: Standort und Anfahrtsbeschreibung\",\"isPartOf\":{\"@id\":\"https:\/\/www.stiff.es\/#website\"},\"primaryImageOfPage\":{\"@id\":\"https:\/\/www.stiff.es\/en\/so-finden-sie-uns\/#primaryimage\"},\"image\":{\"@id\":\"https:\/\/www.stiff.es\/en\/so-finden-sie-uns\/#primaryimage\"},\"thumbnailUrl\":\"https:\/\/www.stiff.es\/wp-content\/uploads\/2015\/09\/CIMG5132.jpg\",\"datePublished\":\"2015-09-12T15:53:19+00:00\",\"dateModified\":\"2023-11-20T11:55:24+00:00\",\"description\":\"Entdecken Sie den idealen Weg zu Stiff! Finden Sie detaillierte Anfahrtsinformationen auf unserer Website. \u25b6 Standort, Karte, und Tipps f\u00fcr eine reibungslose Anreise. \u2713 Jetzt weiterlesen!\",\"breadcrumb\":{\"@id\":\"https:\/\/www.stiff.es\/en\/so-finden-sie-uns\/#breadcrumb\"},\"inLanguage\":\"en-US\",\"potentialAction\":[{\"@type\":\"ReadAction\",\"target\":[\"https:\/\/www.stiff.es\/en\/so-finden-sie-uns\/\"]}]},{\"@type\":\"ImageObject\",\"inLanguage\":\"en-US\",\"@id\":\"https:\/\/www.stiff.es\/en\/so-finden-sie-uns\/#primaryimage\",\"url\":\"https:\/\/www.stiff.es\/wp-content\/uploads\/2015\/09\/CIMG5132.jpg\",\"contentUrl\":\"https:\/\/www.stiff.es\/wp-content\/uploads\/2015\/09\/CIMG5132.jpg\"},{\"@type\":\"BreadcrumbList\",\"@id\":\"https:\/\/www.stiff.es\/en\/so-finden-sie-uns\/#breadcrumb\",\"itemListElement\":[{\"@type\":\"ListItem\",\"position\":1,\"name\":\"Home\",\"item\":\"https:\/\/www.stiff.es\/en\/\"},{\"@type\":\"ListItem\",\"position\":2,\"name\":\"So finden Sie uns\"}]},{\"@type\":\"WebSite\",\"@id\":\"https:\/\/www.stiff.es\/#website\",\"url\":\"https:\/\/www.stiff.es\/\",\"name\":\"Dr. Manuel Stiff - Attorney licensed in both Spain and Germany.\",\"description\":\"Eine weitere WordPress-Seite\",\"potentialAction\":[{\"@type\":\"SearchAction\",\"target\":{\"@type\":\"EntryPoint\",\"urlTemplate\":\"https:\/\/www.stiff.es\/?s={search_term_string}\"},\"query-input\":{\"@type\":\"PropertyValueSpecification\",\"valueRequired\":true,\"valueName\":\"search_term_string\"}}],\"inLanguage\":\"en-US\"}]}<\/script>\n<!-- \/ Yoast SEO plugin. -->","yoast_head_json":{"title":"Stiff: Standort und Anfahrtsbeschreibung","description":"Entdecken Sie den idealen Weg zu Stiff! Finden Sie detaillierte Anfahrtsinformationen auf unserer Website. \u25b6 Standort, Karte, und Tipps f\u00fcr eine reibungslose Anreise. \u2713 Jetzt weiterlesen!","robots":{"index":"index","follow":"follow","max-snippet":"max-snippet:-1","max-image-preview":"max-image-preview:large","max-video-preview":"max-video-preview:-1"},"canonical":"https:\/\/www.stiff.es\/en\/so-finden-sie-uns\/","og_locale":"en_US","og_type":"article","og_title":"Stiff: Standort und Anfahrtsbeschreibung","og_description":"Entdecken Sie den idealen Weg zu Stiff! Finden Sie detaillierte Anfahrtsinformationen auf unserer Website. \u25b6 Standort, Karte, und Tipps f\u00fcr eine reibungslose Anreise. \u2713 Jetzt weiterlesen!","og_url":"https:\/\/www.stiff.es\/en\/so-finden-sie-uns\/","og_site_name":"Dr. Manuel Stiff - Attorney licensed in both Spain and Germany.","article_modified_time":"2023-11-20T11:55:24+00:00","og_image":[{"url":"https:\/\/www.stiff.es\/wp-content\/uploads\/2015\/09\/CIMG5132.jpg","type":"","width":"","height":""}],"twitter_card":"summary_large_image","twitter_misc":{"Est. reading time":"1 minute"},"schema":{"@context":"https:\/\/schema.org","@graph":[{"@type":"WebPage","@id":"https:\/\/www.stiff.es\/en\/so-finden-sie-uns\/","url":"https:\/\/www.stiff.es\/en\/so-finden-sie-uns\/","name":"Stiff: Standort und Anfahrtsbeschreibung","isPartOf":{"@id":"https:\/\/www.stiff.es\/#website"},"primaryImageOfPage":{"@id":"https:\/\/www.stiff.es\/en\/so-finden-sie-uns\/#primaryimage"},"image":{"@id":"https:\/\/www.stiff.es\/en\/so-finden-sie-uns\/#primaryimage"},"thumbnailUrl":"https:\/\/www.stiff.es\/wp-content\/uploads\/2015\/09\/CIMG5132.jpg","datePublished":"2015-09-12T15:53:19+00:00","dateModified":"2023-11-20T11:55:24+00:00","description":"Entdecken Sie den idealen Weg zu Stiff! Finden Sie detaillierte Anfahrtsinformationen auf unserer Website. \u25b6 Standort, Karte, und Tipps f\u00fcr eine reibungslose Anreise. \u2713 Jetzt weiterlesen!","breadcrumb":{"@id":"https:\/\/www.stiff.es\/en\/so-finden-sie-uns\/#breadcrumb"},"inLanguage":"en-US","potentialAction":[{"@type":"ReadAction","target":["https:\/\/www.stiff.es\/en\/so-finden-sie-uns\/"]}]},{"@type":"ImageObject","inLanguage":"en-US","@id":"https:\/\/www.stiff.es\/en\/so-finden-sie-uns\/#primaryimage","url":"https:\/\/www.stiff.es\/wp-content\/uploads\/2015\/09\/CIMG5132.jpg","contentUrl":"https:\/\/www.stiff.es\/wp-content\/uploads\/2015\/09\/CIMG5132.jpg"},{"@type":"BreadcrumbList","@id":"https:\/\/www.stiff.es\/en\/so-finden-sie-uns\/#breadcrumb","itemListElement":[{"@type":"ListItem","position":1,"name":"Home","item":"https:\/\/www.stiff.es\/en\/"},{"@type":"ListItem","position":2,"name":"So finden Sie uns"}]},{"@type":"WebSite","@id":"https:\/\/www.stiff.es\/#website","url":"https:\/\/www.stiff.es\/","name":"Dr. Manuel Stiff - Attorney licensed in both Spain and Germany.","description":"Eine weitere WordPress-Seite","potentialAction":[{"@type":"SearchAction","target":{"@type":"EntryPoint","urlTemplate":"https:\/\/www.stiff.es\/?s={search_term_string}"},"query-input":{"@type":"PropertyValueSpecification","valueRequired":true,"valueName":"search_term_string"}}],"inLanguage":"en-US"}]}},"_links":{"self":[{"href":"https:\/\/www.stiff.es\/en\/wp-json\/wp\/v2\/pages\/510","targetHints":{"allow":["GET"]}}],"collection":[{"href":"https:\/\/www.stiff.es\/en\/wp-json\/wp\/v2\/pages"}],"about":[{"href":"https:\/\/www.stiff.es\/en\/wp-json\/wp\/v2\/types\/page"}],"author":[{"embeddable":true,"href":"https:\/\/www.stiff.es\/en\/wp-json\/wp\/v2\/users\/3"}],"replies":[{"embeddable":true,"href":"https:\/\/www.stiff.es\/en\/wp-json\/wp\/v2\/comments?post=510"}],"version-history":[{"count":0,"href":"https:\/\/www.stiff.es\/en\/wp-json\/wp\/v2\/pages\/510\/revisions"}],"wp:attachment":[{"href":"https:\/\/www.stiff.es\/en\/wp-json\/wp\/v2\/media?parent=510"}],"curies":[{"name":"wp","href":"https:\/\/api.w.org\/{rel}","templated":true}]}}