{"id":171,"date":"2015-09-12T19:32:55","date_gmt":"2015-09-12T17:32:55","guid":{"rendered":"http:\/\/stiff2015.stiff.es\/?page_id=171"},"modified":"2025-11-28T14:50:15","modified_gmt":"2025-11-28T13:50:15","slug":"erben-und-vererben-von-spanienimmobilien","status":"publish","type":"page","link":"https:\/\/www.stiff.es\/en\/erben-und-vererben-von-spanienimmobilien\/","title":{"rendered":"Erben und Vererben von Spanienimmobilien"},"content":{"rendered":"<div class=\"fusion-fullwidth fullwidth-box fusion-builder-row-1 hundred-percent-fullwidth non-hundred-percent-height-scrolling\" style=\"--awb-border-radius-top-left:0px;--awb-border-radius-top-right:0px;--awb-border-radius-bottom-right:0px;--awb-border-radius-bottom-left:0px;--awb-overflow:visible;--awb-flex-wrap:wrap;\" ><div class=\"fusion-builder-row fusion-row\"><div class=\"fusion-layout-column fusion_builder_column fusion-builder-column-0 fusion_builder_column_1_1 1_1 fusion-one-full fusion-column-first fusion-column-last fusion-column-no-min-height\" style=\"--awb-bg-size:cover;--awb-margin-bottom:0px;\"><div class=\"fusion-column-wrapper fusion-flex-column-wrapper-legacy\"><div class=\"fusion-title title fusion-title-1 fusion-title-text fusion-title-size-three\"><h3 class=\"fusion-title-heading title-heading-left\" style=\"margin:0;\">IMMOBILIENERWERB DURCH (VORWEGGENOMMENE) ERBSCHAFTEN<\/h3><span class=\"awb-title-spacer\"><\/span><div class=\"title-sep-container\"><div class=\"title-sep sep-double sep-solid\" style=\"border-color:#e0dede;\"><\/div><\/div><\/div><div class=\"fusion-text fusion-text-1\"><p style=\"text-align: justify;\">Von Dr. Manuel Stiff, spanischer Abogado und deutscher <a title=\"Anwalt Mallorcs\" href=\"https:\/\/www.stiff.es\/\">Rechtsanwalt mit B\u00fcros in Palma<\/a> und M\u00fcnster.<br \/>\nDie <a title=\"Steuerberatung Mallorca\" href=\"https:\/\/www.stiff.es\/breites-taetigkeitsspektrum\/\">rechtlichen und steuerlichen Fragen<\/a> stellen sich anl\u00e4sslich einer Erbschaft \u00e4hnlich wie beim Erwerb einer Immobilie. Das spanische Notariats- und Grundbuchwesen ist sehr unterschiedlich zum heimatlichen. Vor allem bedarf es zur Eintragung des Erben im Grundbuch der notariellen Erbschaftsannahme. Erst dann kann der Erbe z.B. verkaufen. Es sind also Besonderheiten wie diese, die es in Nordeuropa meist nicht gibt, aber im Rahmen der Abwicklung des Erbfalles zwingend zu beachten sind, obgleich eigentlich heimisches Erbrecht anzuwenden ist. Die spanische (Ferien-) Immobilie geht im Falle einer Erbschaft auf die Erben \u00fcber (\u00a7 1922 BGB). Die erbrechtliche, grundbuchrechtliche und steuerrechtliche Fragen richten sich einmal nach heimischem und einmal nach spanischem Recht. Bei einem deutschen Erblasser z.B. gilt zwar ausschlie\u00dflich deutsches Erbrecht (Art. 25 EGBGB und Art. 9 Nr. 8 C\u00f3digo Civil). Damit ist der scheinbar einfache Fall einer <a title=\"spanisches Immobilienrecht\" href=\"https:\/\/www.stiff.es\/spanisches-immobilienrecht\/\">Immobilienerbschaft in Spanien<\/a> aber nicht gel\u00f6st. Denn will der deutsche Erbe nun das erworbene Grundst\u00fcck auf seinen Namen umschreiben lassen, so muss er die nach spanischem Recht zwingende notarielle Erbschaftsannahme erkl\u00e4ren. Der Notar bewirkt jedoch damit anders als deutsche Notare nicht automatisch auch die Grundbuchumschreibung. Aus diesen Gr\u00fcnden ist Vorsicht geboten. Hier kann, wie beim <a title=\"spanisches Immobilienrecht\" href=\"https:\/\/www.stiff.es\/spanisches-immobilienrecht\/\">Immobilienerwerb<\/a> selbst, durch den Notar per Fax dem Grundbuchamt die Tatsache der Erbschaft mitgeteilt werden (asiento de presentaci\u00f3n), was eine 10 bis 60t\u00e4gige Sperrfrist (\u00e4hnlich einer Vormerkung) ausl\u00f6st. Unumg\u00e4nglich ist die Eintragung der Erbschaftsannahme auch dann, wenn die Immobilie danach verkauft werden soll und der Erwerber eine Bankenfinanzierung f\u00fcr den Kaufpreis ben\u00f6tigt. Die Banken verlangen n\u00e4mlich, dass zun\u00e4chst die Erbschaft im Grundbuch eingetragen ist, bevor sie eine Hypothekenfinanzierung f\u00fcr den K\u00e4ufer bewilligen. Damit der Grundbucheintrag gesichert wird, m\u00fcssen auch Erben eine N.I.E.-Nummer (n\u00famero de identificaci\u00f3n de extranjero) beantragen. Ohne Zahlung der Erbschaftssteuern findet die Umschreibung n\u00e4mlich nicht statt. Und ohne eine N.I.E.- Nummer k\u00f6nnen die Steuern nicht fristgerecht bezahlt werden. Der Erhalt dieser Nummer dauert mitunter einen Monat.<\/p>\n<\/div><div class=\"fusion-clearfix\"><\/div><\/div><\/div><div class=\"fusion-layout-column fusion_builder_column fusion-builder-column-1 fusion_builder_column_1_1 1_1 fusion-one-full fusion-column-first fusion-column-last fusion-column-no-min-height\" style=\"--awb-bg-size:cover;--awb-margin-bottom:0px;\"><div class=\"fusion-column-wrapper fusion-flex-column-wrapper-legacy\"><div class=\"fusion-title title fusion-title-2 fusion-title-text fusion-title-size-three\"><h3 class=\"fusion-title-heading title-heading-left\" style=\"margin:0;\">SPANISCHE UND DEUTSCHE ERBSCHAFTSSTEUERN<\/h3><span class=\"awb-title-spacer\"><\/span><div class=\"title-sep-container\"><div class=\"title-sep sep-double sep-solid\" style=\"border-color:#e0dede;\"><\/div><\/div><\/div><div class=\"fusion-text fusion-text-2\"><p style=\"text-align: justify;\">Die Erbschaft f\u00fchrt dazu, dass Erbschaftssteuern innerhalb eines halben Jahres ab dem Todestag bezahlt werden m\u00fcssen. Das kann ohne vorherige Erbschaftsannahme geschehen. Meist wird allerdings erst diese Erkl\u00e4rung abgegeben, dann die Steuerzahlung vorgenommen. Wer die Erbschaftssteuern nicht innerhalb der Frist zahlt, muss mit erheblichen S\u00e4umniszuschl\u00e4gen rechnen. Grunderwerbsteuern fallen nicht zus\u00e4tzlich an. Weil ein Doppelbesteuerungsabkommen in Bezug auf Erbschaftssteuern fehlt, m\u00fcssen grunds\u00e4tzlich auch die Erbschaftssteuern in beiden L\u00e4ndern parallel, also doppelt, bezahlt werden. Es gilt nur die Anrechnungsmethode, d.h. die niedrigeren Steuern werden bei den h\u00f6heren Steuern angerechnet. In der Regel sind in Spanien die Erbschaftssteuern erheblich h\u00f6her &#8211; dies, weil auch f\u00fcr Kinder als Regelerben nur ein Freibetrag in H\u00f6he von ca. 16.000 \u20ac vorgesehen ist, w\u00e4hrend in Deutschland ein Freibetrag von 400.000 \u20ac gilt. Ohne Verwandtschaftsgrad entf\u00e4llt auch der spanische Freibetrag. Selbst kleine Verm\u00f6gen werden besteuert, w\u00e4hrend dies in Deutschland nicht der Fall ist. Die spanische Erbschaftssteuer betr\u00e4gt selbst bei Kindern mit einem zu besteuerndem und in Spanien belegenen Verm\u00f6gen von nur 120.000 \u20ac 16,15 % also 15.606 \u20ac , bei 400.000 \u20ac liegt der Prozentsatz bei 25,5 % und die Steuer betr\u00e4gt 80.655 \u20ac. Ab etwa 800.000 \u20ac Verm\u00f6gen betr\u00e4gt der Steuersatz dann konstant 34 %. Weiter erh\u00f6ht sich der Steuersatz, wenn der Erbe Vorverm\u00f6gen in Spanien hat. Im Erbfall ist aber den Erben der Wert der Immobilie meist unbekannt. Es werden dann oft anstatt dem vorgeschrieben Marktwert (valor real), der Katasterwert mit 2 multipliziert und als wahrer Wert und damit als Besteuerungsgrundlage angegeben. Der Katasterwert liegt aber unter dem Verkehrswert, also kann das Finanzamt den Verkehrs- und Besteuerungswert ermitteln und festlegen. Dann werden Nachschl\u00e4ge erhoben, die sehr hoch sein k\u00f6nnen. Neben der Erbschaftssteuer f\u00e4llt auch die sogenannte plusvalia, die gemeindliche Wertzuwachssteuer an.<\/p>\n<p style=\"text-align: justify;\">\n<\/div><div class=\"fusion-clearfix\"><\/div><\/div><\/div><div class=\"fusion-layout-column fusion_builder_column fusion-builder-column-2 fusion_builder_column_1_1 1_1 fusion-one-full fusion-column-first fusion-column-last fusion-column-no-min-height\" style=\"--awb-bg-size:cover;--awb-margin-bottom:0px;\"><div class=\"fusion-column-wrapper fusion-flex-column-wrapper-legacy\"><div class=\"fusion-title title fusion-title-3 fusion-title-text fusion-title-size-three\"><h3 class=\"fusion-title-heading title-heading-left\" style=\"margin:0;\">LAUFENDE STEUERN BEIM HALTEN DER IMMOBILIE<\/h3><span class=\"awb-title-spacer\"><\/span><div class=\"title-sep-container\"><div class=\"title-sep sep-double sep-solid\" style=\"border-color:#e0dede;\"><\/div><\/div><\/div><div class=\"fusion-text fusion-text-3\"><p>Ist man einmal Eigent\u00fcmer der ererbten Immobilie geworden, so hat man j\u00e4hrlich die Grundsteuer (I.B.I.) zu zahlen. Daneben fallen in Spanien nun die wieder eingef\u00fchrten Verm\u00f6genssteuern und die Einkommenssteuern auf die Immobiliennutzung an.<\/p>\n<\/div><div class=\"fusion-clearfix\"><\/div><\/div><\/div><div class=\"fusion-layout-column fusion_builder_column fusion-builder-column-3 fusion_builder_column_1_1 1_1 fusion-one-full fusion-column-first fusion-column-last fusion-column-no-min-height\" style=\"--awb-bg-size:cover;--awb-margin-bottom:0px;\"><div class=\"fusion-column-wrapper fusion-flex-column-wrapper-legacy\"><div class=\"fusion-title title fusion-title-4 fusion-title-text fusion-title-size-three\"><h3 class=\"fusion-title-heading title-heading-left\" style=\"margin:0;\">VORSORGE und ERBRECHT<\/h3><span class=\"awb-title-spacer\"><\/span><div class=\"title-sep-container\"><div class=\"title-sep sep-double sep-solid\" style=\"border-color:#e0dede;\"><\/div><\/div><\/div><div class=\"fusion-text fusion-text-4\"><p style=\"text-align: justify;\">Weil das geschilderte Verfahren kompliziert ist, sollte man sich fachkompetent beraten lassen. Durch die Beratung in beiden Rechten (Heimatrecht und spanisches Recht) und im Erb- und Steuerecht besteht die M\u00f6glichkeit, nicht nur den Erwerb einer Spanienimmobilie, sondern auch die Erbschaftsannahme mit pr\u00e4ventiven erbschaftssteuerrechtlichen Fragen zu verbinden.<\/p>\n<\/div><div class=\"fusion-clearfix\"><\/div><\/div><\/div><div class=\"fusion-layout-column fusion_builder_column fusion-builder-column-4 fusion_builder_column_1_1 1_1 fusion-one-full fusion-column-first fusion-column-last fusion-column-no-min-height\" style=\"--awb-bg-size:cover;--awb-margin-bottom:0px;\"><div class=\"fusion-column-wrapper fusion-flex-column-wrapper-legacy\"><div class=\"fusion-title title fusion-title-5 fusion-title-text fusion-title-size-three\"><h3 class=\"fusion-title-heading title-heading-left\" style=\"margin:0;\">UMSCHREIBUNGEN UNTER LEBENDEN \/ NIE\u00dfBRAUCHSRECHT<\/h3><span class=\"awb-title-spacer\"><\/span><div class=\"title-sep-container\"><div class=\"title-sep sep-double sep-solid\" style=\"border-color:#e0dede;\"><\/div><\/div><\/div><div class=\"fusion-text fusion-text-5\"><p style=\"text-align: justify;\">Um die hohe Erbschaftssteuer zu vermeiden, k\u00f6nnen Umschreibungen des Grundbesitzes unter Lebenden get\u00e4tigt und ein lebenslanges Wohnrecht f\u00fcr die Eltern vorbehalten werden. Eine Schenkung n\u00fctzt hingegen nichts, da die Schenkungssteuer identisch mit der Erbschaftssteuer ist, aber nicht einmal ein Freibetrag bewilligt wird. Eine Umschreibung unter Lebenden ist nicht kostenlos, mindert aber die steuerliche Belastung. Wissen sollte man, dass selbst ein Nie\u00dfbrauchsrecht pf\u00e4ndbar ist (das Wohnrecht, derecho de habitaci\u00f3n nicht) und der potentielle Erblasser und Nie\u00dfbraucher nun von seinen Kinder abh\u00e4ngig ist und nicht mehr frei verkaufen kann. Weil manchmal die liebsten Kinder die Angewohnheit haben, die b\u00f6sesten Ehegatten zu heiraten, sind famili\u00e4re Konflikte m\u00f6glich. Die Kinder k\u00f6nnen den Eltern eine dem deutschen Recht unterworfene unwiderrufliche \u201eR\u00fcck\u00fcbertragungs-Vollmacht\u201c geben. Damit ist viel erreicht und ein Verkauf idR m\u00f6glich.<\/p>\n<\/div><div class=\"fusion-clearfix\"><\/div><\/div><\/div><div class=\"fusion-layout-column fusion_builder_column fusion-builder-column-5 fusion_builder_column_1_1 1_1 fusion-one-full fusion-column-first fusion-column-last fusion-column-no-min-height\" style=\"--awb-bg-size:cover;--awb-margin-bottom:0px;\"><div class=\"fusion-column-wrapper fusion-flex-column-wrapper-legacy\"><div class=\"fusion-title title fusion-title-6 fusion-title-text fusion-title-size-three\"><h3 class=\"fusion-title-heading title-heading-left\" style=\"margin:0;\">DEUTSCHE NOTARIELLE VOLLMACHTEN<\/h3><span class=\"awb-title-spacer\"><\/span><div class=\"title-sep-container\"><div class=\"title-sep sep-double sep-solid\" style=\"border-color:#e0dede;\"><\/div><\/div><\/div><div class=\"fusion-text fusion-text-6\"><p style=\"text-align: justify;\">Eine dem deutschen Recht unterstellte notarielle Vollmacht kann \u00fcber den Tod hinaus wirksam sein. Nach spanischem Recht hingegen erl\u00f6schen Vollmachten automatisch mit dem Tod des Vollmachtgebers\/Erblassers (Art. 1732 Nr.3, Art. 1718 II C\u00f3digo Civil). Es kann hier ein Grenzbereich zwischen nordeurop\u00e4ischem und spanischem Recht entstehen, der im Individualfall erhebliche Vorteile bieten kann, aber auch Risiken enth\u00e4lt.<\/p>\n<\/div><div class=\"fusion-clearfix\"><\/div><\/div><\/div><div class=\"fusion-layout-column fusion_builder_column fusion-builder-column-6 fusion_builder_column_1_1 1_1 fusion-one-full fusion-column-first fusion-column-last fusion-column-no-min-height\" style=\"--awb-bg-size:cover;--awb-margin-bottom:0px;\"><div class=\"fusion-column-wrapper fusion-flex-column-wrapper-legacy\"><div class=\"fusion-title title fusion-title-7 fusion-title-text fusion-title-size-three\"><h3 class=\"fusion-title-heading title-heading-left\" style=\"margin:0;\">VERJ\u00c4HRUNG DER ERBSCHAFTSSTEUERN?<\/h3><span class=\"awb-title-spacer\"><\/span><div class=\"title-sep-container\"><div class=\"title-sep sep-double sep-solid\" style=\"border-color:#e0dede;\"><\/div><\/div><\/div><div class=\"fusion-text fusion-text-7\"><p style=\"text-align: justify;\">Es gibt einige Altf\u00e4lle, in denen die Erben auf eine Umschreibung verzichtet hatten, nachdem der Erblasser verstorben war. In diesem Fall kann es passieren, dass die Deklarationsfrist von sechs Monaten abl\u00e4uft, ohne dass die Steuern bezahlt wurden. Wird sie verpasst, drohen S\u00e4umniszuschl\u00e4ge. Es ist nicht ratsam einfach abzuwarten, weil steuerrechtliche Konsequenzen drohen, die kaum absehbar sind. Es gilt vielmehr pr\u00e4ventiv und vorausschauend zu handeln und zu gestalten, bevor der Erbfall eintritt. Die sich an die Erkl\u00e4rungsfrist anschlie\u00dfende Verj\u00e4hrungsfrist von vier Jahren (insgesamt also 4 1\/2 Jahre), kann aber nach Art. 25 II spanisches Erbschaftssteuergesetz und nach Ansicht vieler spanischer Finanz\u00e4mter (die gegenteilige Ansicht wird auch vertreten), erst zu laufen beginnen, wenn das Finanzamt auch vom Erbfall Kenntnis hat und sein Besteuerungsrecht aus\u00fcben kann, wenn die Erben schon nicht im Selbstversteuerungsverfahren die Erbschaftssteuererkl\u00e4rung fristgerecht abgegeben haben.<\/p>\n<\/div><div class=\"fusion-clearfix\"><\/div><\/div><\/div><div class=\"fusion-layout-column fusion_builder_column fusion-builder-column-7 fusion_builder_column_1_1 1_1 fusion-one-full fusion-column-first fusion-column-last fusion-column-no-min-height\" style=\"--awb-bg-size:cover;--awb-margin-bottom:0px;\"><div class=\"fusion-column-wrapper fusion-flex-column-wrapper-legacy\"><div class=\"fusion-title title fusion-title-8 fusion-title-text fusion-title-size-three\"><h3 class=\"fusion-title-heading title-heading-left\" style=\"margin:0;\">UMWANDLUNG DES VERM\u00d6GENS IN EINE S.L.-GESELLSCHAFT<\/h3><span class=\"awb-title-spacer\"><\/span><div class=\"title-sep-container\"><div class=\"title-sep sep-double sep-solid\" style=\"border-color:#e0dede;\"><\/div><\/div><\/div><div class=\"fusion-text fusion-text-8\"><p style=\"text-align: justify;\">Es kann sich anbieten, die Immobilie in eine nicht aktive Gesellschaft (sociedad inactiva, spanische GmbH (<\/p>\n<\/div><div class=\"fusion-clearfix\"><\/div><\/div><\/div><div class=\"fusion-layout-column fusion_builder_column fusion-builder-column-8 fusion_builder_column_1_1 1_1 fusion-one-full fusion-column-first fusion-column-last fusion-column-no-min-height\" style=\"--awb-bg-size:cover;--awb-margin-bottom:0px;\"><div class=\"fusion-column-wrapper fusion-flex-column-wrapper-legacy\"><div class=\"fusion-text fusion-text-9\"><p>[Familien-]-S.L.)) oder auch nordeurop\u00e4ische GmbH oder AG einzulegen oder umzuwandeln. Neben dem Effekt, dass der Eigent\u00fcmer dann nicht namentlich im Grundbuch steht, kann auch der Erbfall so relativ flexibel geregelt werden bzw. die Erbschaftssteuern ins Heimatland \u201egezogen\u201c werden. Zumindest nach deutschem Schenkungssteuerrecht k\u00f6nnen Kinder alle zehn Jahre den Freibetrag von 400,000 \u20ac durch eine Geldschenkung aussch\u00f6pfen und sich alle zehn Jahre von ihren Eltern mit dem geschenkten Geld Gesellschaftsanteile der S.L. in Spanien erwerben, ohne dass Steuern anfallen. Nach spanischem Schenkungssteuerrecht gibt es allerdings keine Schenkungssteuerfreibetr\u00e4ge.<\/p>\n<\/div><div class=\"fusion-title title fusion-title-9 fusion-title-text fusion-title-size-three\"><h3 class=\"fusion-title-heading title-heading-left\" style=\"margin:0;\">DEUTSCHES UND\/ODER SPANISCHES TESTAMENT<\/h3><span class=\"awb-title-spacer\"><\/span><div class=\"title-sep-container\"><div class=\"title-sep sep-double sep-solid\" style=\"border-color:#e0dede;\"><\/div><\/div><\/div><div class=\"fusion-text fusion-text-10\"><p style=\"text-align: justify;\">Das Errichten eines Testaments beim spanischen Notar ist, bis auf Ausnahmen, unn\u00f6tig und verursacht nicht selten wegen Widerspr\u00fcchlichkeiten zu einem deutschen Testament Probleme. Es gibt allerdings Ausnahmen, bei denen es sinnvoll ist, ein spanisches Testament, welches sich ausschlie\u00dflich auf in Spanien belegenes Verm\u00f6gen bezieht, zu errichten. Hier muss allerdings eine Beratung vorausgehen und eine Abstimmung mit dem deutschen Testamentstattfinden.<br \/>\nAb dem Jahre 2012 will die Europ\u00e4ische Union das Erbrecht vermeintlich vereinheitlichen. Dies f\u00fchrt dann dazu, dass der letzte st\u00e4ndige Aufenthaltsort, bei Ferienimmobilienbesitzern in Spanien eben h\u00e4ufig Spanien, dazu f\u00fchrt, dass spanisches Erbrecht gelten w\u00fcrde. Dies h\u00e4tte zum Teil fatale Folgen. Man kann nur jedem raten, in Spanien errichtete \u00e4ltere Testamente einer \u00dcberpr\u00fcfung schnellstm\u00f6glich zu unterwerfen und k\u00fcnftig einem zu errichtenden Testament immer eine Rechtswahlklausel voranzustellen, nach dem Motto: \u201eDer Testamentserrichter Herr Mustermann w\u00e4hlt das deutsche Recht als das ausschlie\u00dflich auf dieses Testament anwendbare Recht und w\u00e4hlt ebenso einen deutschen Gerichtsstand als ausschlie\u00dflichen Gerichtsstand f\u00fcr die Kl\u00e4rung von Rechtsfragen im Zusammenhang mit der Auslegung dieses Testamentes\u201c. Mit einer solchen Klausel d\u00fcrfte man nach dem jetzigen Kenntnisstand der Absichten der Europ\u00e4ischen Union den alten Zustand wieder erreicht haben. Allerdings in Ausnahmef\u00e4llen kann auch das spanische Recht Vorteile bieten. Es ist hier in jedem Fall eine individuelle Beratung erforderlich.<br \/>\nDie Gestaltung spart Geld. Das sp\u00e4tere Abwarten kann hingegen viel Geld kosten.<\/p>\n<p><strong>von Dr. Manuel Stiff<\/strong><\/p>\n<\/div><div class=\"fusion-clearfix\"><\/div><\/div><\/div><\/div><\/div>\n","protected":false},"excerpt":{"rendered":"","protected":false},"author":3,"featured_media":0,"parent":0,"menu_order":0,"comment_status":"closed","ping_status":"closed","template":"","meta":{"footnotes":""},"class_list":["post-171","page","type-page","status-publish","hentry"],"yoast_head":"<!-- This site is optimized with the Yoast SEO plugin v24.5 - https:\/\/yoast.com\/wordpress\/plugins\/seo\/ -->\n<title>Rechtsanwalt Erbrecht Spanien | Rechtsanwalt Dr. Manuel Stiff<\/title>\n<meta name=\"description\" content=\"Erfahren Sie hier mehr \u00fcber die spanische und deutsche Erbschaftssteuer \u25ba Erbschaften \u2713 Spanienimmobilien \u2713 Nie\u00dfbrauchsrecht \u2713 Testament \u2713 Mehr erfahren!\" \/>\n<meta name=\"robots\" content=\"index, follow, max-snippet:-1, max-image-preview:large, max-video-preview:-1\" \/>\n<link rel=\"canonical\" href=\"https:\/\/www.stiff.es\/erben-und-vererben-von-spanienimmobilien\/\" \/>\n<meta property=\"og:locale\" content=\"en_US\" \/>\n<meta property=\"og:type\" content=\"article\" \/>\n<meta property=\"og:title\" content=\"Rechtsanwalt Erbrecht Spanien | Rechtsanwalt Dr. Manuel Stiff\" \/>\n<meta property=\"og:description\" content=\"Erfahren Sie hier mehr \u00fcber die spanische und deutsche Erbschaftssteuer \u25ba Erbschaften \u2713 Spanienimmobilien \u2713 Nie\u00dfbrauchsrecht \u2713 Testament \u2713 Mehr erfahren!\" \/>\n<meta property=\"og:url\" content=\"https:\/\/www.stiff.es\/erben-und-vererben-von-spanienimmobilien\/\" \/>\n<meta property=\"og:site_name\" content=\"Dr. Manuel Stiff - Attorney licensed in both Spain and Germany.\" \/>\n<meta property=\"article:modified_time\" content=\"2025-11-28T13:50:15+00:00\" \/>\n<meta name=\"twitter:card\" content=\"summary_large_image\" \/>\n<meta name=\"twitter:label1\" content=\"Est. reading time\" \/>\n\t<meta name=\"twitter:data1\" content=\"8 minutes\" \/>\n<script type=\"application\/ld+json\" class=\"yoast-schema-graph\">{\"@context\":\"https:\/\/schema.org\",\"@graph\":[{\"@type\":\"WebPage\",\"@id\":\"https:\/\/www.stiff.es\/erben-und-vererben-von-spanienimmobilien\/\",\"url\":\"https:\/\/www.stiff.es\/erben-und-vererben-von-spanienimmobilien\/\",\"name\":\"Rechtsanwalt Erbrecht Spanien | Rechtsanwalt Dr. Manuel Stiff\",\"isPartOf\":{\"@id\":\"https:\/\/www.stiff.es\/#website\"},\"datePublished\":\"2015-09-12T17:32:55+00:00\",\"dateModified\":\"2025-11-28T13:50:15+00:00\",\"description\":\"Erfahren Sie hier mehr \u00fcber die spanische und deutsche Erbschaftssteuer \u25ba Erbschaften \u2713 Spanienimmobilien \u2713 Nie\u00dfbrauchsrecht \u2713 Testament \u2713 Mehr erfahren!\",\"breadcrumb\":{\"@id\":\"https:\/\/www.stiff.es\/erben-und-vererben-von-spanienimmobilien\/#breadcrumb\"},\"inLanguage\":\"en-US\",\"potentialAction\":[{\"@type\":\"ReadAction\",\"target\":[\"https:\/\/www.stiff.es\/erben-und-vererben-von-spanienimmobilien\/\"]}]},{\"@type\":\"BreadcrumbList\",\"@id\":\"https:\/\/www.stiff.es\/erben-und-vererben-von-spanienimmobilien\/#breadcrumb\",\"itemListElement\":[{\"@type\":\"ListItem\",\"position\":1,\"name\":\"Home\",\"item\":\"https:\/\/www.stiff.es\/en\/\"},{\"@type\":\"ListItem\",\"position\":2,\"name\":\"Erben und Vererben von Spanienimmobilien\"}]},{\"@type\":\"WebSite\",\"@id\":\"https:\/\/www.stiff.es\/#website\",\"url\":\"https:\/\/www.stiff.es\/\",\"name\":\"Dr. Manuel Stiff - Attorney licensed in both Spain and Germany.\",\"description\":\"Eine weitere WordPress-Seite\",\"potentialAction\":[{\"@type\":\"SearchAction\",\"target\":{\"@type\":\"EntryPoint\",\"urlTemplate\":\"https:\/\/www.stiff.es\/?s={search_term_string}\"},\"query-input\":{\"@type\":\"PropertyValueSpecification\",\"valueRequired\":true,\"valueName\":\"search_term_string\"}}],\"inLanguage\":\"en-US\"}]}<\/script>\n<!-- \/ Yoast SEO plugin. -->","yoast_head_json":{"title":"Rechtsanwalt Erbrecht Spanien | Rechtsanwalt Dr. Manuel Stiff","description":"Erfahren Sie hier mehr \u00fcber die spanische und deutsche Erbschaftssteuer \u25ba Erbschaften \u2713 Spanienimmobilien \u2713 Nie\u00dfbrauchsrecht \u2713 Testament \u2713 Mehr erfahren!","robots":{"index":"index","follow":"follow","max-snippet":"max-snippet:-1","max-image-preview":"max-image-preview:large","max-video-preview":"max-video-preview:-1"},"canonical":"https:\/\/www.stiff.es\/erben-und-vererben-von-spanienimmobilien\/","og_locale":"en_US","og_type":"article","og_title":"Rechtsanwalt Erbrecht Spanien | Rechtsanwalt Dr. Manuel Stiff","og_description":"Erfahren Sie hier mehr \u00fcber die spanische und deutsche Erbschaftssteuer \u25ba Erbschaften \u2713 Spanienimmobilien \u2713 Nie\u00dfbrauchsrecht \u2713 Testament \u2713 Mehr erfahren!","og_url":"https:\/\/www.stiff.es\/erben-und-vererben-von-spanienimmobilien\/","og_site_name":"Dr. Manuel Stiff - Attorney licensed in both Spain and Germany.","article_modified_time":"2025-11-28T13:50:15+00:00","twitter_card":"summary_large_image","twitter_misc":{"Est. reading time":"8 minutes"},"schema":{"@context":"https:\/\/schema.org","@graph":[{"@type":"WebPage","@id":"https:\/\/www.stiff.es\/erben-und-vererben-von-spanienimmobilien\/","url":"https:\/\/www.stiff.es\/erben-und-vererben-von-spanienimmobilien\/","name":"Rechtsanwalt Erbrecht Spanien | Rechtsanwalt Dr. Manuel Stiff","isPartOf":{"@id":"https:\/\/www.stiff.es\/#website"},"datePublished":"2015-09-12T17:32:55+00:00","dateModified":"2025-11-28T13:50:15+00:00","description":"Erfahren Sie hier mehr \u00fcber die spanische und deutsche Erbschaftssteuer \u25ba Erbschaften \u2713 Spanienimmobilien \u2713 Nie\u00dfbrauchsrecht \u2713 Testament \u2713 Mehr erfahren!","breadcrumb":{"@id":"https:\/\/www.stiff.es\/erben-und-vererben-von-spanienimmobilien\/#breadcrumb"},"inLanguage":"en-US","potentialAction":[{"@type":"ReadAction","target":["https:\/\/www.stiff.es\/erben-und-vererben-von-spanienimmobilien\/"]}]},{"@type":"BreadcrumbList","@id":"https:\/\/www.stiff.es\/erben-und-vererben-von-spanienimmobilien\/#breadcrumb","itemListElement":[{"@type":"ListItem","position":1,"name":"Home","item":"https:\/\/www.stiff.es\/en\/"},{"@type":"ListItem","position":2,"name":"Erben und Vererben von Spanienimmobilien"}]},{"@type":"WebSite","@id":"https:\/\/www.stiff.es\/#website","url":"https:\/\/www.stiff.es\/","name":"Dr. Manuel Stiff - Attorney licensed in both Spain and Germany.","description":"Eine weitere WordPress-Seite","potentialAction":[{"@type":"SearchAction","target":{"@type":"EntryPoint","urlTemplate":"https:\/\/www.stiff.es\/?s={search_term_string}"},"query-input":{"@type":"PropertyValueSpecification","valueRequired":true,"valueName":"search_term_string"}}],"inLanguage":"en-US"}]}},"_links":{"self":[{"href":"https:\/\/www.stiff.es\/en\/wp-json\/wp\/v2\/pages\/171","targetHints":{"allow":["GET"]}}],"collection":[{"href":"https:\/\/www.stiff.es\/en\/wp-json\/wp\/v2\/pages"}],"about":[{"href":"https:\/\/www.stiff.es\/en\/wp-json\/wp\/v2\/types\/page"}],"author":[{"embeddable":true,"href":"https:\/\/www.stiff.es\/en\/wp-json\/wp\/v2\/users\/3"}],"replies":[{"embeddable":true,"href":"https:\/\/www.stiff.es\/en\/wp-json\/wp\/v2\/comments?post=171"}],"version-history":[{"count":4,"href":"https:\/\/www.stiff.es\/en\/wp-json\/wp\/v2\/pages\/171\/revisions"}],"predecessor-version":[{"id":1803,"href":"https:\/\/www.stiff.es\/en\/wp-json\/wp\/v2\/pages\/171\/revisions\/1803"}],"wp:attachment":[{"href":"https:\/\/www.stiff.es\/en\/wp-json\/wp\/v2\/media?parent=171"}],"curies":[{"name":"wp","href":"https:\/\/api.w.org\/{rel}","templated":true}]}}