{"id":162,"date":"2015-09-12T19:17:13","date_gmt":"2015-09-12T17:17:13","guid":{"rendered":"http:\/\/stiff2015.stiff.es\/?page_id=162"},"modified":"2017-08-10T09:41:38","modified_gmt":"2017-08-10T07:41:38","slug":"rechtliche-hinweise","status":"publish","type":"page","link":"https:\/\/www.stiff.es\/en\/rechtliche-hinweise\/","title":{"rendered":"Rechtliche Hinweise"},"content":{"rendered":"<div class=\"fusion-fullwidth fullwidth-box fusion-builder-row-1 hundred-percent-fullwidth non-hundred-percent-height-scrolling\" style=\"--awb-border-radius-top-left:0px;--awb-border-radius-top-right:0px;--awb-border-radius-bottom-right:0px;--awb-border-radius-bottom-left:0px;--awb-overflow:visible;--awb-flex-wrap:wrap;\" ><div class=\"fusion-builder-row fusion-row\"><div class=\"fusion-layout-column fusion_builder_column fusion-builder-column-0 fusion_builder_column_1_1 1_1 fusion-one-full fusion-column-first fusion-column-last fusion-column-no-min-height\" style=\"--awb-bg-size:cover;--awb-margin-bottom:0px;\"><div class=\"fusion-column-wrapper fusion-flex-column-wrapper-legacy\"><div class=\"fusion-title title fusion-title-1 fusion-title-text fusion-title-size-three\"><h3 class=\"fusion-title-heading title-heading-left\" style=\"margin:0;\">Verlinkungen<\/h3><span class=\"awb-title-spacer\"><\/span><div class=\"title-sep-container\"><div class=\"title-sep sep-double sep-solid\" style=\"border-color:#e0dede;\"><\/div><\/div><\/div>\n<p>Am 12. Mai 1998 entschied das Landgericht Hamburg, dass der Anbieter einer Homepage \/ Webseite nicht nur f\u00fcr die eigenen Inhalte zur Verantwortung gezogen werden kann, sondern auch f\u00fcr die Inhalte solcher anderer homepages, auf die lediglich mit weiterf\u00fchrenden Links verwiesen wird. Es sei lediglich dann m\u00f6glich, sich der Verantwortung auch f\u00fcr fremde Homepages zu entziehen, sofern eine ausdr\u00fcckliche Distanzierung von den Inhalten dieser gelinkten Homepages \/ Webseiten erfolge.<br \/>\nDiese Homepage beinhaltet links, die zu anderen Internetseiten gelegt wurden. Die Inhalte dieser gelinkten Homepages und Webseiten von Drittanbietern geben nicht unsere eigene pers\u00f6nliche Meinung wieder. Es besteht keinerlei Einfluss auf die Gestaltung und Inhalte dieser gelinkten Seiten durch den Rechtsanwalt Dr. Manuel Stiff. Es wird sich ausdr\u00fccklich vom gesamten Inhalt der gelinkten Seiten, die auf diesen Webseiten der Kanzlei Am Stadtgraben oder des bufete hispano espa\u00f1ol (www.stiff.es) aufgef\u00fchrt sind, distanziert. Diese Erkl\u00e4rung gilt f\u00fcr s\u00e4mtliche Links auf dieser Homepage und f\u00fcr s\u00e4mtliche Inhalte der gelinkten Seiten.<\/p>\n<div class=\"fusion-clearfix\"><\/div><\/div><\/div><div class=\"fusion-layout-column fusion_builder_column fusion-builder-column-1 fusion_builder_column_1_1 1_1 fusion-one-full fusion-column-first fusion-column-last fusion-column-no-min-height\" style=\"--awb-bg-size:cover;--awb-margin-bottom:0px;\"><div class=\"fusion-column-wrapper fusion-flex-column-wrapper-legacy\"><div class=\"fusion-title title fusion-title-2 fusion-title-text fusion-title-size-three\"><h3 class=\"fusion-title-heading title-heading-left\" style=\"margin:0;\">Berufsrechtliche Regelungen<\/h3><span class=\"awb-title-spacer\"><\/span><div class=\"title-sep-container\"><div class=\"title-sep sep-double sep-solid\" style=\"border-color:#e0dede;\"><\/div><\/div><\/div>\n<p>Nach den seit dem 01.01.2002 eingef\u00fchrten neuen Informationspflichten gem. \u00a7 6 TDG besteht die Verpflichtung, auf die berufsrechtlichen Regelungen hinzuweisen.<\/p>\n<p><strong>F\u00fcr die anwaltliche T\u00e4tigkeit gelten folgende Berufs- und Geb\u00fchrenordnungen f\u00fcr T\u00e4tigkeiten in Deutschland:<\/strong><\/p>\n<ul style=\"margin-left: 1em;\">\n<li>Bundesrechtsanwaltsordnung (BRAO)<\/li>\n<li>Berufsordnung f\u00fcr Rechtsanw\u00e4lte (BORA)<\/li>\n<li>Bundesrechtsanwaltsgeb\u00fchrenordnung (BRAGO)<\/li>\n<li>Rechtsanwaltsverg\u00fctungsgesetz mit Verg\u00fctungsverzeichnis (RVG mit VV)<\/li>\n<li>Fachanwaltsordnung (FAO)<\/li>\n<li>Berufsregeln der Rechtsanw\u00e4lte der Europ\u00e4ischen Gemeinschaft (CCBE)<\/li>\n<li>Die Bundesrechtsanwaltskammer stellt im Rahmen ihres Internetangebotes eine solche Aufstellung der berufsrechtlichen Regelungen zur Erf\u00fcllung der Informationspflichten gem. \u00a7 6 TDG unter der Rubrik &#8220;Berufsrecht&#8221; zur Verf\u00fcgung, auf die hiermit ausdr\u00fccklich Bezug genommen wird.<\/li>\n<\/ul>\n<div class=\"fusion-clearfix\"><\/div><\/div><\/div><div class=\"fusion-layout-column fusion_builder_column fusion-builder-column-2 fusion_builder_column_1_1 1_1 fusion-one-full fusion-column-first fusion-column-last fusion-column-no-min-height\" style=\"--awb-bg-size:cover;--awb-margin-bottom:0px;\"><div class=\"fusion-column-wrapper fusion-flex-column-wrapper-legacy\"><div class=\"fusion-title title fusion-title-3 fusion-title-text fusion-title-size-three\"><h3 class=\"fusion-title-heading title-heading-left\" style=\"margin:0;\">Kammerzust\u00e4ndigkeit<\/h3><span class=\"awb-title-spacer\"><\/span><div class=\"title-sep-container\"><div class=\"title-sep sep-double sep-solid\" style=\"border-color:#e0dede;\"><\/div><\/div><\/div>\n<p>F\u00fcr den Rechtsanwalt Dr. Manuel Stiff und dessen T\u00e4tigkeiten als spanischer Anwalt (abogado) ist folgende Kammer zust\u00e4ndig:<\/p>\n<p>Colegio de Abogados<br \/>\nDuques de Palma, 10<br \/>\n07003 Palma de Mallorca<br \/>\nTel.: 971 714225<br \/>\nFax: 971 719206<\/p>\n<p>F\u00fcr den Rechtsanwalt Dr. Manuel Stiff und dessen T\u00e4tigkeiten als deutscher Anwalt ist folgende Kammer zust\u00e4ndig:<\/p>\n<p>Rechtsanwaltskammer beim Oberlandesgericht Hamm<br \/>\nOstenallee 18<br \/>\n59063 Hamm<br \/>\nTel: 02381 \/ 98 50 &#8211; 00<br \/>\nFax: 02381 \/ 98 50 &#8211; 50<\/p>\n<div class=\"fusion-clearfix\"><\/div><\/div><\/div><div class=\"fusion-layout-column fusion_builder_column fusion-builder-column-3 fusion_builder_column_1_1 1_1 fusion-one-full fusion-column-first fusion-column-last fusion-column-no-min-height\" style=\"--awb-bg-size:cover;--awb-margin-bottom:0px;\"><div class=\"fusion-column-wrapper fusion-flex-column-wrapper-legacy\"><div class=\"fusion-title title fusion-title-4 fusion-title-text fusion-title-size-three\"><h3 class=\"fusion-title-heading title-heading-left\" style=\"margin:0;\">Berufsbezeichnungen \/ Zulassungen<\/h3><span class=\"awb-title-spacer\"><\/span><div class=\"title-sep-container\"><div class=\"title-sep sep-double sep-solid\" style=\"border-color:#e0dede;\"><\/div><\/div><\/div>\n<p style=\"text-align: justify;\">Dr. Manuel Stiff f\u00fchrt die in Deutschland verliehene Berufsbezeichnung &#8220;Rechtsanwalt&#8221;. Dr. Manuel Stiff f\u00fchrt zus\u00e4tzlich den durch die Anwaltskammer der Balearen, Spanien, verliehenen Titel des spanischen Rechtsanwalts (abogado).<br \/>\nDr. Manuel Stiff ist sowohl zugelassener deutscher Rechtsanwalt am Landgericht und Amtsgericht M\u00fcnster, als auch zus\u00e4tzlich in Palma de Mallorca zugelassener spanischer Rechtsanwalt (abogado). Er ist damit vertretungsberechtigt vor allen deutschen und spanischen Gerichten.<\/p>\n<div class=\"fusion-clearfix\"><\/div><\/div><\/div><div class=\"fusion-layout-column fusion_builder_column fusion-builder-column-4 fusion_builder_column_1_1 1_1 fusion-one-full fusion-column-first fusion-column-last fusion-column-no-min-height\" style=\"--awb-bg-size:cover;--awb-margin-bottom:0px;\"><div class=\"fusion-column-wrapper fusion-flex-column-wrapper-legacy\"><div class=\"fusion-title title fusion-title-5 fusion-title-text fusion-title-size-three\"><h3 class=\"fusion-title-heading title-heading-left\" style=\"margin:0;\">Steuernummer \/ Umsatzsteueridentifikationsnummer<\/h3><span class=\"awb-title-spacer\"><\/span><div class=\"title-sep-container\"><div class=\"title-sep sep-double sep-solid\" style=\"border-color:#e0dede;\"><\/div><\/div><\/div>\n<p>Die Steuer- und soweit vergeben Umsatzsteueridentifikationsnummer von Dr. Manuel Stiff lauten:<\/p>\n<p>337 \/ 5232 \/ 0321<br \/>\nDE159920326<div class=\"fusion-clearfix\"><\/div><\/div><\/div><div class=\"fusion-layout-column fusion_builder_column fusion-builder-column-5 fusion_builder_column_1_1 1_1 fusion-one-full fusion-column-first fusion-column-last fusion-column-no-min-height\" style=\"--awb-bg-size:cover;--awb-margin-bottom:0px;\"><div class=\"fusion-column-wrapper fusion-flex-column-wrapper-legacy\"><div class=\"fusion-title title fusion-title-6 fusion-title-text fusion-title-size-three\"><h3 class=\"fusion-title-heading title-heading-left\" style=\"margin:0;\">Berufshaftpflichtversicherung<\/h3><span class=\"awb-title-spacer\"><\/span><div class=\"title-sep-container\"><div class=\"title-sep sep-double sep-solid\" style=\"border-color:#e0dede;\"><\/div><\/div><\/div>\n<p>Die Berufshaftpflichtversicherung von Dr. Manuel Stiff lautet:<br \/>\nHDI-Gerling Firmen und Privat Versicherung AG<br \/>\nRiethorst 2<br \/>\n30659 Hannover<\/p>\n<p style=\"text-align: justify;\">Die Berufshaftpflichtversicherung weist anstelle der f\u00fcr Rechtsanw\u00e4lte vorgeschriebenen gesetzlichen Mindestversicherungssumme von 250.000,00 EUR eine Deckungssumme von 1.000.000,00 EUR auf. Der r\u00e4umliche Geltungsbereich erstreckt sich jeweils auf das gesamte EU-Gebiet.<\/p>\n<p>In Spanien ist Dr. Manuel Stiff \u00fcber die Anwaltskammer gruppenhaftpflichversichert.<\/p>\n<div class=\"fusion-clearfix\"><\/div><\/div><\/div><div class=\"fusion-layout-column fusion_builder_column fusion-builder-column-6 fusion_builder_column_1_1 1_1 fusion-one-full fusion-column-first fusion-column-last fusion-column-no-min-height\" style=\"--awb-bg-size:cover;--awb-margin-bottom:0px;\"><div class=\"fusion-column-wrapper fusion-flex-column-wrapper-legacy\"><div class=\"fusion-title title fusion-title-7 fusion-title-text fusion-title-size-three\"><h3 class=\"fusion-title-heading title-heading-left\" style=\"margin:0;\">Hinweis nach \u00a7 33 Bundesdatenschutzgesetz (BDSG)<\/h3><span class=\"awb-title-spacer\"><\/span><div class=\"title-sep-container\"><div class=\"title-sep sep-double sep-solid\" style=\"border-color:#e0dede;\"><\/div><\/div><\/div>\n<p style=\"text-align: justify;\">Es wird ausdr\u00fccklich darauf hingewiesen, dass im Falle des Email-Kontaktes sowie im Falle einer Mandatserteilung alle f\u00fcr die Kontaktierung sowie die Mandatsbearbeitung erforderlichen pers\u00f6nlichen Daten, insbesondere Namen, Anschrift, Berufsbezeichnung, Telefon-, Fax- u. Mobilfunknummern, Email-Adressen etc., EDV-m\u00e4\u00dfig erfasst, gespeichert und verwaltet werden. Eine Weitergabe dieser Daten an Dritte ist ausgeschlossen.<\/p>\n<div class=\"fusion-clearfix\"><\/div><\/div><\/div><div class=\"fusion-layout-column fusion_builder_column fusion-builder-column-7 fusion_builder_column_1_1 1_1 fusion-one-full fusion-column-first fusion-column-last fusion-column-no-min-height\" style=\"--awb-bg-size:cover;--awb-margin-bottom:0px;\"><div class=\"fusion-column-wrapper fusion-flex-column-wrapper-legacy\"><div class=\"fusion-title title fusion-title-8 fusion-title-text fusion-title-size-three\"><h3 class=\"fusion-title-heading title-heading-left\" style=\"margin:0;\">Irrtumsvorbehalt<\/h3><span class=\"awb-title-spacer\"><\/span><div class=\"title-sep-container\"><div class=\"title-sep sep-double sep-solid\" style=\"border-color:#e0dede;\"><\/div><\/div><\/div>\n<p style=\"text-align: justify;\">Trotz aller Sorgfalt bei der Erstellung dieser Website sind Fehler nicht augeschlossen. Ich behalte mir daher das Recht auf Irrtum und \u00c4nderung von Angaben etc. ohne vorherige Ank\u00fcndigung ausdr\u00fccklich vor.<br \/>\nDie hier ausgef\u00fchrten Ansichten unterliegen st\u00e4ndigen \u00c4nderungen gesetzlicher, anwendungsrechtlicher und sonstiger Art. Es kann also keine Garantie f\u00fcr die Aktualit\u00e4t und Richtigkeit \u00fcbernommen werden. In jedem Fall ist eine rechtliche Beratung mit dem Mandanten erforderlich, um ein zugeschnittenes Konzept zu erstellen und um den ndividuellen Hintergrund des Mandanten der Rechtslage entsprechend ber\u00fccksichtigen zu k\u00f6nnen.<\/p>\n<div class=\"fusion-clearfix\"><\/div><\/div><\/div><\/div><\/div>\n","protected":false},"excerpt":{"rendered":"","protected":false},"author":3,"featured_media":0,"parent":0,"menu_order":0,"comment_status":"closed","ping_status":"closed","template":"","meta":{"footnotes":""},"class_list":["post-162","page","type-page","status-publish","hentry"],"yoast_head":"<!-- This site is optimized with the Yoast SEO plugin v24.5 - https:\/\/yoast.com\/wordpress\/plugins\/seo\/ -->\n<title>Rechtliche Hinweise - Dr. Manuel Stiff - Attorney licensed in both Spain and Germany.<\/title>\n<meta name=\"robots\" content=\"index, follow, max-snippet:-1, max-image-preview:large, max-video-preview:-1\" \/>\n<link rel=\"canonical\" href=\"https:\/\/www.stiff.es\/rechtliche-hinweise\/\" \/>\n<meta property=\"og:locale\" content=\"en_US\" \/>\n<meta property=\"og:type\" content=\"article\" \/>\n<meta property=\"og:title\" content=\"Rechtliche Hinweise - Dr. Manuel Stiff - Attorney licensed in both Spain and Germany.\" \/>\n<meta property=\"og:url\" content=\"https:\/\/www.stiff.es\/rechtliche-hinweise\/\" \/>\n<meta property=\"og:site_name\" content=\"Dr. Manuel Stiff - Attorney licensed in both Spain and Germany.\" \/>\n<meta property=\"article:modified_time\" content=\"2017-08-10T07:41:38+00:00\" \/>\n<meta name=\"twitter:card\" content=\"summary_large_image\" \/>\n<meta name=\"twitter:label1\" content=\"Est. reading time\" \/>\n\t<meta name=\"twitter:data1\" content=\"6 minutes\" \/>\n<script type=\"application\/ld+json\" class=\"yoast-schema-graph\">{\"@context\":\"https:\/\/schema.org\",\"@graph\":[{\"@type\":\"WebPage\",\"@id\":\"https:\/\/www.stiff.es\/rechtliche-hinweise\/\",\"url\":\"https:\/\/www.stiff.es\/rechtliche-hinweise\/\",\"name\":\"Rechtliche Hinweise - Dr. Manuel Stiff - Attorney licensed in both Spain and Germany.\",\"isPartOf\":{\"@id\":\"https:\/\/www.stiff.es\/#website\"},\"datePublished\":\"2015-09-12T17:17:13+00:00\",\"dateModified\":\"2017-08-10T07:41:38+00:00\",\"breadcrumb\":{\"@id\":\"https:\/\/www.stiff.es\/rechtliche-hinweise\/#breadcrumb\"},\"inLanguage\":\"en-US\",\"potentialAction\":[{\"@type\":\"ReadAction\",\"target\":[\"https:\/\/www.stiff.es\/rechtliche-hinweise\/\"]}]},{\"@type\":\"BreadcrumbList\",\"@id\":\"https:\/\/www.stiff.es\/rechtliche-hinweise\/#breadcrumb\",\"itemListElement\":[{\"@type\":\"ListItem\",\"position\":1,\"name\":\"Home\",\"item\":\"https:\/\/www.stiff.es\/en\/\"},{\"@type\":\"ListItem\",\"position\":2,\"name\":\"Rechtliche Hinweise\"}]},{\"@type\":\"WebSite\",\"@id\":\"https:\/\/www.stiff.es\/#website\",\"url\":\"https:\/\/www.stiff.es\/\",\"name\":\"Dr. Manuel Stiff - Attorney licensed in both Spain and Germany.\",\"description\":\"Eine weitere WordPress-Seite\",\"potentialAction\":[{\"@type\":\"SearchAction\",\"target\":{\"@type\":\"EntryPoint\",\"urlTemplate\":\"https:\/\/www.stiff.es\/?s={search_term_string}\"},\"query-input\":{\"@type\":\"PropertyValueSpecification\",\"valueRequired\":true,\"valueName\":\"search_term_string\"}}],\"inLanguage\":\"en-US\"}]}<\/script>\n<!-- \/ Yoast SEO plugin. -->","yoast_head_json":{"title":"Rechtliche Hinweise - Dr. Manuel Stiff - Attorney licensed in both Spain and Germany.","robots":{"index":"index","follow":"follow","max-snippet":"max-snippet:-1","max-image-preview":"max-image-preview:large","max-video-preview":"max-video-preview:-1"},"canonical":"https:\/\/www.stiff.es\/rechtliche-hinweise\/","og_locale":"en_US","og_type":"article","og_title":"Rechtliche Hinweise - Dr. Manuel Stiff - Attorney licensed in both Spain and Germany.","og_url":"https:\/\/www.stiff.es\/rechtliche-hinweise\/","og_site_name":"Dr. Manuel Stiff - Attorney licensed in both Spain and Germany.","article_modified_time":"2017-08-10T07:41:38+00:00","twitter_card":"summary_large_image","twitter_misc":{"Est. reading time":"6 minutes"},"schema":{"@context":"https:\/\/schema.org","@graph":[{"@type":"WebPage","@id":"https:\/\/www.stiff.es\/rechtliche-hinweise\/","url":"https:\/\/www.stiff.es\/rechtliche-hinweise\/","name":"Rechtliche Hinweise - Dr. Manuel Stiff - Attorney licensed in both Spain and Germany.","isPartOf":{"@id":"https:\/\/www.stiff.es\/#website"},"datePublished":"2015-09-12T17:17:13+00:00","dateModified":"2017-08-10T07:41:38+00:00","breadcrumb":{"@id":"https:\/\/www.stiff.es\/rechtliche-hinweise\/#breadcrumb"},"inLanguage":"en-US","potentialAction":[{"@type":"ReadAction","target":["https:\/\/www.stiff.es\/rechtliche-hinweise\/"]}]},{"@type":"BreadcrumbList","@id":"https:\/\/www.stiff.es\/rechtliche-hinweise\/#breadcrumb","itemListElement":[{"@type":"ListItem","position":1,"name":"Home","item":"https:\/\/www.stiff.es\/en\/"},{"@type":"ListItem","position":2,"name":"Rechtliche Hinweise"}]},{"@type":"WebSite","@id":"https:\/\/www.stiff.es\/#website","url":"https:\/\/www.stiff.es\/","name":"Dr. Manuel Stiff - Attorney licensed in both Spain and Germany.","description":"Eine weitere WordPress-Seite","potentialAction":[{"@type":"SearchAction","target":{"@type":"EntryPoint","urlTemplate":"https:\/\/www.stiff.es\/?s={search_term_string}"},"query-input":{"@type":"PropertyValueSpecification","valueRequired":true,"valueName":"search_term_string"}}],"inLanguage":"en-US"}]}},"_links":{"self":[{"href":"https:\/\/www.stiff.es\/en\/wp-json\/wp\/v2\/pages\/162","targetHints":{"allow":["GET"]}}],"collection":[{"href":"https:\/\/www.stiff.es\/en\/wp-json\/wp\/v2\/pages"}],"about":[{"href":"https:\/\/www.stiff.es\/en\/wp-json\/wp\/v2\/types\/page"}],"author":[{"embeddable":true,"href":"https:\/\/www.stiff.es\/en\/wp-json\/wp\/v2\/users\/3"}],"replies":[{"embeddable":true,"href":"https:\/\/www.stiff.es\/en\/wp-json\/wp\/v2\/comments?post=162"}],"version-history":[{"count":0,"href":"https:\/\/www.stiff.es\/en\/wp-json\/wp\/v2\/pages\/162\/revisions"}],"wp:attachment":[{"href":"https:\/\/www.stiff.es\/en\/wp-json\/wp\/v2\/media?parent=162"}],"curies":[{"name":"wp","href":"https:\/\/api.w.org\/{rel}","templated":true}]}}