{"id":1012,"date":"2019-11-09T17:48:40","date_gmt":"2019-11-09T16:48:40","guid":{"rendered":"https:\/\/www.stiff.es\/?page_id=1012"},"modified":"2025-03-27T06:51:20","modified_gmt":"2025-03-27T05:51:20","slug":"liegenschaft-auf-mallorca","status":"publish","type":"page","link":"https:\/\/www.stiff.es\/en\/liegenschaft-auf-mallorca\/","title":{"rendered":"Liegenschaft auf Mallorca"},"content":{"rendered":"<p><div class=\"fusion-fullwidth fullwidth-box fusion-builder-row-1 nonhundred-percent-fullwidth non-hundred-percent-height-scrolling\" style=\"--awb-border-radius-top-left:0px;--awb-border-radius-top-right:0px;--awb-border-radius-bottom-right:0px;--awb-border-radius-bottom-left:0px;--awb-flex-wrap:wrap;\" ><div class=\"fusion-builder-row fusion-row\"><div class=\"fusion-layout-column fusion_builder_column fusion-builder-column-0 fusion_builder_column_1_1 1_1 fusion-one-full fusion-column-first fusion-column-last\" style=\"--awb-bg-size:cover;\"><div class=\"fusion-column-wrapper fusion-column-has-shadow fusion-flex-column-wrapper-legacy\"><div class=\"fusion-text fusion-text-1\"><p style=\"text-align: justify;\">Eine traumhafte Lage und hervorragende Infrastruktur machen eine Liegenschaft auf Mallorca zu einer lohnenswerten Investition. Allerdings gibt es einige Unterschiede zwischen dem deutschen und <a title=\"spanischen Immobilienrecht\" href=\"https:\/\/www.stiff.es\/spanisches-immobilienrecht\/\">spanischen Immobilienrecht<\/a>, die Sie bei dem Kauf einer Liegenschaft beachten sollten. Lassen Sie sich diesbez\u00fcglich am besten von Rechtsanwalt Dr. Manuel Stiff beraten. Er steht Ihnen mit seiner langj\u00e4hrigen Erfahrung als <a title=\"Anwalt Mallorca\" href=\"https:\/\/www.stiff.es\/\">deutscher Rechtsanwalt und spanischer Abogado<\/a> zur Seite.<\/p>\n<\/div><div class=\"fusion-clearfix\"><\/div><\/div><\/div><\/div><\/div><div class=\"fusion-fullwidth fullwidth-box fusion-builder-row-2 nonhundred-percent-fullwidth non-hundred-percent-height-scrolling\" style=\"--awb-border-radius-top-left:0px;--awb-border-radius-top-right:0px;--awb-border-radius-bottom-right:0px;--awb-border-radius-bottom-left:0px;--awb-flex-wrap:wrap;\" ><div class=\"fusion-builder-row fusion-row\"><div class=\"fusion-layout-column fusion_builder_column fusion-builder-column-1 fusion_builder_column_1_1 1_1 fusion-one-full fusion-column-first fusion-column-last\" style=\"--awb-bg-size:cover;\"><div class=\"fusion-column-wrapper fusion-column-has-shadow fusion-flex-column-wrapper-legacy\"><div class=\"fusion-title title fusion-title-1 fusion-title-text fusion-title-size-two\"><h2 class=\"fusion-title-heading title-heading-left\" style=\"margin:0;\">Das sollten Sie beim Kauf einer Liegenschaft auf Mallorca beachten<\/h2><span class=\"awb-title-spacer\"><\/span><div class=\"title-sep-container\"><div class=\"title-sep sep-double sep-solid\" style=\"border-color:#e0dede;\"><\/div><\/div><\/div><div class=\"fusion-text fusion-text-2\"><p style=\"text-align: justify;\">Unter einer Liegenschaft versteht man Grundst\u00fccke aller Art, also sowohl bebaute als auch unbebaute. Bei dem Kauf einer solchen sollte eine notarielle Beurkundung vorliegen. Diese ist zwar nicht zwingend notwendig, aber absolut empfehlenswert, da sie der Beweisf\u00fchrung dienen kann. Die Beurkundung stellt den Zeitpunkt des Eigentumserwerbs sowie der Bezahlung dar. Um die beim Erwerb eines Grundst\u00fccks bzw. einer Immobilie anfallenden Steuern zahlen zu k\u00f6nnen, ben\u00f6tigen Sie eine spanische Steuernummer (NIE = N\u00famero de Identidad de Extranjero). Gerne k\u00fcmmern wir uns im Vorfeld darum, diese f\u00fcr Sie zu beantragen.<\/p>\n<p style=\"text-align: justify;\">Bevor Sie die Liegenschaft erwerben, sollten Sie das Grundbuch bereits durch einen Rechtsanwalt einsehen lassen. Dieser pr\u00fcft die tats\u00e4chliche Eigent\u00fcmerstellung und findet heraus, ob etwaige Belastungen wie etwa Hypotheken oder Pf\u00e4ndungen vorliegen.<\/p>\n<\/div><div class=\"fusion-clearfix\"><\/div><\/div><\/div><\/div><\/div><div class=\"fusion-fullwidth fullwidth-box fusion-builder-row-3 nonhundred-percent-fullwidth non-hundred-percent-height-scrolling\" style=\"--awb-border-radius-top-left:0px;--awb-border-radius-top-right:0px;--awb-border-radius-bottom-right:0px;--awb-border-radius-bottom-left:0px;--awb-flex-wrap:wrap;\" ><div class=\"fusion-builder-row fusion-row\"><div class=\"fusion-layout-column fusion_builder_column fusion-builder-column-2 fusion_builder_column_1_1 1_1 fusion-one-full fusion-column-first fusion-column-last\" style=\"--awb-bg-size:cover;\"><div class=\"fusion-column-wrapper fusion-column-has-shadow fusion-flex-column-wrapper-legacy\"><div class=\"fusion-title title fusion-title-2 fusion-title-text fusion-title-size-two\"><h2 class=\"fusion-title-heading title-heading-left\" style=\"margin:0;\">Kontaktieren Sie Ihren Rechtsanwalt f\u00fcr spanisches Immobilienrecht<\/h2><span class=\"awb-title-spacer\"><\/span><div class=\"title-sep-container\"><div class=\"title-sep sep-double sep-solid\" style=\"border-color:#e0dede;\"><\/div><\/div><\/div><div class=\"fusion-text fusion-text-3\"><p style=\"text-align: justify;\">M\u00f6chten Sie eine Liegenschaft auf Mallorca erwerben? Wenden Sie sich an einen erfahrenen Rechtsanwalt bzw. Abogado. Die Kanzlei Dr. Stiff &amp; Partner, bufete humano-aleman steht Ihnen mit ihrer Expertise zur Verf\u00fcgung, um Sie zu immobilienrechtlichen Fragen zu beraten und Sie beim Kauf zu unterst\u00fctzen. Vereinbaren Sie gleich einen Termin f\u00fcr ein erstes Gespr\u00e4ch!<\/p>\n<\/div><div class=\"fusion-clearfix\"><\/div><\/div><\/div><\/div><\/div><\/p>\n","protected":false},"excerpt":{"rendered":"","protected":false},"author":3,"featured_media":0,"parent":0,"menu_order":0,"comment_status":"closed","ping_status":"closed","template":"","meta":{"footnotes":""},"class_list":["post-1012","page","type-page","status-publish","hentry"],"yoast_head":"<!-- This site is optimized with the Yoast SEO plugin v24.5 - https:\/\/yoast.com\/wordpress\/plugins\/seo\/ -->\n<title>Liegenschaft auf Mallorca | Rechtsanwalt Dr. Stiff<\/title>\n<meta name=\"description\" content=\"Sie m\u00f6chten eine Liegenschaft auf Mallorca erwerben? Wenden Sie sich an Rechtsanwalt Dr. Manuel Stiff \u2013 Ihr Experte f\u00fcr spanisches Immobilienrecht!\" \/>\n<meta name=\"robots\" content=\"index, follow, max-snippet:-1, max-image-preview:large, max-video-preview:-1\" \/>\n<link rel=\"canonical\" href=\"https:\/\/www.stiff.es\/liegenschaft-auf-mallorca\/\" \/>\n<meta property=\"og:locale\" content=\"en_US\" \/>\n<meta property=\"og:type\" content=\"article\" \/>\n<meta property=\"og:title\" content=\"Liegenschaft auf Mallorca | Rechtsanwalt Dr. Stiff\" \/>\n<meta property=\"og:description\" content=\"Sie m\u00f6chten eine Liegenschaft auf Mallorca erwerben? Wenden Sie sich an Rechtsanwalt Dr. Manuel Stiff \u2013 Ihr Experte f\u00fcr spanisches Immobilienrecht!\" \/>\n<meta property=\"og:url\" content=\"https:\/\/www.stiff.es\/liegenschaft-auf-mallorca\/\" \/>\n<meta property=\"og:site_name\" content=\"Dr. Manuel Stiff - Attorney licensed in both Spain and Germany.\" \/>\n<meta property=\"article:modified_time\" content=\"2025-03-27T05:51:20+00:00\" \/>\n<meta name=\"twitter:card\" content=\"summary_large_image\" \/>\n<meta name=\"twitter:label1\" content=\"Est. reading time\" \/>\n\t<meta name=\"twitter:data1\" content=\"2 minutes\" \/>\n<script type=\"application\/ld+json\" class=\"yoast-schema-graph\">{\"@context\":\"https:\/\/schema.org\",\"@graph\":[{\"@type\":\"WebPage\",\"@id\":\"https:\/\/www.stiff.es\/liegenschaft-auf-mallorca\/\",\"url\":\"https:\/\/www.stiff.es\/liegenschaft-auf-mallorca\/\",\"name\":\"Liegenschaft auf Mallorca | Rechtsanwalt Dr. Stiff\",\"isPartOf\":{\"@id\":\"https:\/\/www.stiff.es\/#website\"},\"datePublished\":\"2019-11-09T16:48:40+00:00\",\"dateModified\":\"2025-03-27T05:51:20+00:00\",\"description\":\"Sie m\u00f6chten eine Liegenschaft auf Mallorca erwerben? Wenden Sie sich an Rechtsanwalt Dr. Manuel Stiff \u2013 Ihr Experte f\u00fcr spanisches Immobilienrecht!\",\"breadcrumb\":{\"@id\":\"https:\/\/www.stiff.es\/liegenschaft-auf-mallorca\/#breadcrumb\"},\"inLanguage\":\"en-US\",\"potentialAction\":[{\"@type\":\"ReadAction\",\"target\":[\"https:\/\/www.stiff.es\/liegenschaft-auf-mallorca\/\"]}]},{\"@type\":\"BreadcrumbList\",\"@id\":\"https:\/\/www.stiff.es\/liegenschaft-auf-mallorca\/#breadcrumb\",\"itemListElement\":[{\"@type\":\"ListItem\",\"position\":1,\"name\":\"Home\",\"item\":\"https:\/\/www.stiff.es\/en\/\"},{\"@type\":\"ListItem\",\"position\":2,\"name\":\"Liegenschaft auf Mallorca\"}]},{\"@type\":\"WebSite\",\"@id\":\"https:\/\/www.stiff.es\/#website\",\"url\":\"https:\/\/www.stiff.es\/\",\"name\":\"Dr. Manuel Stiff - Attorney licensed in both Spain and Germany.\",\"description\":\"Eine weitere WordPress-Seite\",\"potentialAction\":[{\"@type\":\"SearchAction\",\"target\":{\"@type\":\"EntryPoint\",\"urlTemplate\":\"https:\/\/www.stiff.es\/?s={search_term_string}\"},\"query-input\":{\"@type\":\"PropertyValueSpecification\",\"valueRequired\":true,\"valueName\":\"search_term_string\"}}],\"inLanguage\":\"en-US\"}]}<\/script>\n<!-- \/ Yoast SEO plugin. -->","yoast_head_json":{"title":"Liegenschaft auf Mallorca | Rechtsanwalt Dr. Stiff","description":"Sie m\u00f6chten eine Liegenschaft auf Mallorca erwerben? Wenden Sie sich an Rechtsanwalt Dr. Manuel Stiff \u2013 Ihr Experte f\u00fcr spanisches Immobilienrecht!","robots":{"index":"index","follow":"follow","max-snippet":"max-snippet:-1","max-image-preview":"max-image-preview:large","max-video-preview":"max-video-preview:-1"},"canonical":"https:\/\/www.stiff.es\/liegenschaft-auf-mallorca\/","og_locale":"en_US","og_type":"article","og_title":"Liegenschaft auf Mallorca | Rechtsanwalt Dr. Stiff","og_description":"Sie m\u00f6chten eine Liegenschaft auf Mallorca erwerben? Wenden Sie sich an Rechtsanwalt Dr. Manuel Stiff \u2013 Ihr Experte f\u00fcr spanisches Immobilienrecht!","og_url":"https:\/\/www.stiff.es\/liegenschaft-auf-mallorca\/","og_site_name":"Dr. Manuel Stiff - Attorney licensed in both Spain and Germany.","article_modified_time":"2025-03-27T05:51:20+00:00","twitter_card":"summary_large_image","twitter_misc":{"Est. reading time":"2 minutes"},"schema":{"@context":"https:\/\/schema.org","@graph":[{"@type":"WebPage","@id":"https:\/\/www.stiff.es\/liegenschaft-auf-mallorca\/","url":"https:\/\/www.stiff.es\/liegenschaft-auf-mallorca\/","name":"Liegenschaft auf Mallorca | Rechtsanwalt Dr. Stiff","isPartOf":{"@id":"https:\/\/www.stiff.es\/#website"},"datePublished":"2019-11-09T16:48:40+00:00","dateModified":"2025-03-27T05:51:20+00:00","description":"Sie m\u00f6chten eine Liegenschaft auf Mallorca erwerben? Wenden Sie sich an Rechtsanwalt Dr. Manuel Stiff \u2013 Ihr Experte f\u00fcr spanisches Immobilienrecht!","breadcrumb":{"@id":"https:\/\/www.stiff.es\/liegenschaft-auf-mallorca\/#breadcrumb"},"inLanguage":"en-US","potentialAction":[{"@type":"ReadAction","target":["https:\/\/www.stiff.es\/liegenschaft-auf-mallorca\/"]}]},{"@type":"BreadcrumbList","@id":"https:\/\/www.stiff.es\/liegenschaft-auf-mallorca\/#breadcrumb","itemListElement":[{"@type":"ListItem","position":1,"name":"Home","item":"https:\/\/www.stiff.es\/en\/"},{"@type":"ListItem","position":2,"name":"Liegenschaft auf Mallorca"}]},{"@type":"WebSite","@id":"https:\/\/www.stiff.es\/#website","url":"https:\/\/www.stiff.es\/","name":"Dr. Manuel Stiff - Attorney licensed in both Spain and Germany.","description":"Eine weitere WordPress-Seite","potentialAction":[{"@type":"SearchAction","target":{"@type":"EntryPoint","urlTemplate":"https:\/\/www.stiff.es\/?s={search_term_string}"},"query-input":{"@type":"PropertyValueSpecification","valueRequired":true,"valueName":"search_term_string"}}],"inLanguage":"en-US"}]}},"_links":{"self":[{"href":"https:\/\/www.stiff.es\/en\/wp-json\/wp\/v2\/pages\/1012","targetHints":{"allow":["GET"]}}],"collection":[{"href":"https:\/\/www.stiff.es\/en\/wp-json\/wp\/v2\/pages"}],"about":[{"href":"https:\/\/www.stiff.es\/en\/wp-json\/wp\/v2\/types\/page"}],"author":[{"embeddable":true,"href":"https:\/\/www.stiff.es\/en\/wp-json\/wp\/v2\/users\/3"}],"replies":[{"embeddable":true,"href":"https:\/\/www.stiff.es\/en\/wp-json\/wp\/v2\/comments?post=1012"}],"version-history":[{"count":3,"href":"https:\/\/www.stiff.es\/en\/wp-json\/wp\/v2\/pages\/1012\/revisions"}],"predecessor-version":[{"id":1764,"href":"https:\/\/www.stiff.es\/en\/wp-json\/wp\/v2\/pages\/1012\/revisions\/1764"}],"wp:attachment":[{"href":"https:\/\/www.stiff.es\/en\/wp-json\/wp\/v2\/media?parent=1012"}],"curies":[{"name":"wp","href":"https:\/\/api.w.org\/{rel}","templated":true}]}}